{"id":1552,"date":"2024-12-04T13:14:44","date_gmt":"2024-12-04T11:14:44","guid":{"rendered":"https:\/\/www.rosa-vita.com\/?post_type=product&#038;p=1552"},"modified":"2025-08-10T15:08:42","modified_gmt":"2025-08-10T14:08:42","slug":"medira-0-5l","status":"publish","type":"product","link":"https:\/\/www.rosa-vita.com\/hr\/product\/medira-0-5l\/","title":{"rendered":"MED(I)RA 0.5l"},"content":{"rendered":"<blockquote><p><strong>MED(I)RA<\/strong> je biljni kompleks s pove\u0107anim udjelom <strong>ru\u017emarinske kiseline (RA)<\/strong> u kombinaciji s medom, temeljen na ekstraktima aromati\u010dnih biljaka poput ru\u017emarina, lavande, komora\u010da i borovice (kleke). Ove biljke, bogate polifenolima, tradicionalno se koriste za ubla\u017eavanje raznih tegoba.\u00a0Ovaj inovativni medni napitak, zahvaljuju\u0107i visokom antioksidativnom kapacitetu, namijenjen je prije svega <strong>kratkoro\u010dnoj za\u0161titi od oksidativnog stresa<\/strong>. Sinergija ru\u017emarinske kiseline i drugih polifenolnih spojeva poma\u017ee neutralizirati \u0161tetno djelovanje slobodnih radikala (ROS) te o\u010duvati zdravlje stanica.\u00a0Med, osim \u0161to je prirodni antioksidans, djeluje i kao u\u010dinkovit transporter aktivnih tvari, omogu\u0107uju\u0107i optimalno iskori\u0161tavanje blagotvornih sastojaka ovog napitka.<\/p>\n<p>Aktivni sastojci: 100ml napitka sadr\u017ei 750 mg ukupnih polifenola.<\/p>\n<p>Na\u010din primjene: 3 x 10 ml na dan prije obroka<\/p>\n<p><strong>Sastojci<\/strong>: med, ekstrakt lista ru\u017emarina (<em>Rosmarinus officinalis leaf extract<\/em>) 18%, ekstrakt cvijeta lavande (<em>Lavandula angustifolia flower extract<\/em>) 18%, ekstrakt sjemenki obi\u010dnog komora\u010da (<em>Foeniculum vulgare seed extract<\/em>) 18%, ekstrakt ploda borovice (<em>Juniperus communis fruit extract<\/em>) 16%.<\/p>\n<p><strong>Upozorenje:<\/strong> Ne preporu\u010duje se trudnicama i dojiljama. Preporu\u010dene dnevne doze ne smiju se prekora\u010diti. Dodaci prehrani nisu nadomjestak za uravnote\u017eenu i raznovrsnu prehranu. Dr\u017eati izvan dohvata djece.\u00a0Osobe koje uzimaju lijekove trebaju se prije uzimanja posavjetovati s lije\u010dnikom. Ne preporu\u010duje se osobama s upalnim bolestima bubrega, trudnicama, dojiljama i djeci.\u00a0Proizvodu se ne pripisuju svojstva prevencije, terapije i lije\u010denja bolesti ljudi te proizvod ne upu\u0107uje na takva svojstva.<\/p>\n<p>Preporu\u010da se proizvod dr\u017eati na sobnoj temparaturi. \u010cuvati na suhom, hladnom mjestu, dalje od izravnog sun\u010devog svjetla.<\/p><\/blockquote>\n","protected":false},"excerpt":{"rendered":"<p><strong data-start=\"80\" data-end=\"92\">MED(I)RA<\/strong> je biljni kompleks (dodatak prehrani) s pove\u0107anim udjelom <strong data-start=\"132\" data-end=\"161\">ru\u017emarinske kiseline (RA)<\/strong> u kombinaciji s medom i ekstraktima aromati\u010dnih biljaka poput ru\u017emarina, lavande, komora\u010da i borovice (kleke), tradicionalno kori\u0161tenih za ubla\u017eavanje tegoba. Zahvaljuju\u0107i visokom antioksidativnom kapacitetu te sinergiji RA i drugih polifenola, ovaj inovativni napitak pru\u017ea <strong>u\u010dinkovitu kratkoro\u010dnu za\u0161titu od oksidativnog stresa<\/strong>, neutralizira slobodne radikale i poma\u017ee o\u010duvati zdravlje stanica, dok med djeluje kao prirodni antioksidans i u\u010dinkovit transporter aktivnih tvari.<\/p>\n","protected":false},"featured_media":1547,"template":"","meta":[],"product_brand":[],"product_cat":[62,52,54],"product_tag":[67],"class_list":{"0":"post-1552","1":"product","2":"type-product","3":"status-publish","4":"has-post-thumbnail","6":"product_cat-proizvodi","7":"product_cat-dodaci","8":"product_cat-medira","9":"product_tag-medira","11":"first","12":"instock","13":"shipping-taxable","14":"purchasable","15":"product-type-simple"},"_links":{"self":[{"href":"https:\/\/www.rosa-vita.com\/hr\/wp-json\/wp\/v2\/product\/1552","targetHints":{"allow":["GET"]}}],"collection":[{"href":"https:\/\/www.rosa-vita.com\/hr\/wp-json\/wp\/v2\/product"}],"about":[{"href":"https:\/\/www.rosa-vita.com\/hr\/wp-json\/wp\/v2\/types\/product"}],"version-history":[{"count":7,"href":"https:\/\/www.rosa-vita.com\/hr\/wp-json\/wp\/v2\/product\/1552\/revisions"}],"predecessor-version":[{"id":2388,"href":"https:\/\/www.rosa-vita.com\/hr\/wp-json\/wp\/v2\/product\/1552\/revisions\/2388"}],"wp:featuredmedia":[{"embeddable":true,"href":"https:\/\/www.rosa-vita.com\/hr\/wp-json\/wp\/v2\/media\/1547"}],"wp:attachment":[{"href":"https:\/\/www.rosa-vita.com\/hr\/wp-json\/wp\/v2\/media?parent=1552"}],"wp:term":[{"taxonomy":"product_brand","embeddable":true,"href":"https:\/\/www.rosa-vita.com\/hr\/wp-json\/wp\/v2\/product_brand?post=1552"},{"taxonomy":"product_cat","embeddable":true,"href":"https:\/\/www.rosa-vita.com\/hr\/wp-json\/wp\/v2\/product_cat?post=1552"},{"taxonomy":"product_tag","embeddable":true,"href":"https:\/\/www.rosa-vita.com\/hr\/wp-json\/wp\/v2\/product_tag?post=1552"}],"curies":[{"name":"wp","href":"https:\/\/api.w.org\/{rel}","templated":true}]}}