{"id":1134,"date":"2024-11-27T13:21:13","date_gmt":"2024-11-27T11:21:13","guid":{"rendered":"https:\/\/www.rosa-vita.com\/?post_type=product&#038;p=1134"},"modified":"2025-08-10T15:19:55","modified_gmt":"2025-08-10T14:19:55","slug":"supple-skin-oil","status":"publish","type":"product","link":"https:\/\/www.rosa-vita.com\/hr\/product\/supple-skin-oil\/","title":{"rendered":"Njeguju\u0107e ulje za tijelo"},"content":{"rendered":"<p>Njeguju\u0107e anti-age ulje formulirano za dubinsku njegu i hidrataciju zrele ko\u017ee, \u010dine\u0107i je otpornijom, gla\u0111om i elasti\u010dnijom.\u00a0Sadr\u017ei hranjivu mje\u0161avinu ulja slatkog badema, \u0161ipkovog ulja i maslinovog ulja, oboga\u0107enu kompleksom eteri\u010dnih ulja prirodnih hranjivih sastojaka te bogatim uljem smilja koje poti\u010de regeneraciju ko\u017ee.\u00a0Biolo\u0161ki aktivna ru\u017emarinska kiselina djeluje sna\u017eno protiv starenja:<\/p>\n<ul>\n<li>obnavlja ko\u017eu kod o\u0161te\u0107enja, bora i o\u017eiljaka<\/li>\n<li>umiruje iritacije<\/li>\n<li>poti\u010de mikrocirkulaciju<\/li>\n<li>neutralizira oksidativno djelovanje na proteine i lipide stani\u010dnih membrana, sprje\u010davaju\u0107i nastanak slobodnih radikala \u2013 jednog od glavnih uzroka preranog starenja ko\u017ee<\/li>\n<\/ul>\n<p><strong>U\u010dinak<\/strong>: Ko\u017ea postaje meka, podatna i dugotrajno hidratizirana, a uz redovitu uporabu vra\u0107a joj se prirodna \u010dvrsto\u0107a i blistavost.<\/p>\n<p><strong>Sastojci<\/strong>: Prunus amygdalus dulcis oil, Rosa canina fruit oil, Olea europaea fruit oil, Hypericum perforatum flower extract, Glycerin, Pittosporum viridiflorum flower extract, Tocopherol, Phytonadione, Coco-Caprylate, Rosmarinic acid, Citric acid, Helichrysum italicum flower oil, Rosmarinus officinalis leaf oil, Melissa officinalis leaf extract, Magnolia sieboldii flower oil, Lavandula angustifolia flower oil, Sadr\u017ei linalool i geraniol\u00a0 (prirodno prisutan u kori\u0161tenim sastojcima).<\/p>\n","protected":false},"excerpt":{"rendered":"<p><strong data-start=\"42\" data-end=\"69\">Njeguju\u0107e anti-age ulje<\/strong> za dubinsku njegu i hidrataciju zrele ko\u017ee, \u010dini je otpornijom, gla\u0111om i elasti\u010dnijom. Kombinacija ulja slatkog badema, \u0161ipkovog i maslinovog ulja, smilja te ru\u017emarinske kiseline poti\u010de regeneraciju, umiruje iritacije, pobolj\u0161ava mikrocirkulaciju i \u0161titi od preranog starenja.<\/p>\n<p>100ml<\/p>\n","protected":false},"featured_media":1551,"template":"","meta":[],"product_brand":[],"product_cat":[62,53],"product_tag":[68],"class_list":{"0":"post-1134","1":"product","2":"type-product","3":"status-publish","4":"has-post-thumbnail","6":"product_cat-proizvodi","7":"product_cat-kozmetika","8":"product_tag-ulje","10":"first","11":"instock","12":"shipping-taxable","13":"purchasable","14":"product-type-simple"},"_links":{"self":[{"href":"https:\/\/www.rosa-vita.com\/hr\/wp-json\/wp\/v2\/product\/1134","targetHints":{"allow":["GET"]}}],"collection":[{"href":"https:\/\/www.rosa-vita.com\/hr\/wp-json\/wp\/v2\/product"}],"about":[{"href":"https:\/\/www.rosa-vita.com\/hr\/wp-json\/wp\/v2\/types\/product"}],"version-history":[{"count":12,"href":"https:\/\/www.rosa-vita.com\/hr\/wp-json\/wp\/v2\/product\/1134\/revisions"}],"predecessor-version":[{"id":2394,"href":"https:\/\/www.rosa-vita.com\/hr\/wp-json\/wp\/v2\/product\/1134\/revisions\/2394"}],"wp:featuredmedia":[{"embeddable":true,"href":"https:\/\/www.rosa-vita.com\/hr\/wp-json\/wp\/v2\/media\/1551"}],"wp:attachment":[{"href":"https:\/\/www.rosa-vita.com\/hr\/wp-json\/wp\/v2\/media?parent=1134"}],"wp:term":[{"taxonomy":"product_brand","embeddable":true,"href":"https:\/\/www.rosa-vita.com\/hr\/wp-json\/wp\/v2\/product_brand?post=1134"},{"taxonomy":"product_cat","embeddable":true,"href":"https:\/\/www.rosa-vita.com\/hr\/wp-json\/wp\/v2\/product_cat?post=1134"},{"taxonomy":"product_tag","embeddable":true,"href":"https:\/\/www.rosa-vita.com\/hr\/wp-json\/wp\/v2\/product_tag?post=1134"}],"curies":[{"name":"wp","href":"https:\/\/api.w.org\/{rel}","templated":true}]}}