{"id":1130,"date":"2024-11-27T13:19:35","date_gmt":"2024-11-27T11:19:35","guid":{"rendered":"https:\/\/www.rosa-vita.com\/?post_type=product&#038;p=1130"},"modified":"2025-08-10T15:41:54","modified_gmt":"2025-08-10T14:41:54","slug":"natural-night-cream","status":"publish","type":"product","link":"https:\/\/www.rosa-vita.com\/hr\/product\/natural-night-cream\/","title":{"rendered":"No\u0107na krema za njegu lica"},"content":{"rendered":"<p><strong>Bogato hranjiva no\u0107na krema<\/strong> s izvanrednim anti-age svojstvima, formulirana za obnovu ko\u017ee tijekom no\u0107i. Temelji se na sinergiji smilja (<em>Helichrysum italicum<\/em>) i biolo\u0161ki aktivne ru\u017emarinske kiseline (RA), poznatih po sna\u017enom antioksidativnom, regenerativnom i umiruju\u0107em djelovanju.<\/p>\n<p><strong>Djelovanje<\/strong>:<\/p>\n<ul>\n<li>poti\u010de regeneraciju ko\u017ee kod o\u0161te\u0107enja, bora i o\u017eiljaka<\/li>\n<li>umiruje iritacije i crvenilo<\/li>\n<li>pobolj\u0161ava mikrocirkulaciju<\/li>\n<li>neutralizira oksidativno o\u0161te\u0107enje proteina i lipida stani\u010dnih membrana, \u010dime sprje\u010dava djelovanje slobodnih radikala (ROS) i usporava proces preranog starenja ko\u017ee<\/li>\n<\/ul>\n<p><strong>Klju\u010dni sastojci i njihovo djelovanje<\/strong>:<\/p>\n<ul>\n<li>Smilje \u2013 sna\u017eno protuupalno i regenerativno djelovanje, poti\u010de zacjeljivanje i pobolj\u0161ava elasti\u010dnost ko\u017ee<\/li>\n<li>Ru\u017emarinska kiselina (RA) \u2013 neutralizira slobodne radikale i \u0161titi strukturu ko\u017ee<\/li>\n<li>Hladno pre\u0161ana biljna ulja \u2013 bogata polifenolima, vitaminima E i K, te masnim kiselinama, dubinski hrane i obnavljaju ko\u017eu<\/li>\n<li>Ekstrakt prave lavande \u2013 poti\u010de regeneraciju stanica, djeluje protuupalno, poma\u017ee kod psorijaze, seboreje, ekcema, neurodermitisa, akni i umiruje opekline<\/li>\n<li>Ulje kantariona (Hypericum perforatum) \u2013 ubrzava zacjeljivanje manjih rana i opekotina, a tradicionalno se koristi i za ubla\u017eavanje simptoma sezonske depresije, umora i PMS-a<\/li>\n<\/ul>\n<p><strong>Tekstura i u\u010dinak<\/strong>: krema se lako upija, ostavljaju\u0107i ko\u017eu nahranjenom, obnovljenom i vidljivo gla\u0111om ve\u0107 nakon prvih kori\u0161tenja. Redovitom primjenom smanjuje vidljivost bora, vra\u0107a elasti\u010dnost i pru\u017ea osje\u0107aj ugode tijekom no\u0107nog odmora.<\/p>\n<p><strong>Sastojci<\/strong>: Helichrysum italicum flower water, Olea europaea fruit oil, Butyrospermum parkii (shea) butter, Hypericum perforatum flower extract, Laurus nobilis leaf water, Rosmarinus officinalis leaf water, Pelargonium graveolens flower water, Lavandula angustifolia flower water, Glycerin, Cera alba, Phytonadione, Rosmarinic acid, Citric acid, Helichrysum italicum flower oil, Laurus nobilis leaf oil, Rosmarinus officinalis leaf oil, Lavandula angustifolia flower oil, Salvia officinalis leaf oil, Juniperus communis fruit oil, Coco-Caprylate, Pittosporum viridiflorum flower extract, Tocopherol, Phytonadione, Sadr\u017ei linalool i geraniol\u00a0 (prirodno prisutan u kori\u0161tenim sastojcima).<\/p>\n","protected":false},"excerpt":{"rendered":"<p>Bogato hranjiva no\u0107na krema s izvanrednim anti-age djelovanjem obnavlja ko\u017eu kod o\u0161te\u0107enja, bora i o\u017eiljaka, umiruje iritacije te poti\u010de mikrocirkulaciju. Sna\u017eno antioksidativno djelovanje usporava prerano starenje i vra\u0107a ko\u017ei elasti\u010dnost i glatko\u0107u.<\/p>\n<p>100ml<\/p>\n","protected":false},"featured_media":1548,"template":"","meta":[],"product_brand":[],"product_cat":[62,53],"product_tag":[69],"class_list":{"0":"post-1130","1":"product","2":"type-product","3":"status-publish","4":"has-post-thumbnail","6":"product_cat-proizvodi","7":"product_cat-kozmetika","8":"product_tag-nocna-krema","10":"first","11":"instock","12":"shipping-taxable","13":"purchasable","14":"product-type-simple"},"_links":{"self":[{"href":"https:\/\/www.rosa-vita.com\/hr\/wp-json\/wp\/v2\/product\/1130","targetHints":{"allow":["GET"]}}],"collection":[{"href":"https:\/\/www.rosa-vita.com\/hr\/wp-json\/wp\/v2\/product"}],"about":[{"href":"https:\/\/www.rosa-vita.com\/hr\/wp-json\/wp\/v2\/types\/product"}],"version-history":[{"count":9,"href":"https:\/\/www.rosa-vita.com\/hr\/wp-json\/wp\/v2\/product\/1130\/revisions"}],"predecessor-version":[{"id":2403,"href":"https:\/\/www.rosa-vita.com\/hr\/wp-json\/wp\/v2\/product\/1130\/revisions\/2403"}],"wp:featuredmedia":[{"embeddable":true,"href":"https:\/\/www.rosa-vita.com\/hr\/wp-json\/wp\/v2\/media\/1548"}],"wp:attachment":[{"href":"https:\/\/www.rosa-vita.com\/hr\/wp-json\/wp\/v2\/media?parent=1130"}],"wp:term":[{"taxonomy":"product_brand","embeddable":true,"href":"https:\/\/www.rosa-vita.com\/hr\/wp-json\/wp\/v2\/product_brand?post=1130"},{"taxonomy":"product_cat","embeddable":true,"href":"https:\/\/www.rosa-vita.com\/hr\/wp-json\/wp\/v2\/product_cat?post=1130"},{"taxonomy":"product_tag","embeddable":true,"href":"https:\/\/www.rosa-vita.com\/hr\/wp-json\/wp\/v2\/product_tag?post=1130"}],"curies":[{"name":"wp","href":"https:\/\/api.w.org\/{rel}","templated":true}]}}