{"id":1123,"date":"2024-11-27T13:17:28","date_gmt":"2024-11-27T11:17:28","guid":{"rendered":"https:\/\/www.rosa-vita.com\/?post_type=product&#038;p=1123"},"modified":"2025-08-10T15:53:47","modified_gmt":"2025-08-10T14:53:47","slug":"relaxira","status":"publish","type":"product","link":"https:\/\/www.rosa-vita.com\/hr\/product\/relaxira\/","title":{"rendered":"RELAX(I)RA"},"content":{"rendered":"<p><strong>RELAX(I)RA<\/strong> je funkcionalni napitak s ekstraktom cvijeta prave lavande (<em>Lavandula officinalis<\/em>), ljekovite biljke poznate po svom umiruju\u0107em djelovanju, koja doprinosi opu\u0161tanju i odr\u017eavanju normalnog sna. Proizveden je patentiranim postupkom ekstrakcije polifenola i njihovog intenziviranja, \u0161to ga \u010dini posebno u\u010dinkovitim u borbi protiv stresa izazvanog slobodnim radikalima te u prevenciji tegoba povezanih s nesanicom, tjeskobom i depresijom.<\/p>\n<p>Aktivni sastojci uklju\u010duju ru\u017emarinsku kiselinu, terpene i terpenoide, odgovorne za antioksidativna, antibakterijska, antivirusna i druga blagotvorna svojstva. Me\u0111u glavnim komponentama nalaze se oksidirani monoterpeni iz ekstrakta lista ru\u017emarina (<em>Rosmarinus officinalis leaf extract<\/em>), poput verbenona, \u03b1-terpineola i 1,8-cineola te linalool iz ekstrakta cvijeta lavande (<em>Lavandula officinalis flower extract<\/em>).<\/p>\n<p>Terpeni djeluju antioksidativno izravnom neutralizacijom slobodnih radikala (ROS) i poticanjem endogenih antioksidansa, \u0161to doprinosi njihovom relaksiraju\u0107em u\u010dinku. Osim toga, mogu djelovati kao imunostimulansi, utjecati na procese zgru\u0161avanja krvi te povoljno djelovati kod kroni\u010dnih stanja poput kardiovaskularnih bolesti, dijabetesa, Alzheimerove bolesti i drugih.<\/p>\n<p><strong>Na\u010din pripreme napitka:<\/strong> za pripremu RELAX(I)RA napitka potrebno je 100 mL koncentrata pomije\u0161ati s 900 mL vode. Preporu\u010duje se konzumirati tijekom treninga ili tijekom dana, a tako\u0111er je pogodan i za pripremu proteinskih napitaka, shakeova i ostalih napitaka kojima je potrebno pobolj\u0161ati okus. 100ml pripravljenog (razrije\u0111enog) napitka sadr\u017ei 7,5 mg ukupnih polifenola.<\/p>\n<p>Maksimalno dozvoljena dnevna koli\u010dina je 3 L pripravljenog (razrije\u0111enog) napitka.<\/p>\n<p>1 litra RELAX(I)RA daje 10 litara gotovog napitka.<\/p>\n<p><strong>Sastojci<\/strong>: ekstrakt lista ru\u017emarina (<em>Rosmarinus officinalis leaf extract<\/em>) 25%, ekstrakt cvijeta lavande (<em>Lavandula officinalis flower extract<\/em>) 25%, ekstrakt lista mati\u010dnjaka (<em>Melissa officinalis leaf extract<\/em>) 25%, ekstrakt lista vrste iglice (<em>Geranium leaf extract<\/em>) 25%. Bez dodanih \u0161e\u0107era.<\/p>\n<p><strong>Upozorenje:<\/strong> Ne preporu\u010duje se trudnicama i dojiljama. Preporu\u010dene dnevne doze ne smiju se prekora\u010diti. Dodaci prehrani nisu nadomjestak za uravnote\u017eenu i raznovrsnu prehranu. Dr\u017eati izvan dohvata djece. Osobe koje uzimaju lijekove trebaju se prije uzimanja posavjetovati s lije\u010dnikom. Ne preporu\u010duje se osobama s upalnim bolestima bubrega, trudnicama, dojiljama i djeci. Proizvodu se ne pripisuju svojstva prevencije, terapije i lije\u010denja bolesti ljudi te proizvod ne upu\u0107uje na takva svojstva.<\/p>\n<p>Preporu\u010da se proizvod dr\u017eati na sobnoj temparaturi. \u010cuvati na suhom, hladnom mjestu, dalje od izravnog sun\u010devog svjetla.<\/p>\n","protected":false},"excerpt":{"rendered":"<p>RELAX(I)RA je funkcionalni napitak s ekstraktom cvijeta prave lavande koji poma\u017ee opu\u0161tanju i odr\u017eavanju normalnog sna. Zahvaljuju\u0107i visokom udjelu polifenola, pru\u017ea antioksidativnu za\u0161titu i podupire smanjenje stresa te pobolj\u0161anje op\u0107eg blagostanja.<\/p>\n<p>1000 ml<\/p>\n","protected":false},"featured_media":1608,"template":"","meta":[],"product_brand":[],"product_cat":[66,62,52],"product_tag":[74,73],"class_list":{"0":"post-1123","1":"product","2":"type-product","3":"status-publish","4":"has-post-thumbnail","6":"product_cat-funkcionalni-napitci","7":"product_cat-proizvodi","8":"product_cat-dodaci","9":"product_tag-relaksira","10":"product_tag-relaxira","12":"first","13":"instock","14":"shipping-taxable","15":"purchasable","16":"product-type-simple"},"_links":{"self":[{"href":"https:\/\/www.rosa-vita.com\/hr\/wp-json\/wp\/v2\/product\/1123","targetHints":{"allow":["GET"]}}],"collection":[{"href":"https:\/\/www.rosa-vita.com\/hr\/wp-json\/wp\/v2\/product"}],"about":[{"href":"https:\/\/www.rosa-vita.com\/hr\/wp-json\/wp\/v2\/types\/product"}],"version-history":[{"count":6,"href":"https:\/\/www.rosa-vita.com\/hr\/wp-json\/wp\/v2\/product\/1123\/revisions"}],"predecessor-version":[{"id":2410,"href":"https:\/\/www.rosa-vita.com\/hr\/wp-json\/wp\/v2\/product\/1123\/revisions\/2410"}],"wp:featuredmedia":[{"embeddable":true,"href":"https:\/\/www.rosa-vita.com\/hr\/wp-json\/wp\/v2\/media\/1608"}],"wp:attachment":[{"href":"https:\/\/www.rosa-vita.com\/hr\/wp-json\/wp\/v2\/media?parent=1123"}],"wp:term":[{"taxonomy":"product_brand","embeddable":true,"href":"https:\/\/www.rosa-vita.com\/hr\/wp-json\/wp\/v2\/product_brand?post=1123"},{"taxonomy":"product_cat","embeddable":true,"href":"https:\/\/www.rosa-vita.com\/hr\/wp-json\/wp\/v2\/product_cat?post=1123"},{"taxonomy":"product_tag","embeddable":true,"href":"https:\/\/www.rosa-vita.com\/hr\/wp-json\/wp\/v2\/product_tag?post=1123"}],"curies":[{"name":"wp","href":"https:\/\/api.w.org\/{rel}","templated":true}]}}