{"id":1086,"date":"2024-11-26T15:09:09","date_gmt":"2024-11-26T13:09:09","guid":{"rendered":"https:\/\/www.rosa-vita.com\/?post_type=product&#038;p=1086"},"modified":"2025-08-10T16:17:43","modified_gmt":"2025-08-10T15:17:43","slug":"medira-chill","status":"publish","type":"product","link":"https:\/\/www.rosa-vita.com\/hr\/product\/medira-chill\/","title":{"rendered":"MED(I)RA chill"},"content":{"rendered":"<p><strong>MED(I)RA chill<\/strong> je dodatak prehrani u obliku mednog napitka s visokim antioksidativnim kapacitetom. Sadr\u017ei ru\u017emarinsku kiselinu i ekstrakt citronovca &#8211; limunske verbene (Lippia citriodora), poznate po svojim toni\u010dnim i umiruju\u0107im svojstvima. Redovita konzumacija mo\u017ee doprinijeti:<\/p>\n<ul>\n<li>smanjenju stresa i napetosti<\/li>\n<li>pobolj\u0161anju kvalitete sna<\/li>\n<\/ul>\n<p>Limunska verbena ili \u201cLouisa\u201d zbog svojih sedativnih i miorelaksantnih svojstava tradicionalno se koristi protiv depresije. MED(I)RA chill posjeduje svojstva antioksidativnog, protuupalnog i antiparazitskog djelovanja te je tako izvrstan saveznik za postizanje zdravije i ljep\u0161e ko\u017ee.<\/p>\n<p><strong>Na\u010din primjene<\/strong>: 3 x 10 ml na dan prije obroka<\/p>\n<p><strong>Sastojci<\/strong>: med, ekstrakt lista citronovca (Lippia citriodora) 18%, ekstrakt lista ru\u017emarina (Rosmarinus officinalis) 18%, ekstrakt cvijeta lavande (Lavandula angustifolia) 18%, ekstrakt sjemenki obi\u010dnog komora\u010da (Foeniculum vulgare) 10%, ekstrakt ploda borovice (Juniperus communis) 6%.<\/p>\n<p><strong>Upozorenje:<\/strong> Ne preporu\u010duje se trudnicama i dojiljama. Preporu\u010dene dnevne doze ne smiju se prekora\u010diti. Dodaci prehrani nisu nadomjestak za uravnote\u017eenu i raznovrsnu prehranu. Dr\u017eati izvan dohvata djece. Osobe koje uzimaju lijekove trebaju se prije uzimanja posavjetovati s lije\u010dnikom. Ne preporu\u010duje se osobama s upalnim bolestima bubrega, trudnicama, dojiljama i djeci. Proizvodu se ne pripisuju svojstva prevencije, terapije i lije\u010denja bolesti ljudi te proizvod ne upu\u0107uje na takva svojstva.<\/p>\n<p>Preporu\u010da se proizvod dr\u017eati na sobnoj temparaturi. \u010cuvati na suhom i hladnom mjestu, dalje od izravnog sun\u010devog svjetla.<\/p>\n","protected":false},"excerpt":{"rendered":"<p>MED(I)RA chill (dodatak prehrani) je medni napitak s visokim antioksidativnim kapacitetom koji, zahvaljuju\u0107i ru\u017emarinskoj kiselini i ekstraktu limunske verbene <span class=\"fontstyle0\">(Lippia citriodora<\/span>), poma\u017ee u ubla\u017eavanju stresa i pobolj\u0161anju kvalitete sna. Djeluje umiruju\u0107e, protuupalno i podr\u017eava zdravlje ko\u017ee.<\/p>\n<p>15 x 10 ml<\/p>\n","protected":false},"featured_media":1557,"template":"","meta":[],"product_brand":[],"product_cat":[64,62,52,54],"product_tag":[67,77],"class_list":{"0":"post-1086","1":"product","2":"type-product","3":"status-publish","4":"has-post-thumbnail","6":"product_cat-imuno-shot-15","7":"product_cat-proizvodi","8":"product_cat-dodaci","9":"product_cat-medira","10":"product_tag-medira","11":"product_tag-shot","13":"first","14":"instock","15":"shipping-taxable","16":"purchasable","17":"product-type-simple"},"_links":{"self":[{"href":"https:\/\/www.rosa-vita.com\/hr\/wp-json\/wp\/v2\/product\/1086","targetHints":{"allow":["GET"]}}],"collection":[{"href":"https:\/\/www.rosa-vita.com\/hr\/wp-json\/wp\/v2\/product"}],"about":[{"href":"https:\/\/www.rosa-vita.com\/hr\/wp-json\/wp\/v2\/types\/product"}],"version-history":[{"count":11,"href":"https:\/\/www.rosa-vita.com\/hr\/wp-json\/wp\/v2\/product\/1086\/revisions"}],"predecessor-version":[{"id":2424,"href":"https:\/\/www.rosa-vita.com\/hr\/wp-json\/wp\/v2\/product\/1086\/revisions\/2424"}],"wp:featuredmedia":[{"embeddable":true,"href":"https:\/\/www.rosa-vita.com\/hr\/wp-json\/wp\/v2\/media\/1557"}],"wp:attachment":[{"href":"https:\/\/www.rosa-vita.com\/hr\/wp-json\/wp\/v2\/media?parent=1086"}],"wp:term":[{"taxonomy":"product_brand","embeddable":true,"href":"https:\/\/www.rosa-vita.com\/hr\/wp-json\/wp\/v2\/product_brand?post=1086"},{"taxonomy":"product_cat","embeddable":true,"href":"https:\/\/www.rosa-vita.com\/hr\/wp-json\/wp\/v2\/product_cat?post=1086"},{"taxonomy":"product_tag","embeddable":true,"href":"https:\/\/www.rosa-vita.com\/hr\/wp-json\/wp\/v2\/product_tag?post=1086"}],"curies":[{"name":"wp","href":"https:\/\/api.w.org\/{rel}","templated":true}]}}