{"id":1085,"date":"2024-11-26T15:09:01","date_gmt":"2024-11-26T13:09:01","guid":{"rendered":"https:\/\/www.rosa-vita.com\/?post_type=product&#038;p=1085"},"modified":"2025-08-10T16:18:03","modified_gmt":"2025-08-10T15:18:03","slug":"medira-digestion","status":"publish","type":"product","link":"https:\/\/www.rosa-vita.com\/hr\/product\/medira-digestion\/","title":{"rendered":"MED(I)RA digestion"},"content":{"rendered":"<p><strong>MED(I)RA digestion<\/strong> je dodatak prehrani u obliku mednog napitka s visokim antioksidativnim kapacitetom. Sadr\u017ei <strong>ru\u017emarinsku kiselinu<\/strong> i ekstrakt <strong>ploda divlje ru\u017ee &#8211; \u0161ipka<\/strong> (Rosa canina fruit extract), bogat vitaminima A, B, C, D i E, mineralima, karotenoidima i fenolnim spojevima poput tanina, flavonoida, fenolnih kiselina i antocijana.<\/p>\n<p>Zahvaljuju\u0107i visokom udjelu vitamina C i fenolnih spojeva, poznatih po sna\u017enom neutraliziranju slobodnih radikala, ovaj napitak:<\/p>\n<ul>\n<li>poja\u010dava ukupni antioksidativni u\u010dinak<\/li>\n<li>poti\u010de izlu\u010divanje probavnih sokova<\/li>\n<li>podr\u017eava zdravu probavnu funkciju<\/li>\n<\/ul>\n<p><strong>Na\u010din primjene<\/strong>: 3 x 10 ml na dan prije obroka<\/p>\n<p><strong>Sastojci<\/strong>: med, ekstrakt ploda divlje ru\u017ee &#8211; \u0161ipka (Rosa canina) 18%, ekstrakt lista ru\u017emarina (Rosmarinus officinalis) 18%, ekstrakt cvijeta lavande (Lavandula angustifolia) 18%, ekstrakt sjemenki obi\u010dnog komora\u010da (Foeniculum vulgare) 10%, ekstrakt ploda borovice (Juniperus communis) 6%.<\/p>\n<p><strong>Upozorenje:<\/strong> Ne preporu\u010duje se trudnicama i dojiljama. Preporu\u010dene dnevne doze ne smiju se prekora\u010diti. Dodaci prehrani nisu nadomjestak za uravnote\u017eenu i raznovrsnu prehranu. Dr\u017eati izvan dohvata djece. Osobe koje uzimaju lijekove trebaju se prije uzimanja posavjetovati s lije\u010dnikom. Ne preporu\u010duje se osobama s upalnim bolestima bubrega, trudnicama, dojiljama i djeci. Proizvodu se ne pripisuju svojstva prevencije, terapije i lije\u010denja bolesti ljudi te proizvod ne upu\u0107uje na takva svojstva.<\/p>\n<p>Preporu\u010da se proizvod dr\u017eati na sobnoj temparaturi. \u010cuvati na suhom i hladnom mjestu, dalje od izravnog sun\u010devog svjetla.<\/p>\n","protected":false},"excerpt":{"rendered":"<p>MED(I)RA digestion (dodatak prehrani) je medni napitak s visokim antioksidativnim kapacitetom koji, zahvaljuju\u0107i ru\u017emarinskoj kiselini i ekstraktu divlje ru\u017ee, poti\u010de izlu\u010divanje probavnih sokova te podr\u017eava zdravu i uravnote\u017eenu probavnu funkciju.<\/p>\n<p>15 x 10 ml<\/p>\n","protected":false},"featured_media":1542,"template":"","meta":[],"product_brand":[],"product_cat":[64,62,52,54],"product_tag":[67,77],"class_list":{"0":"post-1085","1":"product","2":"type-product","3":"status-publish","4":"has-post-thumbnail","6":"product_cat-imuno-shot-15","7":"product_cat-proizvodi","8":"product_cat-dodaci","9":"product_cat-medira","10":"product_tag-medira","11":"product_tag-shot","13":"first","14":"instock","15":"shipping-taxable","16":"purchasable","17":"product-type-simple"},"_links":{"self":[{"href":"https:\/\/www.rosa-vita.com\/hr\/wp-json\/wp\/v2\/product\/1085","targetHints":{"allow":["GET"]}}],"collection":[{"href":"https:\/\/www.rosa-vita.com\/hr\/wp-json\/wp\/v2\/product"}],"about":[{"href":"https:\/\/www.rosa-vita.com\/hr\/wp-json\/wp\/v2\/types\/product"}],"version-history":[{"count":10,"href":"https:\/\/www.rosa-vita.com\/hr\/wp-json\/wp\/v2\/product\/1085\/revisions"}],"predecessor-version":[{"id":2425,"href":"https:\/\/www.rosa-vita.com\/hr\/wp-json\/wp\/v2\/product\/1085\/revisions\/2425"}],"wp:featuredmedia":[{"embeddable":true,"href":"https:\/\/www.rosa-vita.com\/hr\/wp-json\/wp\/v2\/media\/1542"}],"wp:attachment":[{"href":"https:\/\/www.rosa-vita.com\/hr\/wp-json\/wp\/v2\/media?parent=1085"}],"wp:term":[{"taxonomy":"product_brand","embeddable":true,"href":"https:\/\/www.rosa-vita.com\/hr\/wp-json\/wp\/v2\/product_brand?post=1085"},{"taxonomy":"product_cat","embeddable":true,"href":"https:\/\/www.rosa-vita.com\/hr\/wp-json\/wp\/v2\/product_cat?post=1085"},{"taxonomy":"product_tag","embeddable":true,"href":"https:\/\/www.rosa-vita.com\/hr\/wp-json\/wp\/v2\/product_tag?post=1085"}],"curies":[{"name":"wp","href":"https:\/\/api.w.org\/{rel}","templated":true}]}}