{"id":1083,"date":"2024-11-26T15:08:36","date_gmt":"2024-11-26T13:08:36","guid":{"rendered":"https:\/\/www.rosa-vita.com\/?post_type=product&#038;p=1083"},"modified":"2025-08-10T16:28:24","modified_gmt":"2025-08-10T15:28:24","slug":"medira-protect","status":"publish","type":"product","link":"https:\/\/www.rosa-vita.com\/hr\/product\/medira-protect\/","title":{"rendered":"MED(I)RA protect"},"content":{"rendered":"<p><strong>MED(I)RA protect<\/strong> je dodatak prehrani u obliku mednog napitka s visokim antioksidativnim kapacitetom. Sadr\u017ei ru\u017emarinsku kiselinu s ekstraktom ru\u017emarina i karnosolnu kiselinu, koje poma\u017eu u neutraliziranju slobodnih radikala te \u0161tite stanice od oksidativnog stresa.<\/p>\n<p>Redovita konzumacija mo\u017ee doprinijeti:<\/p>\n<ul>\n<li>smanjenju bolova u mi\u0161i\u0107ima<\/li>\n<li>pobolj\u0161anju pam\u0107enja i koncentracije<\/li>\n<li>ja\u010danju imunolo\u0161kog sustava<\/li>\n<li>poticanju zdravog rasta kose<\/li>\n<li>za\u0161titi ko\u017ee od UV o\u0161te\u0107enja i podr\u017eavanju prirodnog, gracioznog starenja<\/li>\n<\/ul>\n<p><strong>Na\u010din primjene<\/strong>: 3 x 10 ml na dan prije obroka<\/p>\n<p><strong>Sastojci<\/strong>: med, ekstrakt lista ru\u017emarina (Rosmarinus officinalis) 18%, ekstrakt cvijeta lavande (Lavandula angustifolia) 18%, ekstrakt lista mati\u010dnjaka (Melissa officinalis) 18%, ekstrakt sjemenki obi\u010dnog komora\u010da (Foeniculum vulgare) 10%, ekstrakt ploda borovice (Juniperus communis) 6%<\/p>\n<p><strong>Upozorenje:<\/strong> Ne preporu\u010duje se trudnicama i dojiljama. Preporu\u010dene dnevne doze ne smiju se prekora\u010diti. Dodaci prehrani nisu nadomjestak za uravnote\u017eenu i raznovrsnu prehranu. Dr\u017eati izvan dohvata djece. Osobe koje uzimaju lijekove trebaju se prije uzimanja posavjetovati s lije\u010dnikom. Ne preporu\u010duje se osobama s upalnim bolestima bubrega, trudnicama, dojiljama i djeci. Proizvodu se ne pripisuju svojstva prevencije, terapije i lije\u010denja bolesti ljudi te proizvod ne upu\u0107uje na takva svojstva.<\/p>\n<p>Preporu\u010da se proizvod dr\u017eati na sobnoj temparaturi. \u010cuvati na suhom i hladnom mjestu, dalje od izravnog sun\u010devog svjetla.<\/p>\n","protected":false},"excerpt":{"rendered":"<p>MED(I)RA protect (dodatak prehrani) je medni napitak s visokim antioksidativnim kapacitetom koji, zahvaljuju\u0107i ru\u017emarinskoj i karnosolnoj kiselini iz ekstrakta ru\u017emarina, poma\u017ee neutralizirati slobodne radikale te podr\u017eava zdravlje mi\u0161i\u0107a, pam\u0107enje, imunitet, rast kose i za\u0161titu ko\u017ee od UV o\u0161te\u0107enja.<\/p>\n<p>15 x 10 ml<\/p>\n","protected":false},"featured_media":1549,"template":"","meta":[],"product_brand":[],"product_cat":[64,62,52,54],"product_tag":[67,77],"class_list":{"0":"post-1083","1":"product","2":"type-product","3":"status-publish","4":"has-post-thumbnail","6":"product_cat-imuno-shot-15","7":"product_cat-proizvodi","8":"product_cat-dodaci","9":"product_cat-medira","10":"product_tag-medira","11":"product_tag-shot","13":"first","14":"instock","15":"shipping-taxable","16":"purchasable","17":"product-type-simple"},"_links":{"self":[{"href":"https:\/\/www.rosa-vita.com\/hr\/wp-json\/wp\/v2\/product\/1083","targetHints":{"allow":["GET"]}}],"collection":[{"href":"https:\/\/www.rosa-vita.com\/hr\/wp-json\/wp\/v2\/product"}],"about":[{"href":"https:\/\/www.rosa-vita.com\/hr\/wp-json\/wp\/v2\/types\/product"}],"version-history":[{"count":9,"href":"https:\/\/www.rosa-vita.com\/hr\/wp-json\/wp\/v2\/product\/1083\/revisions"}],"predecessor-version":[{"id":2428,"href":"https:\/\/www.rosa-vita.com\/hr\/wp-json\/wp\/v2\/product\/1083\/revisions\/2428"}],"wp:featuredmedia":[{"embeddable":true,"href":"https:\/\/www.rosa-vita.com\/hr\/wp-json\/wp\/v2\/media\/1549"}],"wp:attachment":[{"href":"https:\/\/www.rosa-vita.com\/hr\/wp-json\/wp\/v2\/media?parent=1083"}],"wp:term":[{"taxonomy":"product_brand","embeddable":true,"href":"https:\/\/www.rosa-vita.com\/hr\/wp-json\/wp\/v2\/product_brand?post=1083"},{"taxonomy":"product_cat","embeddable":true,"href":"https:\/\/www.rosa-vita.com\/hr\/wp-json\/wp\/v2\/product_cat?post=1083"},{"taxonomy":"product_tag","embeddable":true,"href":"https:\/\/www.rosa-vita.com\/hr\/wp-json\/wp\/v2\/product_tag?post=1083"}],"curies":[{"name":"wp","href":"https:\/\/api.w.org\/{rel}","templated":true}]}}