{"id":1082,"date":"2024-11-26T15:07:53","date_gmt":"2024-11-26T13:07:53","guid":{"rendered":"https:\/\/www.rosa-vita.com\/?post_type=product&#038;p=1082"},"modified":"2025-08-10T16:21:34","modified_gmt":"2025-08-10T15:21:34","slug":"medira-balance","status":"publish","type":"product","link":"https:\/\/www.rosa-vita.com\/hr\/product\/medira-balance\/","title":{"rendered":"MED(I)RA balance"},"content":{"rendered":"<p><strong>MED(I)RA balance<\/strong> je dodatak prehrani u obliku mednog napitka s visokim antioksidativnim kapacitetom. Sadr\u017ei <strong>ru\u017emarinsku kiselinu<\/strong> s ekstraktom <strong>mirte<\/strong> (Myrtus communis L.) iz bobica, sjemenki, li\u0161\u0107a i cvjetova, bogat antioksidansima koji poma\u017eu u za\u0161titi organizma od \u0161tetnih tvari.<\/p>\n<p>Redovita konzumacija mo\u017ee doprinijeti:<\/p>\n<ul>\n<li>za\u0161titi od te\u0161kih metala, pesticida i drugih toksina iz okoli\u0161a<\/li>\n<li>smanjenju \u0161tete uzrokovane dugotrajnom izlo\u017eeno\u0161\u0107u toksinima, zra\u010denju ili alkoholnoj intoksikaciji<\/li>\n<li>potpori detoksikaciji kod izlo\u017eenosti mikotoksinima<\/li>\n<li>reguliranju probave i poticanju energetske ravnote\u017ee<\/li>\n<\/ul>\n<p><strong>\u00a0<\/strong><strong>Na\u010din primjene<\/strong>: 3 x 10 ml na dan prije obroka<\/p>\n<p><strong>Sastojci<\/strong>: med, ekstrakt ploda mr\u010de (Myrtus communis) 18%, ekstrakt lista ru\u017emarina (Rosmarinus officinalis) 18%, ekstrakt cvijeta lavande (Lavandula angustifolia) 10%, ekstrakt lista mr\u010de (Myrtus communis) 9%, ekstrakt sjemenki obi\u010dnog komora\u010da (Foeniculum vulgare) 9%, ekstrakt ploda borovice (Juniperus communis) 6%.<\/p>\n<p><strong>Upozorenje:<\/strong> Ne preporu\u010duje se trudnicama i dojiljama. Preporu\u010dene dnevne doze ne smiju se prekora\u010diti. Dodaci prehrani nisu nadomjestak za uravnote\u017eenu i raznovrsnu prehranu. Dr\u017eati izvan dohvata djece. Osobe koje uzimaju lijekove trebaju se prije uzimanja posavjetovati s lije\u010dnikom. Ne preporu\u010duje se osobama s upalnim bolestima bubrega, trudnicama, dojiljama i djeci. Proizvodu se ne pripisuju svojstva prevencije, terapije i lije\u010denja bolesti ljudi te proizvod ne upu\u0107uje na takva svojstva.<\/p>\n<p>Preporu\u010da se proizvod dr\u017eati na sobnoj temparaturi. \u010cuvati na suhom i hladnom mjestu, dalje od izravnog sun\u010devog svjetla.<\/p>\n","protected":false},"excerpt":{"rendered":"<p>MED(I)RA balance (dodatak prehrani) je medni napitak s visokim antioksidativnim kapacitetom koji, zahvaljuju\u0107i ru\u017emarinskoj kiselini i ekstraktu mirte, poma\u017ee za\u0161tititi organizam od \u0161tetnih tvari poput te\u0161kih metala, pesticida i drugih toksina te ubla\u017eiti posljedice dugotrajne izlo\u017eenosti toksinima, mikotoksinima, <span class=\"fontstyle0\">alkoholnoj intoksikaciji<\/span>\u00a0i zra\u010denju.<\/p>\n<p>15 x 10 ml<\/p>\n","protected":false},"featured_media":1880,"template":"","meta":[],"product_brand":[],"product_cat":[64,62,52,54],"product_tag":[67,77],"class_list":{"0":"post-1082","1":"product","2":"type-product","3":"status-publish","4":"has-post-thumbnail","6":"product_cat-imuno-shot-15","7":"product_cat-proizvodi","8":"product_cat-dodaci","9":"product_cat-medira","10":"product_tag-medira","11":"product_tag-shot","13":"first","14":"instock","15":"shipping-taxable","16":"purchasable","17":"product-type-simple"},"_links":{"self":[{"href":"https:\/\/www.rosa-vita.com\/hr\/wp-json\/wp\/v2\/product\/1082","targetHints":{"allow":["GET"]}}],"collection":[{"href":"https:\/\/www.rosa-vita.com\/hr\/wp-json\/wp\/v2\/product"}],"about":[{"href":"https:\/\/www.rosa-vita.com\/hr\/wp-json\/wp\/v2\/types\/product"}],"version-history":[{"count":8,"href":"https:\/\/www.rosa-vita.com\/hr\/wp-json\/wp\/v2\/product\/1082\/revisions"}],"predecessor-version":[{"id":2427,"href":"https:\/\/www.rosa-vita.com\/hr\/wp-json\/wp\/v2\/product\/1082\/revisions\/2427"}],"wp:featuredmedia":[{"embeddable":true,"href":"https:\/\/www.rosa-vita.com\/hr\/wp-json\/wp\/v2\/media\/1880"}],"wp:attachment":[{"href":"https:\/\/www.rosa-vita.com\/hr\/wp-json\/wp\/v2\/media?parent=1082"}],"wp:term":[{"taxonomy":"product_brand","embeddable":true,"href":"https:\/\/www.rosa-vita.com\/hr\/wp-json\/wp\/v2\/product_brand?post=1082"},{"taxonomy":"product_cat","embeddable":true,"href":"https:\/\/www.rosa-vita.com\/hr\/wp-json\/wp\/v2\/product_cat?post=1082"},{"taxonomy":"product_tag","embeddable":true,"href":"https:\/\/www.rosa-vita.com\/hr\/wp-json\/wp\/v2\/product_tag?post=1082"}],"curies":[{"name":"wp","href":"https:\/\/api.w.org\/{rel}","templated":true}]}}