{"id":9,"date":"2024-10-14T12:13:47","date_gmt":"2024-10-14T10:13:47","guid":{"rendered":"https:\/\/www.rosa-vita.com\/cart\/"},"modified":"2024-12-18T14:15:04","modified_gmt":"2024-12-18T13:15:04","slug":"cart","status":"publish","type":"page","link":"https:\/\/www.rosa-vita.com\/hr\/cart\/","title":{"rendered":"Cart"},"content":{"rendered":"\n<div data-block-name=\"woocommerce\/cart\" class=\"wp-block-woocommerce-cart alignwide is-loading\">\n<div data-block-name=\"woocommerce\/filled-cart-block\" class=\"wp-block-woocommerce-filled-cart-block\">\n<div data-block-name=\"woocommerce\/cart-items-block\" class=\"wp-block-woocommerce-cart-items-block\">\n<div data-block-name=\"woocommerce\/cart-line-items-block\" class=\"wp-block-woocommerce-cart-line-items-block\"><\/div>\n\n\n\n<div data-block-name=\"woocommerce\/cart-cross-sells-block\" class=\"wp-block-woocommerce-cart-cross-sells-block\">\n<h2 class=\"wp-block-heading has-large-font-size\">You may be interested in\u2026<\/h2>\n\n\n\n<div data-block-name=\"woocommerce\/cart-cross-sells-products-block\" class=\"wp-block-woocommerce-cart-cross-sells-products-block\"><\/div>\n<\/div>\n<\/div>\n\n\n\n<div data-block-name=\"woocommerce\/cart-totals-block\" class=\"wp-block-woocommerce-cart-totals-block\">\n<div data-block-name=\"woocommerce\/cart-order-summary-block\" class=\"wp-block-woocommerce-cart-order-summary-block\">\n<div data-block-name=\"woocommerce\/cart-order-summary-heading-block\" class=\"wp-block-woocommerce-cart-order-summary-heading-block\"><\/div><div data-block-name=\"woocommerce\/cart-order-summary-coupon-form-block\" class=\"wp-block-woocommerce-cart-order-summary-coupon-form-block\"><\/div><div data-block-name=\"woocommerce\/cart-order-summary-totals-block\" class=\"wp-block-woocommerce-cart-order-summary-totals-block\">\n<div data-block-name=\"woocommerce\/cart-order-summary-subtotal-block\" class=\"wp-block-woocommerce-cart-order-summary-subtotal-block\"><\/div>\n<div data-block-name=\"woocommerce\/cart-order-summary-discount-block\" class=\"wp-block-woocommerce-cart-order-summary-discount-block\"><\/div>\n<div data-block-name=\"woocommerce\/cart-order-summary-fee-block\" class=\"wp-block-woocommerce-cart-order-summary-fee-block\"><\/div>\n<div data-block-name=\"woocommerce\/cart-order-summary-shipping-block\" class=\"wp-block-woocommerce-cart-order-summary-shipping-block\"><\/div>\n<div data-block-name=\"woocommerce\/cart-order-summary-taxes-block\" class=\"wp-block-woocommerce-cart-order-summary-taxes-block\"><\/div><\/div>\n<\/div>\n\n\n\n<div data-block-name=\"woocommerce\/cart-express-payment-block\" class=\"wp-block-woocommerce-cart-express-payment-block\"><\/div>\n\n\n\n<div data-block-name=\"woocommerce\/proceed-to-checkout-block\" class=\"wp-block-woocommerce-proceed-to-checkout-block\"><\/div>\n\n\n\n<div data-block-name=\"woocommerce\/cart-accepted-payment-methods-block\" class=\"wp-block-woocommerce-cart-accepted-payment-methods-block\"><\/div>\n<\/div>\n<\/div>\n\n\n\n<div data-block-name=\"woocommerce\/empty-cart-block\" class=\"wp-block-woocommerce-empty-cart-block\">\n<h2 class=\"wp-block-heading has-text-align-center with-empty-cart-icon wc-block-cart__empty-cart__title\">Your cart is currently empty!<\/h2>\n\n\n\n<hr class=\"wp-block-separator has-alpha-channel-opacity is-style-dots\"\/>\n\n\n\n<h2 class=\"wp-block-heading has-text-align-center\">New in store<\/h2>\n\n\n<div data-block-name=\"woocommerce\/product-new\" data-columns=\"4\" data-rows=\"1\" class=\"wc-block-grid wp-block-product-new wp-block-woocommerce-product-new wc-block-product-new has-4-columns\"><ul class=\"wc-block-grid__products\"><li class=\"wc-block-grid__product\">\n\t\t\t\t<a href=\"https:\/\/www.rosa-vita.com\/hr\/product\/medira-0-5l\/\" class=\"wc-block-grid__product-link\">\n\t\t\t\t\t\n\t\t\t\t\t<div class=\"wc-block-grid__product-image\"><img fetchpriority=\"high\" decoding=\"async\" width=\"500\" height=\"500\" src=\"https:\/\/www.rosa-vita.com\/wp-content\/uploads\/2024\/12\/Medira-manja-1200-500x500.jpg\" class=\"attachment-woocommerce_thumbnail size-woocommerce_thumbnail\" alt=\"MED(I)RA 0.5l\" srcset=\"https:\/\/www.rosa-vita.com\/wp-content\/uploads\/2024\/12\/Medira-manja-1200-500x500.jpg 500w, https:\/\/www.rosa-vita.com\/wp-content\/uploads\/2024\/12\/Medira-manja-1200-300x300.jpg 300w, https:\/\/www.rosa-vita.com\/wp-content\/uploads\/2024\/12\/Medira-manja-1200-1024x1024.jpg 1024w, https:\/\/www.rosa-vita.com\/wp-content\/uploads\/2024\/12\/Medira-manja-1200-150x150.jpg 150w, https:\/\/www.rosa-vita.com\/wp-content\/uploads\/2024\/12\/Medira-manja-1200-768x768.jpg 768w, https:\/\/www.rosa-vita.com\/wp-content\/uploads\/2024\/12\/Medira-manja-1200-1100x1100.jpg 1100w, https:\/\/www.rosa-vita.com\/wp-content\/uploads\/2024\/12\/Medira-manja-1200-100x100.jpg 100w, https:\/\/www.rosa-vita.com\/wp-content\/uploads\/2024\/12\/Medira-manja-1200.jpg 1200w\" sizes=\"(max-width: 500px) 100vw, 500px\" \/><\/div>\n\t\t\t\t\t<div class=\"wc-block-grid__product-title\">MED(I)RA 0.5l<\/div>\n\t\t\t\t<\/a>\n\t\t\t\t<div class=\"wc-block-grid__product-price price\"><span class=\"woocommerce-Price-amount amount\"><span class=\"woocommerce-Price-currencySymbol\">&euro;<\/span>60.00<\/span><\/div>\n\t\t\t\t\n\t\t\t\t<div class=\"wp-block-button wc-block-grid__product-add-to-cart\"><a href=\"\/hr\/wp-json\/wp\/v2\/pages\/9?add-to-cart=1552\" aria-label=\"Dodaj u ko\u0161aricu: &quot;MED(I)RA 0.5l&quot;\" data-quantity=\"1\" data-product_id=\"1552\" data-product_sku=\"\" data-price=\"60\" rel=\"nofollow\" class=\"wp-block-button__link  add_to_cart_button ajax_add_to_cart\">Dodaj u ko\u0161aricu<\/a><\/div>\n\t\t\t<\/li><li class=\"wc-block-grid__product\">\n\t\t\t\t<a href=\"https:\/\/www.rosa-vita.com\/hr\/product\/medira-1l\/\" class=\"wc-block-grid__product-link\">\n\t\t\t\t\t\n\t\t\t\t\t<div class=\"wc-block-grid__product-image\"><img decoding=\"async\" width=\"500\" height=\"500\" src=\"https:\/\/www.rosa-vita.com\/wp-content\/uploads\/2024\/12\/Medira-1200-500x500.jpg\" class=\"attachment-woocommerce_thumbnail size-woocommerce_thumbnail\" alt=\"MED(I)RA 1l\" srcset=\"https:\/\/www.rosa-vita.com\/wp-content\/uploads\/2024\/12\/Medira-1200-500x500.jpg 500w, https:\/\/www.rosa-vita.com\/wp-content\/uploads\/2024\/12\/Medira-1200-300x300.jpg 300w, https:\/\/www.rosa-vita.com\/wp-content\/uploads\/2024\/12\/Medira-1200-1024x1024.jpg 1024w, https:\/\/www.rosa-vita.com\/wp-content\/uploads\/2024\/12\/Medira-1200-150x150.jpg 150w, https:\/\/www.rosa-vita.com\/wp-content\/uploads\/2024\/12\/Medira-1200-768x768.jpg 768w, https:\/\/www.rosa-vita.com\/wp-content\/uploads\/2024\/12\/Medira-1200-1100x1100.jpg 1100w, https:\/\/www.rosa-vita.com\/wp-content\/uploads\/2024\/12\/Medira-1200-100x100.jpg 100w, https:\/\/www.rosa-vita.com\/wp-content\/uploads\/2024\/12\/Medira-1200.jpg 1200w\" sizes=\"(max-width: 500px) 100vw, 500px\" \/><\/div>\n\t\t\t\t\t<div class=\"wc-block-grid__product-title\">MED(I)RA 1l<\/div>\n\t\t\t\t<\/a>\n\t\t\t\t<div class=\"wc-block-grid__product-price price\"><span class=\"woocommerce-Price-amount amount\"><span class=\"woocommerce-Price-currencySymbol\">&euro;<\/span>100.00<\/span><\/div>\n\t\t\t\t\n\t\t\t\t<div class=\"wp-block-button wc-block-grid__product-add-to-cart\"><a href=\"\/hr\/wp-json\/wp\/v2\/pages\/9?add-to-cart=1252\" aria-label=\"Dodaj u ko\u0161aricu: &quot;MED(I)RA 1l&quot;\" data-quantity=\"1\" data-product_id=\"1252\" data-product_sku=\"\" data-price=\"100\" rel=\"nofollow\" class=\"wp-block-button__link  add_to_cart_button ajax_add_to_cart\">Dodaj u ko\u0161aricu<\/a><\/div>\n\t\t\t<\/li><li class=\"wc-block-grid__product\">\n\t\t\t\t<a href=\"https:\/\/www.rosa-vita.com\/hr\/product\/supple-skin-oil\/\" class=\"wc-block-grid__product-link\">\n\t\t\t\t\t\n\t\t\t\t\t<div class=\"wc-block-grid__product-image\"><img decoding=\"async\" width=\"500\" height=\"500\" src=\"https:\/\/www.rosa-vita.com\/wp-content\/uploads\/2024\/12\/Ulje-1200-500x500.jpg\" class=\"attachment-woocommerce_thumbnail size-woocommerce_thumbnail\" alt=\"Njeguju\u0107e ulje za tijelo\" srcset=\"https:\/\/www.rosa-vita.com\/wp-content\/uploads\/2024\/12\/Ulje-1200-500x500.jpg 500w, https:\/\/www.rosa-vita.com\/wp-content\/uploads\/2024\/12\/Ulje-1200-300x300.jpg 300w, https:\/\/www.rosa-vita.com\/wp-content\/uploads\/2024\/12\/Ulje-1200-1024x1024.jpg 1024w, https:\/\/www.rosa-vita.com\/wp-content\/uploads\/2024\/12\/Ulje-1200-150x150.jpg 150w, https:\/\/www.rosa-vita.com\/wp-content\/uploads\/2024\/12\/Ulje-1200-768x768.jpg 768w, https:\/\/www.rosa-vita.com\/wp-content\/uploads\/2024\/12\/Ulje-1200-1100x1100.jpg 1100w, https:\/\/www.rosa-vita.com\/wp-content\/uploads\/2024\/12\/Ulje-1200-100x100.jpg 100w, https:\/\/www.rosa-vita.com\/wp-content\/uploads\/2024\/12\/Ulje-1200.jpg 1200w\" sizes=\"(max-width: 500px) 100vw, 500px\" \/><\/div>\n\t\t\t\t\t<div class=\"wc-block-grid__product-title\">Njeguju\u0107e ulje za tijelo<\/div>\n\t\t\t\t<\/a>\n\t\t\t\t<div class=\"wc-block-grid__product-price price\"><span class=\"woocommerce-Price-amount amount\"><span class=\"woocommerce-Price-currencySymbol\">&euro;<\/span>65.00<\/span><\/div>\n\t\t\t\t\n\t\t\t\t<div class=\"wp-block-button wc-block-grid__product-add-to-cart\"><a href=\"\/hr\/wp-json\/wp\/v2\/pages\/9?add-to-cart=1134\" aria-label=\"Dodaj u ko\u0161aricu: &quot;Njeguju\u0107e ulje za tijelo&quot;\" data-quantity=\"1\" data-product_id=\"1134\" data-product_sku=\"\" data-price=\"65\" rel=\"nofollow\" class=\"wp-block-button__link  add_to_cart_button ajax_add_to_cart\">Dodaj u ko\u0161aricu<\/a><\/div>\n\t\t\t<\/li><li class=\"wc-block-grid__product\">\n\t\t\t\t<a href=\"https:\/\/www.rosa-vita.com\/hr\/product\/natural-eye-gel\/\" class=\"wc-block-grid__product-link\">\n\t\t\t\t\t\n\t\t\t\t\t<div class=\"wc-block-grid__product-image\"><img loading=\"lazy\" decoding=\"async\" width=\"500\" height=\"500\" src=\"https:\/\/www.rosa-vita.com\/wp-content\/uploads\/2024\/12\/Gel-1200-500x500.jpg\" class=\"attachment-woocommerce_thumbnail size-woocommerce_thumbnail\" alt=\"Gel za podru\u010dje oko o\u010diju\" srcset=\"https:\/\/www.rosa-vita.com\/wp-content\/uploads\/2024\/12\/Gel-1200-500x500.jpg 500w, https:\/\/www.rosa-vita.com\/wp-content\/uploads\/2024\/12\/Gel-1200-300x300.jpg 300w, https:\/\/www.rosa-vita.com\/wp-content\/uploads\/2024\/12\/Gel-1200-1024x1024.jpg 1024w, https:\/\/www.rosa-vita.com\/wp-content\/uploads\/2024\/12\/Gel-1200-150x150.jpg 150w, https:\/\/www.rosa-vita.com\/wp-content\/uploads\/2024\/12\/Gel-1200-768x768.jpg 768w, https:\/\/www.rosa-vita.com\/wp-content\/uploads\/2024\/12\/Gel-1200-1100x1100.jpg 1100w, https:\/\/www.rosa-vita.com\/wp-content\/uploads\/2024\/12\/Gel-1200-100x100.jpg 100w, https:\/\/www.rosa-vita.com\/wp-content\/uploads\/2024\/12\/Gel-1200.jpg 1200w\" sizes=\"(max-width: 500px) 100vw, 500px\" \/><\/div>\n\t\t\t\t\t<div class=\"wc-block-grid__product-title\">Gel za podru\u010dje oko o\u010diju<\/div>\n\t\t\t\t<\/a>\n\t\t\t\t<div class=\"wc-block-grid__product-price price\"><span class=\"woocommerce-Price-amount amount\"><span class=\"woocommerce-Price-currencySymbol\">&euro;<\/span>36.00<\/span><\/div>\n\t\t\t\t\n\t\t\t\t<div class=\"wp-block-button wc-block-grid__product-add-to-cart\"><a href=\"\/hr\/wp-json\/wp\/v2\/pages\/9?add-to-cart=1132\" aria-label=\"Dodaj u ko\u0161aricu: &quot;Gel za podru\u010dje oko o\u010diju&quot;\" data-quantity=\"1\" data-product_id=\"1132\" data-product_sku=\"\" data-price=\"36\" rel=\"nofollow\" class=\"wp-block-button__link  add_to_cart_button ajax_add_to_cart\">Dodaj u ko\u0161aricu<\/a><\/div>\n\t\t\t<\/li><\/ul><\/div><\/div>\n<\/div>\n","protected":false},"excerpt":{"rendered":"","protected":false},"author":1,"featured_media":0,"parent":0,"menu_order":0,"comment_status":"closed","ping_status":"closed","template":"","meta":{"footnotes":""},"class_list":["post-9","page","type-page","status-publish","hentry"],"post-meta":{"_edit_last":["1"],"_wp_page_template":["default"],"_edit_lock":["1754830384:6"],"_elementor_edit_mode":["builder"],"_elementor_template_type":["wp-page"],"_elementor_version":["3.26.0"],"_elementor_pro_version":["3.25.4"],"_eb_reusable_block_ids":["a:0:{}"],"_elementor_page_assets":["a:0:{}"],"_elementor_css":["a:7:{s:4:\"time\";i:1775668929;s:5:\"fonts\";a:0:{}s:5:\"icons\";a:0:{}s:20:\"dynamic_elements_ids\";a:0:{}s:6:\"status\";s:5:\"empty\";i:0;s:0:\"\";s:3:\"css\";s:0:\"\";}"]},"_links":{"self":[{"href":"https:\/\/www.rosa-vita.com\/hr\/wp-json\/wp\/v2\/pages\/9","targetHints":{"allow":["GET"]}}],"collection":[{"href":"https:\/\/www.rosa-vita.com\/hr\/wp-json\/wp\/v2\/pages"}],"about":[{"href":"https:\/\/www.rosa-vita.com\/hr\/wp-json\/wp\/v2\/types\/page"}],"author":[{"embeddable":true,"href":"https:\/\/www.rosa-vita.com\/hr\/wp-json\/wp\/v2\/users\/1"}],"replies":[{"embeddable":true,"href":"https:\/\/www.rosa-vita.com\/hr\/wp-json\/wp\/v2\/comments?post=9"}],"version-history":[{"count":1,"href":"https:\/\/www.rosa-vita.com\/hr\/wp-json\/wp\/v2\/pages\/9\/revisions"}],"predecessor-version":[{"id":950,"href":"https:\/\/www.rosa-vita.com\/hr\/wp-json\/wp\/v2\/pages\/9\/revisions\/950"}],"wp:attachment":[{"href":"https:\/\/www.rosa-vita.com\/hr\/wp-json\/wp\/v2\/media?parent=9"}],"curies":[{"name":"wp","href":"https:\/\/api.w.org\/{rel}","templated":true}]}}