{"id":1834,"date":"2024-12-12T11:19:35","date_gmt":"2024-12-12T09:19:35","guid":{"rendered":"https:\/\/www.rosa-vita.com\/?page_id=1834"},"modified":"2025-02-05T11:17:05","modified_gmt":"2025-02-05T10:17:05","slug":"mediji","status":"publish","type":"page","link":"https:\/\/www.rosa-vita.com\/hr\/mediji\/","title":{"rendered":"Mediji"},"content":{"rendered":"\t\t<div data-elementor-type=\"wp-page\" data-elementor-id=\"1834\" class=\"elementor elementor-1834\">\n\t\t\t\t<div class=\"elementor-element elementor-element-74d08bd e-flex e-con-boxed e-con e-parent\" data-id=\"74d08bd\" data-element_type=\"container\">\n\t\t\t\t\t<div class=\"e-con-inner\">\n\t\t\t\t<div class=\"elementor-element elementor-element-6daa90f elementor-widget elementor-widget-heading\" data-id=\"6daa90f\" data-element_type=\"widget\" data-widget_type=\"heading.default\">\n\t\t\t\t<div class=\"elementor-widget-container\">\n\t\t\t\t\t<h2 class=\"elementor-heading-title elementor-size-default\">Mediji<\/h2>\t\t\t\t<\/div>\n\t\t\t\t<\/div>\n\t\t\t\t<div class=\"elementor-element elementor-element-2165d07 elementor-widget-divider--view-line elementor-widget elementor-widget-divider\" data-id=\"2165d07\" data-element_type=\"widget\" data-widget_type=\"divider.default\">\n\t\t\t\t<div class=\"elementor-widget-container\">\n\t\t\t\t\t\t\t<div class=\"elementor-divider\">\n\t\t\t<span class=\"elementor-divider-separator\">\n\t\t\t\t\t\t<\/span>\n\t\t<\/div>\n\t\t\t\t\t\t<\/div>\n\t\t\t\t<\/div>\n\t\t\t\t\t<\/div>\n\t\t\t\t<\/div>\n\t\t<div class=\"elementor-element elementor-element-5e88409 e-flex e-con-boxed e-con e-parent\" data-id=\"5e88409\" data-element_type=\"container\">\n\t\t\t\t\t<div class=\"e-con-inner\">\n\t\t\t\t<div class=\"elementor-element elementor-element-0bcfa3d elementor-widget elementor-widget-text-editor\" data-id=\"0bcfa3d\" data-element_type=\"widget\" data-widget_type=\"text-editor.default\">\n\t\t\t\t<div class=\"elementor-widget-container\">\n\t\t\t\t\t\t\t\t\t<p>Tekst o Svijetu biljaka iz Glasa Istre mo\u017eete preuzeti <a href=\"https:\/\/www.rosa-vita.com\/wp-content\/uploads\/2024\/12\/Mediji-o-fitoaromi_Glas-istre.pdf\">OVDJE<\/a>.<\/p><p>Inovatorstvo, intervju sa Mijom Miljakom mo\u017eete preuzeti <a href=\"https:\/\/www.rosa-vita.com\/wp-content\/uploads\/2024\/12\/inovatorstvo-mijo-milljak-intervju_com_pdf.pdf\">OVDJE.<\/a><\/p><p>Teskt iz \u0161tampanog izdanja Glasa Istre mo\u017eete preuzeti <a href=\"https:\/\/www.rosa-vita.com\/wp-content\/uploads\/2024\/12\/SVIJET-BILJAKA-ZAGREBCANI-U-SB-30.05.2023.pdf\">OVDJE<\/a>.<\/p><p>Tekst iz \u0161tampanog izdanja \u010dasopisa Glorija mo\u017eete preuzeti <a href=\"https:\/\/www.rosa-vita.com\/wp-content\/uploads\/2024\/12\/GLORIJA-IN.pdf\">OVDJE<\/a>.<\/p>\t\t\t\t\t\t\t\t<\/div>\n\t\t\t\t<\/div>\n\t\t\t\t\t<\/div>\n\t\t\t\t<\/div>\n\t\t\t\t<\/div>\n\t\t","protected":false},"excerpt":{"rendered":"<p>Mediji Tekst o Svijetu biljaka iz Glasa Istre mo\u017eete preuzeti OVDJE. Inovatorstvo, intervju sa Mijom Miljakom mo\u017eete preuzeti OVDJE. Teskt&#8230;<\/p>\n","protected":false},"author":1,"featured_media":0,"parent":0,"menu_order":0,"comment_status":"closed","ping_status":"closed","template":"","meta":{"footnotes":""},"class_list":["post-1834","page","type-page","status-publish","hentry"],"post-meta":{"_elementor_edit_mode":["builder"],"_elementor_template_type":["wp-page"],"_elementor_version":["3.27.3"],"_edit_lock":["1738750620:1"],"_wp_page_template":["default"],"_elementor_page_settings":["a:1:{s:18:\"eael_ext_toc_title\";s:17:\"Table of Contents\";}"],"_elementor_data":["[{\"id\":\"74d08bd\",\"elType\":\"container\",\"settings\":[],\"elements\":[{\"id\":\"6daa90f\",\"elType\":\"widget\",\"settings\":{\"title\":\"Mediji\",\"align\":\"center\",\"text_shadow_text_shadow_type\":\"yes\",\"text_shadow_text_shadow\":{\"horizontal\":2,\"vertical\":0,\"blur\":2,\"color\":\"rgba(0,0,0,0.3)\"}},\"elements\":[],\"widgetType\":\"heading\"},{\"id\":\"2165d07\",\"elType\":\"widget\",\"settings\":{\"width\":{\"unit\":\"%\",\"size\":70,\"sizes\":[]},\"align\":\"center\",\"text\":\"Divider\",\"color\":\"#C2996B\",\"weight\":{\"unit\":\"px\",\"size\":2.5,\"sizes\":[]},\"gap\":{\"unit\":\"px\",\"size\":5,\"sizes\":[]}},\"elements\":[],\"widgetType\":\"divider\"}],\"isInner\":false},{\"id\":\"5e88409\",\"elType\":\"container\",\"settings\":[],\"elements\":[{\"id\":\"0bcfa3d\",\"elType\":\"widget\",\"settings\":{\"editor\":\"<p>Tekst o Svijetu biljaka iz Glasa Istre mo\\u017eete preuzeti <a href=\\\"https:\\\/\\\/www.rosa-vita.com\\\/wp-content\\\/uploads\\\/2024\\\/12\\\/Mediji-o-fitoaromi_Glas-istre.pdf\\\">OVDJE<\\\/a>.<\\\/p><p>Inovatorstvo, intervju sa Mijom Miljakom mo\\u017eete preuzeti <a href=\\\"https:\\\/\\\/www.rosa-vita.com\\\/wp-content\\\/uploads\\\/2024\\\/12\\\/inovatorstvo-mijo-milljak-intervju_com_pdf.pdf\\\">OVDJE.<\\\/a><\\\/p><p>Teskt iz \\u0161tampanog izdanja Glasa Istre mo\\u017eete preuzeti <a href=\\\"https:\\\/\\\/www.rosa-vita.com\\\/wp-content\\\/uploads\\\/2024\\\/12\\\/SVIJET-BILJAKA-ZAGREBCANI-U-SB-30.05.2023.pdf\\\">OVDJE<\\\/a>.<\\\/p><p>Tekst iz \\u0161tampanog izdanja \\u010dasopisa Glorija mo\\u017eete preuzeti <a href=\\\"https:\\\/\\\/www.rosa-vita.com\\\/wp-content\\\/uploads\\\/2024\\\/12\\\/GLORIJA-IN.pdf\\\">OVDJE<\\\/a>.<\\\/p>\"},\"elements\":[],\"widgetType\":\"text-editor\"}],\"isInner\":false}]"],"_eael_custom_js":[""],"_elementor_page_assets":["a:2:{s:6:\"styles\";a:2:{i:0;s:14:\"widget-heading\";i:1;s:14:\"widget-divider\";}s:7:\"scripts\";a:1:{i:0;s:18:\"elementor-frontend\";}}"],"_elementor_css":["a:6:{s:4:\"time\";i:1775681606;s:5:\"fonts\";a:0:{}s:5:\"icons\";a:0:{}s:20:\"dynamic_elements_ids\";a:0:{}s:6:\"status\";s:4:\"file\";i:0;s:0:\"\";}"],"_elementor_element_cache":["{\"timeout\":1776802325,\"value\":{\"content\":\"<div class=\\\"elementor-element elementor-element-74d08bd e-flex e-con-boxed e-con e-parent\\\" data-id=\\\"74d08bd\\\" data-element_type=\\\"container\\\">\\n\\t\\t\\t\\t\\t<div class=\\\"e-con-inner\\\">\\n\\t\\t\\t\\t<div class=\\\"elementor-element elementor-element-6daa90f elementor-widget elementor-widget-heading\\\" data-id=\\\"6daa90f\\\" data-element_type=\\\"widget\\\" data-widget_type=\\\"heading.default\\\">\\n\\t\\t\\t\\t<div class=\\\"elementor-widget-container\\\">\\n\\t\\t\\t\\t\\t<h2 class=\\\"elementor-heading-title elementor-size-default\\\">Mediji<\\\/h2>\\t\\t\\t\\t<\\\/div>\\n\\t\\t\\t\\t<\\\/div>\\n\\t\\t\\t\\t<div class=\\\"elementor-element elementor-element-2165d07 elementor-widget-divider--view-line elementor-widget elementor-widget-divider\\\" data-id=\\\"2165d07\\\" data-element_type=\\\"widget\\\" data-widget_type=\\\"divider.default\\\">\\n\\t\\t\\t\\t<div class=\\\"elementor-widget-container\\\">\\n\\t\\t\\t\\t\\t\\t\\t<div class=\\\"elementor-divider\\\">\\n\\t\\t\\t<span class=\\\"elementor-divider-separator\\\">\\n\\t\\t\\t\\t\\t\\t<\\\/span>\\n\\t\\t<\\\/div>\\n\\t\\t\\t\\t\\t\\t<\\\/div>\\n\\t\\t\\t\\t<\\\/div>\\n\\t\\t\\t\\t\\t<\\\/div>\\n\\t\\t\\t\\t<\\\/div>\\n\\t\\t<div class=\\\"elementor-element elementor-element-5e88409 e-flex e-con-boxed e-con e-parent\\\" data-id=\\\"5e88409\\\" data-element_type=\\\"container\\\">\\n\\t\\t\\t\\t\\t<div class=\\\"e-con-inner\\\">\\n\\t\\t[elementor-element k=\\\"dadcf5640c9b8a74abcf6b202836d954\\\" data=\\\"eyJpZCI6IjBiY2ZhM2QiLCJlbFR5cGUiOiJ3aWRnZXQiLCJzZXR0aW5ncyI6eyJlZGl0b3IiOiI8cD5UZWtzdCBvIFN2aWpldHUgYmlsamFrYSBpeiBHbGFzYSBJc3RyZSBtb1x1MDE3ZWV0ZSBwcmV1emV0aSA8YSBocmVmPVwiaHR0cHM6XC9cL3d3dy5yb3NhLXZpdGEuY29tXC93cC1jb250ZW50XC91cGxvYWRzXC8yMDI0XC8xMlwvTWVkaWppLW8tZml0b2Fyb21pX0dsYXMtaXN0cmUucGRmXCI+T1ZESkU8XC9hPi48XC9wPjxwPklub3ZhdG9yc3R2bywgaW50ZXJ2anUgc2EgTWlqb20gTWlsamFrb20gbW9cdTAxN2VldGUgcHJldXpldGkgPGEgaHJlZj1cImh0dHBzOlwvXC93d3cucm9zYS12aXRhLmNvbVwvd3AtY29udGVudFwvdXBsb2Fkc1wvMjAyNFwvMTJcL2lub3ZhdG9yc3R2by1taWpvLW1pbGxqYWstaW50ZXJ2anVfY29tX3BkZi5wZGZcIj5PVkRKRS48XC9hPjxcL3A+PHA+VGVza3QgaXogXHUwMTYxdGFtcGFub2cgaXpkYW5qYSBHbGFzYSBJc3RyZSBtb1x1MDE3ZWV0ZSBwcmV1emV0aSA8YSBocmVmPVwiaHR0cHM6XC9cL3d3dy5yb3NhLXZpdGEuY29tXC93cC1jb250ZW50XC91cGxvYWRzXC8yMDI0XC8xMlwvU1ZJSkVULUJJTEpBS0EtWkFHUkVCQ0FOSS1VLVNCLTMwLjA1LjIwMjMucGRmXCI+T1ZESkU8XC9hPi48XC9wPjxwPlRla3N0IGl6IFx1MDE2MXRhbXBhbm9nIGl6ZGFuamEgXHUwMTBkYXNvcGlzYSBHbG9yaWphIG1vXHUwMTdlZXRlIHByZXV6ZXRpIDxhIGhyZWY9XCJodHRwczpcL1wvd3d3LnJvc2Etdml0YS5jb21cL3dwLWNvbnRlbnRcL3VwbG9hZHNcLzIwMjRcLzEyXC9HTE9SSUpBLUlOLnBkZlwiPk9WREpFPFwvYT4uPFwvcD4ifSwiZWxlbWVudHMiOltdLCJ3aWRnZXRUeXBlIjoidGV4dC1lZGl0b3IifQ==\\\"]\\t\\t\\t<\\\/div>\\n\\t\\t\\t\\t<\\\/div>\\n\\t\\t\",\"scripts\":[],\"styles\":[]}}"]},"_links":{"self":[{"href":"https:\/\/www.rosa-vita.com\/hr\/wp-json\/wp\/v2\/pages\/1834","targetHints":{"allow":["GET"]}}],"collection":[{"href":"https:\/\/www.rosa-vita.com\/hr\/wp-json\/wp\/v2\/pages"}],"about":[{"href":"https:\/\/www.rosa-vita.com\/hr\/wp-json\/wp\/v2\/types\/page"}],"author":[{"embeddable":true,"href":"https:\/\/www.rosa-vita.com\/hr\/wp-json\/wp\/v2\/users\/1"}],"replies":[{"embeddable":true,"href":"https:\/\/www.rosa-vita.com\/hr\/wp-json\/wp\/v2\/comments?post=1834"}],"version-history":[{"count":16,"href":"https:\/\/www.rosa-vita.com\/hr\/wp-json\/wp\/v2\/pages\/1834\/revisions"}],"predecessor-version":[{"id":2281,"href":"https:\/\/www.rosa-vita.com\/hr\/wp-json\/wp\/v2\/pages\/1834\/revisions\/2281"}],"wp:attachment":[{"href":"https:\/\/www.rosa-vita.com\/hr\/wp-json\/wp\/v2\/media?parent=1834"}],"curies":[{"name":"wp","href":"https:\/\/api.w.org\/{rel}","templated":true}]}}