{"id":1714,"date":"2024-12-10T14:17:29","date_gmt":"2024-12-10T12:17:29","guid":{"rendered":"https:\/\/www.rosa-vita.com\/?page_id=1714"},"modified":"2024-12-16T13:47:35","modified_gmt":"2024-12-16T11:47:35","slug":"o-ruzmarinskoj-kiselini-ra","status":"publish","type":"page","link":"https:\/\/www.rosa-vita.com\/hr\/o-ruzmarinskoj-kiselini-ra\/","title":{"rendered":"O ru\u017emarinskoj kiselini (RA)"},"content":{"rendered":"\t\t<div data-elementor-type=\"wp-page\" data-elementor-id=\"1714\" class=\"elementor elementor-1714\">\n\t\t\t\t<div class=\"elementor-element elementor-element-0e28bfe e-grid e-con-boxed e-con e-parent\" data-id=\"0e28bfe\" data-element_type=\"container\">\n\t\t\t\t\t<div class=\"e-con-inner\">\n\t\t\t\t<div class=\"elementor-element elementor-element-21bc767 elementor-widget elementor-widget-heading\" data-id=\"21bc767\" data-element_type=\"widget\" data-widget_type=\"heading.default\">\n\t\t\t\t<div class=\"elementor-widget-container\">\n\t\t\t\t\t<h2 class=\"elementor-heading-title elementor-size-default\">O ru\u017emarinskoj kiselini (RA)...<\/h2>\t\t\t\t<\/div>\n\t\t\t\t<\/div>\n\t\t\t\t<div class=\"elementor-element elementor-element-1a52674 elementor-widget elementor-widget-image\" data-id=\"1a52674\" data-element_type=\"widget\" data-widget_type=\"image.default\">\n\t\t\t\t<div class=\"elementor-widget-container\">\n\t\t\t\t\t\t\t\t\t\t\t\t\t\t\t<img decoding=\"async\" width=\"300\" height=\"143\" src=\"https:\/\/www.rosa-vita.com\/wp-content\/uploads\/2024\/12\/Rosmarinic_acid-300x143.png\" class=\"attachment-medium size-medium wp-image-1716\" alt=\"\" srcset=\"https:\/\/www.rosa-vita.com\/wp-content\/uploads\/2024\/12\/Rosmarinic_acid-300x143.png 300w, https:\/\/www.rosa-vita.com\/wp-content\/uploads\/2024\/12\/Rosmarinic_acid-768x366.png 768w, https:\/\/www.rosa-vita.com\/wp-content\/uploads\/2024\/12\/Rosmarinic_acid-500x238.png 500w, https:\/\/www.rosa-vita.com\/wp-content\/uploads\/2024\/12\/Rosmarinic_acid.png 920w\" sizes=\"(max-width: 300px) 100vw, 300px\" \/>\t\t\t\t\t\t\t\t\t\t\t\t\t\t\t<\/div>\n\t\t\t\t<\/div>\n\t\t\t\t\t<\/div>\n\t\t\t\t<\/div>\n\t\t<div class=\"elementor-element elementor-element-853bbba e-flex e-con-boxed e-con e-parent\" data-id=\"853bbba\" data-element_type=\"container\">\n\t\t\t\t\t<div class=\"e-con-inner\">\n\t\t\t\t<div class=\"elementor-element elementor-element-68c79d1 elementor-widget elementor-widget-text-editor\" data-id=\"68c79d1\" data-element_type=\"widget\" data-widget_type=\"text-editor.default\">\n\t\t\t\t<div class=\"elementor-widget-container\">\n\t\t\t\t\t\t\t\t\t<p><strong>RU\u017dMARINSKA KISELINA (RA):<\/strong><\/p><p><span lang=\"HR\"><strong>\u2022<\/strong> <\/span>RA je va\u017ean segment <strong>antioksidativne obrane stanice (ROS balans)<\/strong>\u00a0 koju\u00a0 svakodnevno treba unositi hranom u odgovaraju\u0107oj koli\u010dini, do\u00a0<strong>250 mg\/dan<\/strong>\u00a0(preporuka WHO); ima vrlo visok\u00a0<strong>ORAC;<\/strong><\/p><p><span lang=\"HR\"><strong>\u2022<\/strong> <\/span>RA <strong>stabilizira esencijalne masne kiseline<\/strong>\u00a0(omega-3; omega-6; omega-9) koje imaju klju\u010dnu ulogu u stvaranju lipidne barijere ko\u017ee;<\/p><p><span lang=\"HR\"><strong>\u2022<\/strong> <\/span>RA je potencijalno novi <strong>antiupalni i analgetski<\/strong>\u00a0 nutrient;<\/p><p><span lang=\"HR\"><strong>\u2022<\/strong> <\/span>RA ima zna\u010dajan utjecaj na funkciju <strong>telomera<\/strong>\u00a0(odgovorna za me\u0111ustani\u010dnu komunikaciju) koji su dijelovi DNA i koji \u0161tite integritet genetskog materijala i kontroliraju diobu stanice;<\/p><p><span lang=\"HR\"><strong>\u2022<\/strong> <\/span>RA doprinosi djelovanju <strong>imunolo\u0161kog sustava;<\/strong><\/p><p><span lang=\"HR\"><strong>\u2022<\/strong> <\/span>RA smanjuje rizike kod neurodegenerativnih bolesti (<strong>posebno kod AH -Alzheimerova bolest<\/strong>);<\/p><p><span lang=\"HR\"><strong>\u2022<\/strong> <\/span>RA kao <strong>UV za\u0161tita<\/strong>\u00a0pokazuje maksimalne u\u010dinke kada je testirana kroz B-karoten izbjeljivanje, DPPH sposobnost hvatanja slobodnih radikala i detoksikacijska sposobnost keliranja (<strong>detoksikacija te\u0161kih metala<\/strong>) u koncentracijama 0,002 mg\/ml ;<\/p><p><span lang=\"HR\"><strong>\u2022<\/strong> <\/span>RA ima zna\u010dajnu <strong>za\u0161titnu sposobnost DNK<\/strong>\u00a0kod izlaganja joniziraju\u0107em zra\u010denju;<\/p><p><span lang=\"HR\"><strong>\u2022<\/strong> <\/span>RA poma\u017ee u borbi protiv <strong>Herpes simplex virusa<\/strong>, te pospje\u0161uje rad srca i plu\u0107a;<\/p><p><span lang=\"HR\"><strong>\u2022<\/strong> <\/span>RA <strong>inhibira oksidaciju LDL kolesterola<\/strong>\u00a0\u2013 odgovorna je za suzbijanje oksidacije LDL-a (lipoproteina niske gusto\u0107e);<\/p><p><span lang=\"HR\"><strong>\u2022<\/strong> <\/span>RA spre\u010dava <strong>aterosklerozu<\/strong>\u00a0krvnih \u017eila;<\/p><p><span lang=\"HR\"><strong>\u2022<\/strong> <\/span>RA pomoa\u017ee kod <strong>reumatoidnog artritisa<\/strong>;<\/p><p><span lang=\"HR\"><strong>\u2022<\/strong> <\/span>RA inhibira pojavu upale zubnog mesa \u2013 <strong>gingivitisa<\/strong>;<\/p><p><span lang=\"HR\"><strong>\u2022<\/strong> <\/span>RA poma\u017ee u tretmanu <strong>bronhalne astme<\/strong>\u00a0i drugih alergijskih bolesti;<\/p><p><span lang=\"HR\"><strong>\u2022<\/strong> <\/span>RA <strong>inhibira biokemijske procese stvaranja novih radikalnih skupina,<\/strong>\u00a0posebno u sinergiji s drugim sna\u017enim prirodnim antioksidansima;<\/p><p><span lang=\"HR\"><strong>\u2022<\/strong> <\/span>RA se vrlo <strong>dobro apsorbira iz gastrointestinalnog trakta<\/strong>\u00a0i ko\u017ee, za razliku od nekih drugih sli\u010dnih flavonoida i polifenola;<\/p><p><span lang=\"HR\"><strong>\u2022<\/strong> <\/span>RA je <strong>odobrena od strane FDA<\/strong>\u00a0kao supstanca u javnoj prehrani (GRAS, 21 CFR poglavlje 21, dio 182);<\/p><p><span lang=\"HR\"><strong>\u2022<\/strong> <\/span>RA je u <strong>potpunosti topljiv u vodi<\/strong>, mo\u017ee se koristiti izravno u vodi kao i u drugim otopinama;<\/p><p><span lang=\"HR\"><strong>\u2022<\/strong> <\/span>RA je preporu\u010deno dozirati u koncentracijama <strong>0,02% do 0,04%<\/strong>\u00a0(200 do 400 ppm), u GMP uvjetima, ali nema maksimalno ograni\u010denih koncentracija u proizvodima.<\/p>\t\t\t\t\t\t\t\t<\/div>\n\t\t\t\t<\/div>\n\t\t\t\t\t<\/div>\n\t\t\t\t<\/div>\n\t\t\t\t<\/div>\n\t\t","protected":false},"excerpt":{"rendered":"<p>O ru\u017emarinskoj kiselini (RA)&#8230; RU\u017dMARINSKA KISELINA (RA): \u2022 RA je va\u017ean segment antioksidativne obrane stanice (ROS balans)\u00a0 koju\u00a0 svakodnevno treba&#8230;<\/p>\n","protected":false},"author":1,"featured_media":0,"parent":0,"menu_order":0,"comment_status":"closed","ping_status":"closed","template":"","meta":{"footnotes":""},"class_list":["post-1714","page","type-page","status-publish","hentry"],"post-meta":{"_elementor_edit_mode":["builder"],"_elementor_template_type":["wp-page"],"_elementor_version":["3.25.11"],"_edit_lock":["1734349656:1"],"_wp_page_template":["default"],"_elementor_data":["[{\"id\":\"0e28bfe\",\"elType\":\"container\",\"settings\":{\"container_type\":\"grid\",\"presetTitle\":\"Grid\",\"presetIcon\":\"eicon-container-grid\",\"grid_columns_grid\":{\"unit\":\"fr\",\"size\":2,\"sizes\":[]},\"grid_rows_grid\":{\"unit\":\"fr\",\"size\":1,\"sizes\":[]}},\"elements\":[{\"id\":\"21bc767\",\"elType\":\"widget\",\"settings\":{\"title\":\"O ru\\u017emarinskoj kiselini (RA)...\",\"align\":\"center\",\"text_shadow_text_shadow_type\":\"yes\",\"text_shadow_text_shadow\":{\"horizontal\":2,\"vertical\":2,\"blur\":2,\"color\":\"rgba(0,0,0,0.3)\"},\"_flex_align_self\":\"center\"},\"elements\":[],\"widgetType\":\"heading\"},{\"id\":\"1a52674\",\"elType\":\"widget\",\"settings\":{\"image\":{\"url\":\"https:\\\/\\\/www.rosa-vita.com\\\/wp-content\\\/uploads\\\/2024\\\/12\\\/Rosmarinic_acid.png\",\"id\":1716,\"size\":\"\",\"alt\":\"\",\"source\":\"library\"},\"image_size\":\"medium\"},\"elements\":[],\"widgetType\":\"image\"}],\"isInner\":false},{\"id\":\"853bbba\",\"elType\":\"container\",\"settings\":[],\"elements\":[{\"id\":\"68c79d1\",\"elType\":\"widget\",\"settings\":{\"editor\":\"<p><strong>RU\\u017dMARINSKA KISELINA (RA):<\\\/strong><\\\/p><p><span lang=\\\"HR\\\"><strong>\\u2022<\\\/strong> <\\\/span>RA je va\\u017ean segment <strong>antioksidativne obrane stanice (ROS balans)<\\\/strong>\\u00a0 koju\\u00a0 svakodnevno treba unositi hranom u odgovaraju\\u0107oj koli\\u010dini, do\\u00a0<strong>250 mg\\\/dan<\\\/strong>\\u00a0(preporuka WHO); ima vrlo visok\\u00a0<strong>ORAC;<\\\/strong><\\\/p><p><span lang=\\\"HR\\\"><strong>\\u2022<\\\/strong> <\\\/span>RA <strong>stabilizira esencijalne masne kiseline<\\\/strong>\\u00a0(omega-3; omega-6; omega-9) koje imaju klju\\u010dnu ulogu u stvaranju lipidne barijere ko\\u017ee;<\\\/p><p><span lang=\\\"HR\\\"><strong>\\u2022<\\\/strong> <\\\/span>RA je potencijalno novi <strong>antiupalni i analgetski<\\\/strong>\\u00a0 nutrient;<\\\/p><p><span lang=\\\"HR\\\"><strong>\\u2022<\\\/strong> <\\\/span>RA ima zna\\u010dajan utjecaj na funkciju <strong>telomera<\\\/strong>\\u00a0(odgovorna za me\\u0111ustani\\u010dnu komunikaciju) koji su dijelovi DNA i koji \\u0161tite integritet genetskog materijala i kontroliraju diobu stanice;<\\\/p><p><span lang=\\\"HR\\\"><strong>\\u2022<\\\/strong> <\\\/span>RA doprinosi djelovanju <strong>imunolo\\u0161kog sustava;<\\\/strong><\\\/p><p><span lang=\\\"HR\\\"><strong>\\u2022<\\\/strong> <\\\/span>RA smanjuje rizike kod neurodegenerativnih bolesti (<strong>posebno kod AH -Alzheimerova bolest<\\\/strong>);<\\\/p><p><span lang=\\\"HR\\\"><strong>\\u2022<\\\/strong> <\\\/span>RA kao <strong>UV za\\u0161tita<\\\/strong>\\u00a0pokazuje maksimalne u\\u010dinke kada je testirana kroz B-karoten izbjeljivanje, DPPH sposobnost hvatanja slobodnih radikala i detoksikacijska sposobnost keliranja (<strong>detoksikacija te\\u0161kih metala<\\\/strong>) u koncentracijama 0,002 mg\\\/ml ;<\\\/p><p><span lang=\\\"HR\\\"><strong>\\u2022<\\\/strong> <\\\/span>RA ima zna\\u010dajnu <strong>za\\u0161titnu sposobnost DNK<\\\/strong>\\u00a0kod izlaganja joniziraju\\u0107em zra\\u010denju;<\\\/p><p><span lang=\\\"HR\\\"><strong>\\u2022<\\\/strong> <\\\/span>RA poma\\u017ee u borbi protiv <strong>Herpes simplex virusa<\\\/strong>, te pospje\\u0161uje rad srca i plu\\u0107a;<\\\/p><p><span lang=\\\"HR\\\"><strong>\\u2022<\\\/strong> <\\\/span>RA <strong>inhibira oksidaciju LDL kolesterola<\\\/strong>\\u00a0\\u2013 odgovorna je za suzbijanje oksidacije LDL-a (lipoproteina niske gusto\\u0107e);<\\\/p><p><span lang=\\\"HR\\\"><strong>\\u2022<\\\/strong> <\\\/span>RA spre\\u010dava <strong>aterosklerozu<\\\/strong>\\u00a0krvnih \\u017eila;<\\\/p><p><span lang=\\\"HR\\\"><strong>\\u2022<\\\/strong> <\\\/span>RA pomoa\\u017ee kod <strong>reumatoidnog artritisa<\\\/strong>;<\\\/p><p><span lang=\\\"HR\\\"><strong>\\u2022<\\\/strong> <\\\/span>RA inhibira pojavu upale zubnog mesa \\u2013 <strong>gingivitisa<\\\/strong>;<\\\/p><p><span lang=\\\"HR\\\"><strong>\\u2022<\\\/strong> <\\\/span>RA poma\\u017ee u tretmanu <strong>bronhalne astme<\\\/strong>\\u00a0i drugih alergijskih bolesti;<\\\/p><p><span lang=\\\"HR\\\"><strong>\\u2022<\\\/strong> <\\\/span>RA <strong>inhibira biokemijske procese stvaranja novih radikalnih skupina,<\\\/strong>\\u00a0posebno u sinergiji s drugim sna\\u017enim prirodnim antioksidansima;<\\\/p><p><span lang=\\\"HR\\\"><strong>\\u2022<\\\/strong> <\\\/span>RA se vrlo <strong>dobro apsorbira iz gastrointestinalnog trakta<\\\/strong>\\u00a0i ko\\u017ee, za razliku od nekih drugih sli\\u010dnih flavonoida i polifenola;<\\\/p><p><span lang=\\\"HR\\\"><strong>\\u2022<\\\/strong> <\\\/span>RA je <strong>odobrena od strane FDA<\\\/strong>\\u00a0kao supstanca u javnoj prehrani (GRAS, 21 CFR poglavlje 21, dio 182);<\\\/p><p><span lang=\\\"HR\\\"><strong>\\u2022<\\\/strong> <\\\/span>RA je u <strong>potpunosti topljiv u vodi<\\\/strong>, mo\\u017ee se koristiti izravno u vodi kao i u drugim otopinama;<\\\/p><p><span lang=\\\"HR\\\"><strong>\\u2022<\\\/strong> <\\\/span>RA je preporu\\u010deno dozirati u koncentracijama <strong>0,02% do 0,04%<\\\/strong>\\u00a0(200 do 400 ppm), u GMP uvjetima, ali nema maksimalno ograni\\u010denih koncentracija u proizvodima.<\\\/p>\"},\"elements\":[],\"widgetType\":\"text-editor\"}],\"isInner\":false}]"],"_elementor_page_settings":["a:1:{s:18:\"eael_ext_toc_title\";s:17:\"Table of Contents\";}"],"_eael_custom_js":[""],"_elementor_page_assets":["a:2:{s:6:\"styles\";a:2:{i:0;s:14:\"widget-heading\";i:1;s:12:\"widget-image\";}s:7:\"scripts\";a:1:{i:0;s:18:\"elementor-frontend\";}}"],"_elementor_css":["a:6:{s:4:\"time\";i:1775794754;s:5:\"fonts\";a:0:{}s:5:\"icons\";a:0:{}s:20:\"dynamic_elements_ids\";a:0:{}s:6:\"status\";s:4:\"file\";i:0;s:0:\"\";}"],"_elementor_element_cache":["{\"timeout\":1776865944,\"value\":{\"content\":\"<div class=\\\"elementor-element elementor-element-0e28bfe e-grid e-con-boxed e-con e-parent\\\" data-id=\\\"0e28bfe\\\" data-element_type=\\\"container\\\">\\n\\t\\t\\t\\t\\t<div class=\\\"e-con-inner\\\">\\n\\t\\t\\t\\t<div class=\\\"elementor-element elementor-element-21bc767 elementor-widget elementor-widget-heading\\\" data-id=\\\"21bc767\\\" data-element_type=\\\"widget\\\" data-widget_type=\\\"heading.default\\\">\\n\\t\\t\\t\\t<div class=\\\"elementor-widget-container\\\">\\n\\t\\t\\t\\t\\t<h2 class=\\\"elementor-heading-title elementor-size-default\\\">O ru\\u017emarinskoj kiselini (RA)...<\\\/h2>\\t\\t\\t\\t<\\\/div>\\n\\t\\t\\t\\t<\\\/div>\\n\\t\\t\\t\\t<div class=\\\"elementor-element elementor-element-1a52674 elementor-widget elementor-widget-image\\\" data-id=\\\"1a52674\\\" data-element_type=\\\"widget\\\" data-widget_type=\\\"image.default\\\">\\n\\t\\t\\t\\t<div class=\\\"elementor-widget-container\\\">\\n\\t\\t\\t\\t\\t\\t\\t\\t\\t\\t\\t\\t\\t\\t\\t<img width=\\\"300\\\" height=\\\"143\\\" src=\\\"https:\\\/\\\/www.rosa-vita.com\\\/wp-content\\\/uploads\\\/2024\\\/12\\\/Rosmarinic_acid-300x143.png\\\" class=\\\"attachment-medium size-medium wp-image-1716\\\" alt=\\\"\\\" srcset=\\\"https:\\\/\\\/www.rosa-vita.com\\\/wp-content\\\/uploads\\\/2024\\\/12\\\/Rosmarinic_acid-300x143.png 300w, https:\\\/\\\/www.rosa-vita.com\\\/wp-content\\\/uploads\\\/2024\\\/12\\\/Rosmarinic_acid-768x366.png 768w, https:\\\/\\\/www.rosa-vita.com\\\/wp-content\\\/uploads\\\/2024\\\/12\\\/Rosmarinic_acid-500x238.png 500w, https:\\\/\\\/www.rosa-vita.com\\\/wp-content\\\/uploads\\\/2024\\\/12\\\/Rosmarinic_acid.png 920w\\\" sizes=\\\"(max-width: 300px) 100vw, 300px\\\" \\\/>\\t\\t\\t\\t\\t\\t\\t\\t\\t\\t\\t\\t\\t\\t\\t<\\\/div>\\n\\t\\t\\t\\t<\\\/div>\\n\\t\\t\\t\\t\\t<\\\/div>\\n\\t\\t\\t\\t<\\\/div>\\n\\t\\t<div class=\\\"elementor-element elementor-element-853bbba e-flex e-con-boxed e-con e-parent\\\" data-id=\\\"853bbba\\\" data-element_type=\\\"container\\\">\\n\\t\\t\\t\\t\\t<div class=\\\"e-con-inner\\\">\\n\\t\\t[elementor-element k=\\\"dadcf5640c9b8a74abcf6b202836d954\\\" data=\\\"eyJpZCI6IjY4Yzc5ZDEiLCJlbFR5cGUiOiJ3aWRnZXQiLCJzZXR0aW5ncyI6eyJlZGl0b3IiOiI8cD48c3Ryb25nPlJVXHUwMTdkTUFSSU5TS0EgS0lTRUxJTkEgKFJBKTo8XC9zdHJvbmc+PFwvcD48cD48c3BhbiBsYW5nPVwiSFJcIj48c3Ryb25nPlx1MjAyMjxcL3N0cm9uZz4gPFwvc3Bhbj5SQSBqZSB2YVx1MDE3ZWFuIHNlZ21lbnQgPHN0cm9uZz5hbnRpb2tzaWRhdGl2bmUgb2JyYW5lIHN0YW5pY2UgKFJPUyBiYWxhbnMpPFwvc3Ryb25nPlx1MDBhMCBrb2p1XHUwMGEwIHN2YWtvZG5ldm5vIHRyZWJhIHVub3NpdGkgaHJhbm9tIHUgb2Rnb3ZhcmFqdVx1MDEwN29qIGtvbGlcdTAxMGRpbmksIGRvXHUwMGEwPHN0cm9uZz4yNTAgbWdcL2RhbjxcL3N0cm9uZz5cdTAwYTAocHJlcG9ydWthIFdITyk7IGltYSB2cmxvIHZpc29rXHUwMGEwPHN0cm9uZz5PUkFDOzxcL3N0cm9uZz48XC9wPjxwPjxzcGFuIGxhbmc9XCJIUlwiPjxzdHJvbmc+XHUyMDIyPFwvc3Ryb25nPiA8XC9zcGFuPlJBIDxzdHJvbmc+c3RhYmlsaXppcmEgZXNlbmNpamFsbmUgbWFzbmUga2lzZWxpbmU8XC9zdHJvbmc+XHUwMGEwKG9tZWdhLTM7IG9tZWdhLTY7IG9tZWdhLTkpIGtvamUgaW1hanUga2xqdVx1MDEwZG51IHVsb2d1IHUgc3R2YXJhbmp1IGxpcGlkbmUgYmFyaWplcmUga29cdTAxN2VlOzxcL3A+PHA+PHNwYW4gbGFuZz1cIkhSXCI+PHN0cm9uZz5cdTIwMjI8XC9zdHJvbmc+IDxcL3NwYW4+UkEgamUgcG90ZW5jaWphbG5vIG5vdmkgPHN0cm9uZz5hbnRpdXBhbG5pIGkgYW5hbGdldHNraTxcL3N0cm9uZz5cdTAwYTAgbnV0cmllbnQ7PFwvcD48cD48c3BhbiBsYW5nPVwiSFJcIj48c3Ryb25nPlx1MjAyMjxcL3N0cm9uZz4gPFwvc3Bhbj5SQSBpbWEgem5hXHUwMTBkYWphbiB1dGplY2FqIG5hIGZ1bmtjaWp1IDxzdHJvbmc+dGVsb21lcmE8XC9zdHJvbmc+XHUwMGEwKG9kZ292b3JuYSB6YSBtZVx1MDExMXVzdGFuaVx1MDEwZG51IGtvbXVuaWthY2lqdSkga29qaSBzdSBkaWplbG92aSBETkEgaSBrb2ppIFx1MDE2MXRpdGUgaW50ZWdyaXRldCBnZW5ldHNrb2cgbWF0ZXJpamFsYSBpIGtvbnRyb2xpcmFqdSBkaW9idSBzdGFuaWNlOzxcL3A+PHA+PHNwYW4gbGFuZz1cIkhSXCI+PHN0cm9uZz5cdTIwMjI8XC9zdHJvbmc+IDxcL3NwYW4+UkEgZG9wcmlub3NpIGRqZWxvdmFuanUgPHN0cm9uZz5pbXVub2xvXHUwMTYxa29nIHN1c3RhdmE7PFwvc3Ryb25nPjxcL3A+PHA+PHNwYW4gbGFuZz1cIkhSXCI+PHN0cm9uZz5cdTIwMjI8XC9zdHJvbmc+IDxcL3NwYW4+UkEgc21hbmp1amUgcml6aWtlIGtvZCBuZXVyb2RlZ2VuZXJhdGl2bmloIGJvbGVzdGkgKDxzdHJvbmc+cG9zZWJubyBrb2QgQUggLUFsemhlaW1lcm92YSBib2xlc3Q8XC9zdHJvbmc+KTs8XC9wPjxwPjxzcGFuIGxhbmc9XCJIUlwiPjxzdHJvbmc+XHUyMDIyPFwvc3Ryb25nPiA8XC9zcGFuPlJBIGthbyA8c3Ryb25nPlVWIHphXHUwMTYxdGl0YTxcL3N0cm9uZz5cdTAwYTBwb2thenVqZSBtYWtzaW1hbG5lIHVcdTAxMGRpbmtlIGthZGEgamUgdGVzdGlyYW5hIGtyb3ogQi1rYXJvdGVuIGl6YmplbGppdmFuamUsIERQUEggc3Bvc29ibm9zdCBodmF0YW5qYSBzbG9ib2RuaWggcmFkaWthbGEgaSBkZXRva3Npa2FjaWpza2Egc3Bvc29ibm9zdCBrZWxpcmFuamEgKDxzdHJvbmc+ZGV0b2tzaWthY2lqYSB0ZVx1MDE2MWtpaCBtZXRhbGE8XC9zdHJvbmc+KSB1IGtvbmNlbnRyYWNpamFtYSAwLDAwMiBtZ1wvbWwgOzxcL3A+PHA+PHNwYW4gbGFuZz1cIkhSXCI+PHN0cm9uZz5cdTIwMjI8XC9zdHJvbmc+IDxcL3NwYW4+UkEgaW1hIHpuYVx1MDEwZGFqbnUgPHN0cm9uZz56YVx1MDE2MXRpdG51IHNwb3NvYm5vc3QgRE5LPFwvc3Ryb25nPlx1MDBhMGtvZCBpemxhZ2FuamEgam9uaXppcmFqdVx1MDEwN2VtIHpyYVx1MDEwZGVuanU7PFwvcD48cD48c3BhbiBsYW5nPVwiSFJcIj48c3Ryb25nPlx1MjAyMjxcL3N0cm9uZz4gPFwvc3Bhbj5SQSBwb21hXHUwMTdlZSB1IGJvcmJpIHByb3RpdiA8c3Ryb25nPkhlcnBlcyBzaW1wbGV4IHZpcnVzYTxcL3N0cm9uZz4sIHRlIHBvc3BqZVx1MDE2MXVqZSByYWQgc3JjYSBpIHBsdVx1MDEwN2E7PFwvcD48cD48c3BhbiBsYW5nPVwiSFJcIj48c3Ryb25nPlx1MjAyMjxcL3N0cm9uZz4gPFwvc3Bhbj5SQSA8c3Ryb25nPmluaGliaXJhIG9rc2lkYWNpanUgTERMIGtvbGVzdGVyb2xhPFwvc3Ryb25nPlx1MDBhMFx1MjAxMyBvZGdvdm9ybmEgamUgemEgc3V6YmlqYW5qZSBva3NpZGFjaWplIExETC1hIChsaXBvcHJvdGVpbmEgbmlza2UgZ3VzdG9cdTAxMDdlKTs8XC9wPjxwPjxzcGFuIGxhbmc9XCJIUlwiPjxzdHJvbmc+XHUyMDIyPFwvc3Ryb25nPiA8XC9zcGFuPlJBIHNwcmVcdTAxMGRhdmEgPHN0cm9uZz5hdGVyb3NrbGVyb3p1PFwvc3Ryb25nPlx1MDBhMGtydm5paCBcdTAxN2VpbGE7PFwvcD48cD48c3BhbiBsYW5nPVwiSFJcIj48c3Ryb25nPlx1MjAyMjxcL3N0cm9uZz4gPFwvc3Bhbj5SQSBwb21vYVx1MDE3ZWUga29kIDxzdHJvbmc+cmV1bWF0b2lkbm9nIGFydHJpdGlzYTxcL3N0cm9uZz47PFwvcD48cD48c3BhbiBsYW5nPVwiSFJcIj48c3Ryb25nPlx1MjAyMjxcL3N0cm9uZz4gPFwvc3Bhbj5SQSBpbmhpYmlyYSBwb2phdnUgdXBhbGUgenVibm9nIG1lc2EgXHUyMDEzIDxzdHJvbmc+Z2luZ2l2aXRpc2E8XC9zdHJvbmc+OzxcL3A+PHA+PHNwYW4gbGFuZz1cIkhSXCI+PHN0cm9uZz5cdTIwMjI8XC9zdHJvbmc+IDxcL3NwYW4+UkEgcG9tYVx1MDE3ZWUgdSB0cmV0bWFudSA8c3Ryb25nPmJyb25oYWxuZSBhc3RtZTxcL3N0cm9uZz5cdTAwYTBpIGRydWdpaCBhbGVyZ2lqc2tpaCBib2xlc3RpOzxcL3A+PHA+PHNwYW4gbGFuZz1cIkhSXCI+PHN0cm9uZz5cdTIwMjI8XC9zdHJvbmc+IDxcL3NwYW4+UkEgPHN0cm9uZz5pbmhpYmlyYSBiaW9rZW1panNrZSBwcm9jZXNlIHN0dmFyYW5qYSBub3ZpaCByYWRpa2FsbmloIHNrdXBpbmEsPFwvc3Ryb25nPlx1MDBhMHBvc2Vibm8gdSBzaW5lcmdpamkgcyBkcnVnaW0gc25hXHUwMTdlbmltIHByaXJvZG5pbSBhbnRpb2tzaWRhbnNpbWE7PFwvcD48cD48c3BhbiBsYW5nPVwiSFJcIj48c3Ryb25nPlx1MjAyMjxcL3N0cm9uZz4gPFwvc3Bhbj5SQSBzZSB2cmxvIDxzdHJvbmc+ZG9icm8gYXBzb3JiaXJhIGl6IGdhc3Ryb2ludGVzdGluYWxub2cgdHJha3RhPFwvc3Ryb25nPlx1MDBhMGkga29cdTAxN2VlLCB6YSByYXpsaWt1IG9kIG5la2loIGRydWdpaCBzbGlcdTAxMGRuaWggZmxhdm9ub2lkYSBpIHBvbGlmZW5vbGE7PFwvcD48cD48c3BhbiBsYW5nPVwiSFJcIj48c3Ryb25nPlx1MjAyMjxcL3N0cm9uZz4gPFwvc3Bhbj5SQSBqZSA8c3Ryb25nPm9kb2JyZW5hIG9kIHN0cmFuZSBGREE8XC9zdHJvbmc+XHUwMGEwa2FvIHN1cHN0YW5jYSB1IGphdm5vaiBwcmVocmFuaSAoR1JBUywgMjEgQ0ZSIHBvZ2xhdmxqZSAyMSwgZGlvIDE4Mik7PFwvcD48cD48c3BhbiBsYW5nPVwiSFJcIj48c3Ryb25nPlx1MjAyMjxcL3N0cm9uZz4gPFwvc3Bhbj5SQSBqZSB1IDxzdHJvbmc+cG90cHVub3N0aSB0b3Bsaml2IHUgdm9kaTxcL3N0cm9uZz4sIG1vXHUwMTdlZSBzZSBrb3Jpc3RpdGkgaXpyYXZubyB1IHZvZGkga2FvIGkgdSBkcnVnaW0gb3RvcGluYW1hOzxcL3A+PHA+PHNwYW4gbGFuZz1cIkhSXCI+PHN0cm9uZz5cdTIwMjI8XC9zdHJvbmc+IDxcL3NwYW4+UkEgamUgcHJlcG9ydVx1MDEwZGVubyBkb3ppcmF0aSB1IGtvbmNlbnRyYWNpamFtYSA8c3Ryb25nPjAsMDIlIGRvIDAsMDQlPFwvc3Ryb25nPlx1MDBhMCgyMDAgZG8gNDAwIHBwbSksIHUgR01QIHV2amV0aW1hLCBhbGkgbmVtYSBtYWtzaW1hbG5vIG9ncmFuaVx1MDEwZGVuaWgga29uY2VudHJhY2lqYSB1IHByb2l6dm9kaW1hLjxcL3A+In0sImVsZW1lbnRzIjpbXSwid2lkZ2V0VHlwZSI6InRleHQtZWRpdG9yIn0=\\\"]\\t\\t\\t<\\\/div>\\n\\t\\t\\t\\t<\\\/div>\\n\\t\\t\",\"scripts\":[],\"styles\":[]}}"]},"_links":{"self":[{"href":"https:\/\/www.rosa-vita.com\/hr\/wp-json\/wp\/v2\/pages\/1714","targetHints":{"allow":["GET"]}}],"collection":[{"href":"https:\/\/www.rosa-vita.com\/hr\/wp-json\/wp\/v2\/pages"}],"about":[{"href":"https:\/\/www.rosa-vita.com\/hr\/wp-json\/wp\/v2\/types\/page"}],"author":[{"embeddable":true,"href":"https:\/\/www.rosa-vita.com\/hr\/wp-json\/wp\/v2\/users\/1"}],"replies":[{"embeddable":true,"href":"https:\/\/www.rosa-vita.com\/hr\/wp-json\/wp\/v2\/comments?post=1714"}],"version-history":[{"count":13,"href":"https:\/\/www.rosa-vita.com\/hr\/wp-json\/wp\/v2\/pages\/1714\/revisions"}],"predecessor-version":[{"id":1946,"href":"https:\/\/www.rosa-vita.com\/hr\/wp-json\/wp\/v2\/pages\/1714\/revisions\/1946"}],"wp:attachment":[{"href":"https:\/\/www.rosa-vita.com\/hr\/wp-json\/wp\/v2\/media?parent=1714"}],"curies":[{"name":"wp","href":"https:\/\/api.w.org\/{rel}","templated":true}]}}