{"id":1132,"date":"2024-11-27T13:20:18","date_gmt":"2024-11-27T11:20:18","guid":{"rendered":"https:\/\/www.rosa-vita.com\/?post_type=product&#038;p=1132"},"modified":"2025-08-10T16:43:59","modified_gmt":"2025-08-10T15:43:59","slug":"natural-eye-gel","status":"publish","type":"product","link":"https:\/\/www.rosa-vita.com\/en\/product\/natural-eye-gel\/","title":{"rendered":"Gel za podru\u010dje oko o\u010diju"},"content":{"rendered":"<table>\n<tbody>\n<tr>\n<td width=\"451\">Izuzetno djelotvoran gel namijenjen smanjenju i zagla\u0111ivanju sitnih bora oko o\u010diju i usana. Formuliran je s u\u010dinkovitim aktivnim sastojcima poput hijaluronske kiseline, ru\u017emarinske kiseline (RA), aminokiselina,oboga\u0107ene biljnim hidrosolnim kompleksima te aktivnim sastojcima aloe vera gela. Ova sinergija djeluje na:<\/p>\n<ul>\n<li>smanjenje veli\u010dine, dubine i izra\u017eenosti bora<\/li>\n<li>poticanje mikrocirkulacije i metabolizma ko\u017ee<\/li>\n<li>za\u0161titu od UV o\u0161te\u0107enja<\/li>\n<li>podr\u0161ku obnovi o\u0161te\u0107ene DNK<\/li>\n<\/ul>\n<p>Bogati biljni kompleks hrani, pomla\u0111uje i revitalizira ko\u017eu, dok ekstrakt smilja smanjuje nate\u010denost i dodatno njeguje osjetljivo podru\u010dje oko o\u010diju. Gel pru\u017ea osvje\u017eavaju\u0107i i umiruju\u0107i osje\u0107aj, brzo se upija i ostavlja ko\u017eu glatkom i blistavom.<\/p>\n<p>Sastojci: Hibiscus esculentus seed extract, Olea europaea fruit oil, Aloe barbadensis leaf juice, Glycerin, Rosmarinic acid, Hyaluronic acid, Tocopherol, Nicotinamide, Helichrysum italicum flower oil, Rosmarinus officinalis leaf oil, Pittosporum viridiflorum flower extract, Sadr\u017ei linalool i geraniol\u00a0 (prirodno prisutan u kori\u0161tenim sastojcima).<\/td>\n<\/tr>\n<\/tbody>\n<\/table>","protected":false},"excerpt":{"rendered":"<p>Izuzetno djelotvoran gel za smanjenje i zagla\u0111ivanje sitnih bora oko o\u010diju i usana, oboga\u0107en hijaluronskom i ru\u017emarinskom kiselinom (RA), aminokiselinama, aloe verom i biljnim ekstraktima. Hrani i revitalizira ko\u017eu, poti\u010de mikrocirkulaciju, smanjuje nate\u010denost te ostavlja ko\u017eu glatkom, svje\u017eom i blistavom.<\/p>\n<p>10 ml<\/p>","protected":false},"featured_media":1545,"template":"","meta":[],"product_brand":[],"product_cat":[62,53],"product_tag":[],"class_list":{"0":"post-1132","1":"product","2":"type-product","3":"status-publish","4":"has-post-thumbnail","6":"product_cat-proizvodi","7":"product_cat-kozmetika","9":"first","10":"instock","11":"shipping-taxable","12":"purchasable","13":"product-type-simple"},"_links":{"self":[{"href":"https:\/\/www.rosa-vita.com\/en\/wp-json\/wp\/v2\/product\/1132","targetHints":{"allow":["GET"]}}],"collection":[{"href":"https:\/\/www.rosa-vita.com\/en\/wp-json\/wp\/v2\/product"}],"about":[{"href":"https:\/\/www.rosa-vita.com\/en\/wp-json\/wp\/v2\/types\/product"}],"version-history":[{"count":9,"href":"https:\/\/www.rosa-vita.com\/en\/wp-json\/wp\/v2\/product\/1132\/revisions"}],"predecessor-version":[{"id":2429,"href":"https:\/\/www.rosa-vita.com\/en\/wp-json\/wp\/v2\/product\/1132\/revisions\/2429"}],"wp:featuredmedia":[{"embeddable":true,"href":"https:\/\/www.rosa-vita.com\/en\/wp-json\/wp\/v2\/media\/1545"}],"wp:attachment":[{"href":"https:\/\/www.rosa-vita.com\/en\/wp-json\/wp\/v2\/media?parent=1132"}],"wp:term":[{"taxonomy":"product_brand","embeddable":true,"href":"https:\/\/www.rosa-vita.com\/en\/wp-json\/wp\/v2\/product_brand?post=1132"},{"taxonomy":"product_cat","embeddable":true,"href":"https:\/\/www.rosa-vita.com\/en\/wp-json\/wp\/v2\/product_cat?post=1132"},{"taxonomy":"product_tag","embeddable":true,"href":"https:\/\/www.rosa-vita.com\/en\/wp-json\/wp\/v2\/product_tag?post=1132"}],"curies":[{"name":"wp","href":"https:\/\/api.w.org\/{rel}","templated":true}]}}