{"id":1128,"date":"2024-11-27T13:18:57","date_gmt":"2024-11-27T11:18:57","guid":{"rendered":"https:\/\/www.rosa-vita.com\/?post_type=product&#038;p=1128"},"modified":"2025-08-10T15:42:20","modified_gmt":"2025-08-10T14:42:20","slug":"natural-day-cream","status":"publish","type":"product","link":"https:\/\/www.rosa-vita.com\/en\/product\/natural-day-cream\/","title":{"rendered":"Dnevna krema za njegu lica"},"content":{"rendered":"<table>\n<tbody>\n<tr>\n<td width=\"451\"><strong>Dnevna krema<\/strong> za u\u010dvr\u0161\u0107ivanje ko\u017ee, smanjenje bora i prevenciju hiperpigmentacijskih mrlja. Sadr\u017ei aktivni oblik ru\u017emarinske kiseline (RA) koja uravnote\u017euje negativno djelovanje slobodnih radikala, \u0161titi DNK strukturu od UV o\u0161te\u0107enja, sprje\u010dava njihovu razgradnju te inhibira mikrovaskularna o\u0161te\u0107enja.<\/p>\n<p>U\u010dinkovitost polifenola dodatno poja\u010dava ekstrakt smilja (<em>Helichrysum italicum<\/em>), koji u sinergiji s RA \u010duva ujedna\u010denost tena i poma\u017ee sprije\u010diti nastanak hiperpigmentacijskih mrlja. Redovitom primjenom kreme bore postaju manje vidljive, a ko\u017ea gla\u0111a, \u010dvr\u0161\u0107a i blistavija.<\/p>\n<p><strong>Klju\u010dni sastojci i njihovo djelovanje<\/strong>:<\/p>\n<ul>\n<li>Ekstrakt ru\u017emarina \u2013 sna\u017ean antioksidans, \u0161titi stanice od oksidativnog stresa<\/li>\n<\/ul>\n<ul>\n<li>Smilje (Helichrysum italicum) \u2013 poznato kao \u201cbesmrtnik\u201d (Immortelle), djeluje protuupalno, protugljivi\u010dno i adstrigentno, poma\u017ee zacjeljivanju o\u017eiljaka i umiruje opekline i rane na svje\u017ee ispucanoj ko\u017ei (smilje daje ulje iznimne vrijednosti \u2013 za 1 litru potrebno je 2000 kg cvjetova)<\/li>\n<\/ul>\n<ul>\n<li>Lavanda, kadulja, smrikva, komora\u010d \u2013 eteri\u010dna ulja koja vra\u0107aju ko\u017ei vitalnost i mladena\u010dki izgled<\/li>\n<li>Biljna ulja s visokim udjelom polifenola, vitamina E i K, te masnih kiselina \u2013 hrane, omek\u0161avaju i \u0161tite ko\u017eu<\/li>\n<\/ul>\n<p><strong>Posebne zna\u010dajke<\/strong>:<\/p>\n<ul>\n<li>Sinergija ulja smilja i RA stvara biofotoni\u010dna svojstva koja podr\u017eavaju optimalnu funkciju proteina, DNK i drugih klju\u010dnih molekula u stanicama.<\/li>\n<li>Proizvod je pakiran u \u201eviolet glass\u201c ambala\u017eu razvijenu prema principima BioPhotonics tehnologije, koja \u010duva prirodna svojstva i produljuje trajnost kreme.<\/li>\n<\/ul>\n<p><strong>Tekstura i iskustvo<\/strong>: krema se odlikuje svilenkastom teksturom i bogatim njeguju\u0107im svojstvima, pru\u017eaju\u0107i ko\u017ei dugotrajnu hidrataciju i osje\u0107aj meko\u0107e.<\/p>\n<p><strong>Sastojci<\/strong>: Helichrysum italicum flower water, Foeniculum vulgare steam water, Lavandula angustifolia flower water, Rosmarinus officinalis leaf water, Pelargonium graveolens flower water, Olea europaea leaf water, Olea europaea fruit oil, Prunus amygdalus dulcis oil, Glycerin, Cera alba, Coco-Caprylate, Lecithin, Rosmarinic acid, Citric acid, Helichrysum italicum flower oil, Rosmarinus officinalis leaf oil, Lavandula angustifolia flower oil, Foeniculum vulgare seed oil, Salvia officinalis leaf oil, Juniperus communis fruit oil, Tocopherol, Phytonadione, Sadr\u017ei linalool i geraniol\u00a0 (prirodno prisutan u kori\u0161tenim sastojcima).<\/td>\n<\/tr>\n<\/tbody>\n<\/table>","protected":false},"excerpt":{"rendered":"<p>Dnevna krema u\u010dvr\u0161\u0107uje ko\u017eu, smanjuje bore i poma\u017ee sprije\u010diti nastanak hiperpigmentacijskih mrlja. Zahvaljuju\u0107i ru\u017emarinskoj kiselini i ekstraktu smilja, \u0161titi od oksidativnog stresa i UV o\u0161te\u0107enja, ujedna\u010duje ten te vra\u0107a ko\u017ei glatko\u0107u, \u010dvrsto\u0107u i blistavost.<\/p>\n<p>100ml<\/p>","protected":false},"featured_media":1543,"template":"","meta":[],"product_brand":[],"product_cat":[62,53],"product_tag":[70],"class_list":{"0":"post-1128","1":"product","2":"type-product","3":"status-publish","4":"has-post-thumbnail","6":"product_cat-proizvodi","7":"product_cat-kozmetika","8":"product_tag-dnevna-krema","10":"first","11":"instock","12":"shipping-taxable","13":"purchasable","14":"product-type-simple"},"_links":{"self":[{"href":"https:\/\/www.rosa-vita.com\/en\/wp-json\/wp\/v2\/product\/1128","targetHints":{"allow":["GET"]}}],"collection":[{"href":"https:\/\/www.rosa-vita.com\/en\/wp-json\/wp\/v2\/product"}],"about":[{"href":"https:\/\/www.rosa-vita.com\/en\/wp-json\/wp\/v2\/types\/product"}],"version-history":[{"count":10,"href":"https:\/\/www.rosa-vita.com\/en\/wp-json\/wp\/v2\/product\/1128\/revisions"}],"predecessor-version":[{"id":2404,"href":"https:\/\/www.rosa-vita.com\/en\/wp-json\/wp\/v2\/product\/1128\/revisions\/2404"}],"wp:featuredmedia":[{"embeddable":true,"href":"https:\/\/www.rosa-vita.com\/en\/wp-json\/wp\/v2\/media\/1543"}],"wp:attachment":[{"href":"https:\/\/www.rosa-vita.com\/en\/wp-json\/wp\/v2\/media?parent=1128"}],"wp:term":[{"taxonomy":"product_brand","embeddable":true,"href":"https:\/\/www.rosa-vita.com\/en\/wp-json\/wp\/v2\/product_brand?post=1128"},{"taxonomy":"product_cat","embeddable":true,"href":"https:\/\/www.rosa-vita.com\/en\/wp-json\/wp\/v2\/product_cat?post=1128"},{"taxonomy":"product_tag","embeddable":true,"href":"https:\/\/www.rosa-vita.com\/en\/wp-json\/wp\/v2\/product_tag?post=1128"}],"curies":[{"name":"wp","href":"https:\/\/api.w.org\/{rel}","templated":true}]}}