{"id":1125,"date":"2024-11-27T13:18:02","date_gmt":"2024-11-27T11:18:02","guid":{"rendered":"https:\/\/www.rosa-vita.com\/?post_type=product&#038;p=1125"},"modified":"2025-08-10T15:50:54","modified_gmt":"2025-08-10T14:50:54","slug":"detoxira","status":"publish","type":"product","link":"https:\/\/www.rosa-vita.com\/en\/product\/detoxira\/","title":{"rendered":"DETOX(I)RA"},"content":{"rendered":"<p><strong>DETOX(I)RA<\/strong> je funkcionalni napitak s antibakterijskim i antisepti\u010dkim djelovanjem. U crijevnoj flori poma\u017ee <strong>uni\u0161titi \u0161tetne bakterije truljenja<\/strong> te poti\u010de razvoj <strong>korisnih bakterija vrenja<\/strong>, \u0161to doprinosi detoksikaciji crijeva i cijelog organizma. Napitak sadr\u017ei prirodne spojeve koji:<\/p>\n<ul>\n<li>djeluju protiv crijevnih parazita<\/li>\n<li>poti\u010du izlu\u010divanje mokra\u0107e i poma\u017eu kod urinarnih tegoba uzrokovanih bakterijama<\/li>\n<li>smanjuju zadr\u017eavanje vode u tijelu nakon prekomjernog unosa soli<\/li>\n<li>pospje\u0161uju probavu i rad crijeva, te ubla\u017eavaju nadutost<\/li>\n<\/ul>\n<p><strong>Na\u010din pripreme napitka<\/strong>: za pripremu DETOX(I)RA napitka potrebno je 100 mL koncentrata pomije\u0161ati s 900 mL vode. Preporu\u010duje se konzumirati tijekom treninga ili tijekom dana, a tako\u0111er je pogodan i za pripremu proteinskih napitaka, shakeova i ostalih napitaka kojima je potrebno pobolj\u0161ati okus. 100 ml pripravljenog (razrije\u0111enog) napitka sadr\u017ei 7,5 mg ukupnih polifenola.<\/p>\n<p>Maksimalno dozvoljena dnevna koli\u010dina je 3 L pripravljenog (razrije\u0111enog) napitka.<\/p>\n<p>1 litra DETOX(I)RA daje 10 litara gotovog napitka.<\/p>\n<p><strong>Sastojci:<\/strong> ekstrakt ploda borovice (<em>Juniperus communis fruit extract<\/em>) 25%, ekstrakt lista dalmatinske kadulje (<em>Salvia officinalis leaf extract<\/em>) 25%, ekstrakt lista lovora (<em>Laurus nobilis leaf extract<\/em>) 25%, ekstrakt lista ru\u017emarina (<em>Rosmarinus officinalis leaf extract<\/em>) 25%. Bez dodanih \u0161e\u0107era.<\/p>\n<p><strong>Upozorenje<\/strong>: Ne preporu\u010duje se trudnicama i dojiljama. Preporu\u010dene dnevne doze ne smiju se prekora\u010diti. Dodaci prehrani nisu nadomjestak za uravnote\u017eenu i raznovrsnu prehranu. Dr\u017eati izvan dohvata djece. Osobe koje uzimaju lijekove trebaju se prije uzimanja posavjetovati s lije\u010dnikom. Ne preporu\u010duje se osobama s upalnim bolestima bubrega, jetre ili \u017eu\u0107i, trudnicama, dojiljama i djeci. Proizvodu se ne pripisuju svojstva prevencije, terapije i lije\u010denja bolesti ljudi te proizvod ne upu\u0107uje na takva svojstva.<\/p>\n<p>Preporu\u010da se proizvod dr\u017eati na sobnoj temparaturi. \u010cuvati na suhom, hladnom mjestu, dalje od izravnog sun\u010devog svjetla.<\/p>","protected":false},"excerpt":{"rendered":"<p><strong data-start=\"48\" data-end=\"62\">DETOX(I)RA<\/strong>\u00a0je funkcionalni napitak s antibakterijskim i antisepti\u010dkim djelovanjem koji u crijevnoj flori uni\u0161tava \u0161tetne bakterije truljenja i poti\u010de razvoj korisnih bakterija vrenja, \u010dime podupire detoksikaciju crijeva i cijelog organizma. Poma\u017ee u probavi, smanjuje nadutost te poti\u010de prirodne procese \u010di\u0161\u0107enja tijela.<\/p>\n<p>1000 ml<\/p>\n<p>&nbsp;<\/p>","protected":false},"featured_media":1541,"template":"","meta":[],"product_brand":[],"product_cat":[66,62,52],"product_tag":[72,71],"class_list":{"0":"post-1125","1":"product","2":"type-product","3":"status-publish","4":"has-post-thumbnail","6":"product_cat-funkcionalni-napitci","7":"product_cat-proizvodi","8":"product_cat-dodaci","9":"product_tag-detoksira","10":"product_tag-detoxira","12":"first","13":"instock","14":"shipping-taxable","15":"purchasable","16":"product-type-simple"},"_links":{"self":[{"href":"https:\/\/www.rosa-vita.com\/en\/wp-json\/wp\/v2\/product\/1125","targetHints":{"allow":["GET"]}}],"collection":[{"href":"https:\/\/www.rosa-vita.com\/en\/wp-json\/wp\/v2\/product"}],"about":[{"href":"https:\/\/www.rosa-vita.com\/en\/wp-json\/wp\/v2\/types\/product"}],"version-history":[{"count":9,"href":"https:\/\/www.rosa-vita.com\/en\/wp-json\/wp\/v2\/product\/1125\/revisions"}],"predecessor-version":[{"id":2408,"href":"https:\/\/www.rosa-vita.com\/en\/wp-json\/wp\/v2\/product\/1125\/revisions\/2408"}],"wp:featuredmedia":[{"embeddable":true,"href":"https:\/\/www.rosa-vita.com\/en\/wp-json\/wp\/v2\/media\/1541"}],"wp:attachment":[{"href":"https:\/\/www.rosa-vita.com\/en\/wp-json\/wp\/v2\/media?parent=1125"}],"wp:term":[{"taxonomy":"product_brand","embeddable":true,"href":"https:\/\/www.rosa-vita.com\/en\/wp-json\/wp\/v2\/product_brand?post=1125"},{"taxonomy":"product_cat","embeddable":true,"href":"https:\/\/www.rosa-vita.com\/en\/wp-json\/wp\/v2\/product_cat?post=1125"},{"taxonomy":"product_tag","embeddable":true,"href":"https:\/\/www.rosa-vita.com\/en\/wp-json\/wp\/v2\/product_tag?post=1125"}],"curies":[{"name":"wp","href":"https:\/\/api.w.org\/{rel}","templated":true}]}}