{"id":1114,"date":"2024-11-27T13:16:55","date_gmt":"2024-11-27T11:16:55","guid":{"rendered":"https:\/\/www.rosa-vita.com\/?post_type=product&#038;p=1114"},"modified":"2025-08-10T15:58:47","modified_gmt":"2025-08-10T14:58:47","slug":"balansira","status":"publish","type":"product","link":"https:\/\/www.rosa-vita.com\/en\/product\/balansira\/","title":{"rendered":"BALANS(I)RA"},"content":{"rendered":"<p><strong>BALANS(I)RA<\/strong> je funkcionalni napitak bogat aktivnim sastojcima koji opu\u0161taju \u017eeludac i poti\u010du rad probavnog sustava, poma\u017eu\u0107i u postizanju uravnote\u017eene probave i uspostavljanju optimalne pH ravnote\u017ee, odnosno reguliranju kiselinsko\u2013lu\u017enate razine. Zahvaljuju\u0107i fenolima poput anetola iz ekstrakta sjemenki komora\u010da, napitak:<\/p>\n<ul>\n<li>ubla\u017eava nadutost, proljev i gr\u010deve, uklju\u010duju\u0107i one povezane sa sindromom iritabilnog crijeva<\/li>\n<li>poti\u010de apetit i probavu<\/li>\n<li>inhibira gr\u010denje mi\u0161i\u0107a i time olak\u0161ava probavu<\/li>\n<li>ja\u010da imunolo\u0161ki sustav te poma\u017ee u borbi protiv bakterija i virusa<\/li>\n<\/ul>\n<p>BALANS(I)RA se koristi i za:<\/p>\n<ul>\n<li>ubla\u017eavanje simptoma PMS-a i menstrualnih gr\u010deva<\/li>\n<li>potporu u menopauzi<\/li>\n<li>za\u0161titu \u017eenskog reproduktivnog sustava<\/li>\n<\/ul>\n<p>Zahvaljuju\u0107i antibakterijskim i protuupalnim svojstvima, poma\u017ee i u smirivanju upale desni, \u0161to mo\u017ee smanjiti neugodan zadah.<\/p>\n<p>Na\u010din pripreme napitka: za pripremu BALANS(I)RA napitka potrebno je 100 mL koncentrata pomije\u0161ati s 900 mL vode. Preporu\u010duje se konzumirati tijekom treninga ili tijekom dana, a tako\u0111er je pogodan i za pripremu proteinskih napitaka, shakeova i ostalih napitaka kojima je potrebno pobolj\u0161ati okus. 100ml pripravljenog (razrije\u0111enog) napitka sadr\u017ei 7,5 mg ukupnih polifenola.<\/p>\n<p>Maksimalno dozvoljena dnevna koli\u010dina je 3 L pripravljenog (razrije\u0111enog) napitka.<\/p>\n<p>1 litra BALANS(I)RA daje 10 litara gotovog napitka.<\/p>\n<p><strong>Sastojci<\/strong>: ekstrakt sjemenki obi\u010dnog komora\u010da (<em>Foeniculum vulgaris seed extract<\/em>) 25%, ekstrakt lista ru\u017emarina (<em>Rosmarinus officinalis leaf extract<\/em>) 25%, ekstrakt lista vrste iglice (<em>Geranium leaf extract<\/em>) 25%, ekstrakt lista masline (<em>Olive leaf extract<\/em>) 25%. Bez dodanih \u0161e\u0107era.<\/p>\n<p><strong>Upozorenje<\/strong>: Ne preporu\u010duje se trudnicama i dojiljama. Preporu\u010dene dnevne doze ne smiju se prekora\u010diti. Dodaci prehrani nisu nadomjestak za uravnote\u017eenu i raznovrsnu prehranu. Dr\u017eati izvan dohvata djece. Osobe koje uzimaju lijekove trebaju se prije uzimanja posavjetovati s lije\u010dnikom. Ne preporu\u010duje se osobama s upalnim bolestima bubrega, trudnicama, dojiljama i djeci. Proizvodu se ne pripisuju svojstva prevencije, terapije i lije\u010denja bolesti ljudi te proizvod ne upu\u0107uje na takva svojstva.<\/p>\n<p>Preporu\u010da se proizvod dr\u017eati na sobnoj temparaturi. \u010cuvati na suhom, hladnom mjestu, dalje od izravnog sun\u010devog svjetla.<\/p>\n<p>&nbsp;<\/p>\n<p>&nbsp;<\/p>","protected":false},"excerpt":{"rendered":"<p>BALANS(I)RA je funkcionalni napitak koji opu\u0161ta \u017eeludac, poti\u010de rad probavnog sustava i poma\u017ee odr\u017eavanju uravnote\u017eene probave. Tako\u0111er ubla\u017eava nadutost i gr\u010deve te pridonosi op\u0107em osje\u0107aju ugode.<\/p>\n<p>1000 ml<\/p>","protected":false},"featured_media":1539,"template":"","meta":[],"product_brand":[],"product_cat":[66,62,52],"product_tag":[75],"class_list":{"0":"post-1114","1":"product","2":"type-product","3":"status-publish","4":"has-post-thumbnail","6":"product_cat-funkcionalni-napitci","7":"product_cat-proizvodi","8":"product_cat-dodaci","9":"product_tag-balansira","11":"first","12":"instock","13":"shipping-taxable","14":"purchasable","15":"product-type-simple"},"_links":{"self":[{"href":"https:\/\/www.rosa-vita.com\/en\/wp-json\/wp\/v2\/product\/1114","targetHints":{"allow":["GET"]}}],"collection":[{"href":"https:\/\/www.rosa-vita.com\/en\/wp-json\/wp\/v2\/product"}],"about":[{"href":"https:\/\/www.rosa-vita.com\/en\/wp-json\/wp\/v2\/types\/product"}],"version-history":[{"count":6,"href":"https:\/\/www.rosa-vita.com\/en\/wp-json\/wp\/v2\/product\/1114\/revisions"}],"predecessor-version":[{"id":2412,"href":"https:\/\/www.rosa-vita.com\/en\/wp-json\/wp\/v2\/product\/1114\/revisions\/2412"}],"wp:featuredmedia":[{"embeddable":true,"href":"https:\/\/www.rosa-vita.com\/en\/wp-json\/wp\/v2\/media\/1539"}],"wp:attachment":[{"href":"https:\/\/www.rosa-vita.com\/en\/wp-json\/wp\/v2\/media?parent=1114"}],"wp:term":[{"taxonomy":"product_brand","embeddable":true,"href":"https:\/\/www.rosa-vita.com\/en\/wp-json\/wp\/v2\/product_brand?post=1114"},{"taxonomy":"product_cat","embeddable":true,"href":"https:\/\/www.rosa-vita.com\/en\/wp-json\/wp\/v2\/product_cat?post=1114"},{"taxonomy":"product_tag","embeddable":true,"href":"https:\/\/www.rosa-vita.com\/en\/wp-json\/wp\/v2\/product_tag?post=1114"}],"curies":[{"name":"wp","href":"https:\/\/api.w.org\/{rel}","templated":true}]}}