{"id":1084,"date":"2024-11-26T15:08:44","date_gmt":"2024-11-26T13:08:44","guid":{"rendered":"https:\/\/www.rosa-vita.com\/?post_type=product&#038;p=1084"},"modified":"2025-08-10T16:14:37","modified_gmt":"2025-08-10T15:14:37","slug":"medira-energy","status":"publish","type":"product","link":"https:\/\/www.rosa-vita.com\/en\/product\/medira-energy\/","title":{"rendered":"MED(I)RA energy"},"content":{"rendered":"<p><strong>MED(I)RA energy<\/strong> je dodatak prehrani u obliku mednog napitka s visokim antioksidativnim kapacitetom. Sadr\u017ei ru\u017emarinsku kiselinu i klorogensku kiselinu s ekstraktom zelene kave, koje podr\u017eavaju prirodno podizanje razine energije i vitalnosti.<\/p>\n<p>Redovita konzumacija mo\u017ee doprinijeti:<\/p>\n<ul>\n<li>pove\u0107anju energije i izdr\u017eljivosti<\/li>\n<li>ubrzanju metabolizma<\/li>\n<li>smanjenju stresa i umora<\/li>\n<li>boljem raspolo\u017eenju, koncentraciji i budnosti<\/li>\n<li>prirodnoj detoksikaciji organizma i uklanjanju toksina<\/li>\n<li>neutraliziranju slobodnih radikala i za\u0161titi stanica od oksidativnog stresa<\/li>\n<\/ul>\n<p><strong>Na\u010din primjene<\/strong>: 3 x 10 ml na dan prije obroka<\/p>\n<p><strong>Sastojci<\/strong>: med, ekstrakt sjemenki arapske kave (Coffea arabica) 18%, ekstrakt lista ru\u017emarina (Rosmarinus officinalis) 18%, ekstrakt cvijeta lavande (Lavandula angustifolia) 18%, ekstrakt sjemenki obi\u010dnog komora\u010da (Foeniculum vulgare) 10%, ekstrakt ploda borovice (Juniperus communis) 6%<\/p>\n<p><strong>Upozorenje:<\/strong> Ne preporu\u010duje se trudnicama i dojiljama. Preporu\u010dene dnevne doze ne smiju se prekora\u010diti. Dodaci prehrani nisu nadomjestak za uravnote\u017eenu i raznovrsnu prehranu. Dr\u017eati izvan dohvata djece. Osobe koje uzimaju lijekove trebaju se prije uzimanja posavjetovati s lije\u010dnikom. Ne preporu\u010duje se osobama s upalnim bolestima bubrega, trudnicama, dojiljama i djeci. Proizvodu se ne pripisuju svojstva prevencije, terapije i lije\u010denja bolesti ljudi te proizvod ne upu\u0107uje na takva svojstva.<\/p>\n<p>Preporu\u010da se proizvod dr\u017eati na sobnoj temparaturi. \u010cuvati na suhom i hladnom mjestu, dalje od izravnog sun\u010devog svjetla.<\/p>","protected":false},"excerpt":{"rendered":"<p>MED(I)RA energy (dodatak prehrani) je medni napitak s visokim antioksidativnim kapacitetom koji, zahvaljuju\u0107i ru\u017emarinskoj kiselini oboga\u0107enoj ekstraktom zelene kave, doprinosi podizanju razine energije, pospje\u0161uje metabolizam, smanjuje stres i umor te mo\u017ee pomo\u0107i da se osje\u0107ate aktivno i osvje\u017eeno, uz pobolj\u0161ano raspolo\u017eenje, pozornost i budnost.<\/p>\n<p>15 x 10 ml<\/p>","protected":false},"featured_media":1544,"template":"","meta":[],"product_brand":[],"product_cat":[64,62,52,54],"product_tag":[67,77],"class_list":{"0":"post-1084","1":"product","2":"type-product","3":"status-publish","4":"has-post-thumbnail","6":"product_cat-imuno-shot-15","7":"product_cat-proizvodi","8":"product_cat-dodaci","9":"product_cat-medira","10":"product_tag-medira","11":"product_tag-shot","13":"first","14":"instock","15":"shipping-taxable","16":"purchasable","17":"product-type-simple"},"_links":{"self":[{"href":"https:\/\/www.rosa-vita.com\/en\/wp-json\/wp\/v2\/product\/1084","targetHints":{"allow":["GET"]}}],"collection":[{"href":"https:\/\/www.rosa-vita.com\/en\/wp-json\/wp\/v2\/product"}],"about":[{"href":"https:\/\/www.rosa-vita.com\/en\/wp-json\/wp\/v2\/types\/product"}],"version-history":[{"count":8,"href":"https:\/\/www.rosa-vita.com\/en\/wp-json\/wp\/v2\/product\/1084\/revisions"}],"predecessor-version":[{"id":2421,"href":"https:\/\/www.rosa-vita.com\/en\/wp-json\/wp\/v2\/product\/1084\/revisions\/2421"}],"wp:featuredmedia":[{"embeddable":true,"href":"https:\/\/www.rosa-vita.com\/en\/wp-json\/wp\/v2\/media\/1544"}],"wp:attachment":[{"href":"https:\/\/www.rosa-vita.com\/en\/wp-json\/wp\/v2\/media?parent=1084"}],"wp:term":[{"taxonomy":"product_brand","embeddable":true,"href":"https:\/\/www.rosa-vita.com\/en\/wp-json\/wp\/v2\/product_brand?post=1084"},{"taxonomy":"product_cat","embeddable":true,"href":"https:\/\/www.rosa-vita.com\/en\/wp-json\/wp\/v2\/product_cat?post=1084"},{"taxonomy":"product_tag","embeddable":true,"href":"https:\/\/www.rosa-vita.com\/en\/wp-json\/wp\/v2\/product_tag?post=1084"}],"curies":[{"name":"wp","href":"https:\/\/api.w.org\/{rel}","templated":true}]}}