{"id":1897,"date":"2024-12-16T13:12:06","date_gmt":"2024-12-16T11:12:06","guid":{"rendered":"https:\/\/www.rosa-vita.com\/?page_id=1897"},"modified":"2025-08-10T13:37:06","modified_gmt":"2025-08-10T12:37:06","slug":"o-proizvodima","status":"publish","type":"page","link":"https:\/\/www.rosa-vita.com\/en\/o-proizvodima\/","title":{"rendered":"O Proizvodima&#8230;"},"content":{"rendered":"<div data-elementor-type=\"wp-page\" data-elementor-id=\"1897\" class=\"elementor elementor-1897\">\n\t\t\t\t<div class=\"elementor-element elementor-element-98eeaf4 e-flex e-con-boxed e-con e-parent\" data-id=\"98eeaf4\" data-element_type=\"container\">\n\t\t\t\t\t<div class=\"e-con-inner\">\n\t\t\t\t<div class=\"elementor-element elementor-element-cc3e5a6 elementor-widget elementor-widget-heading\" data-id=\"cc3e5a6\" data-element_type=\"widget\" data-widget_type=\"heading.default\">\n\t\t\t\t<div class=\"elementor-widget-container\">\n\t\t\t\t\t<h2 class=\"elementor-heading-title elementor-size-default\">About Products<\/h2>\t\t\t\t<\/div>\n\t\t\t\t<\/div>\n\t\t\t\t<div class=\"elementor-element elementor-element-7930c5a elementor-widget-divider--view-line elementor-widget elementor-widget-divider\" data-id=\"7930c5a\" data-element_type=\"widget\" data-widget_type=\"divider.default\">\n\t\t\t\t<div class=\"elementor-widget-container\">\n\t\t\t\t\t\t\t<div class=\"elementor-divider\">\n\t\t\t<span class=\"elementor-divider-separator\">\n\t\t\t\t\t\t<\/span>\n\t\t<\/div>\n\t\t\t\t\t\t<\/div>\n\t\t\t\t<\/div>\n\t\t\t\t\t<\/div>\n\t\t\t\t<\/div>\n\t\t<div class=\"elementor-element elementor-element-6e874eb e-grid e-con-full e-con e-parent\" data-id=\"6e874eb\" data-element_type=\"container\">\n\t\t\t\t<div class=\"elementor-element elementor-element-8fe6d59 elementor-widget elementor-widget-image\" data-id=\"8fe6d59\" data-element_type=\"widget\" data-widget_type=\"image.default\">\n\t\t\t\t<div class=\"elementor-widget-container\">\n\t\t\t\t\t\t\t\t\t\t\t\t\t\t\t\t<a href=\"https:\/\/www.rosa-vita.com\/en\/product-category\/proizvodi\/dodaci\/\">\n\t\t\t\t\t\t\t<img decoding=\"async\" width=\"150\" height=\"150\" src=\"https:\/\/www.rosa-vita.com\/wp-content\/uploads\/2024\/12\/ROSA-supplements-logo-150x150.png\" class=\"attachment-thumbnail size-thumbnail wp-image-1893\" alt=\"\" srcset=\"https:\/\/www.rosa-vita.com\/wp-content\/uploads\/2024\/12\/ROSA-supplements-logo-150x150.png 150w, https:\/\/www.rosa-vita.com\/wp-content\/uploads\/2024\/12\/ROSA-supplements-logo-12x12.png 12w, https:\/\/www.rosa-vita.com\/wp-content\/uploads\/2024\/12\/ROSA-supplements-logo-100x100.png 100w\" sizes=\"(max-width: 150px) 100vw, 150px\" \/>\t\t\t\t\t\t\t\t<\/a>\n\t\t\t\t\t\t\t\t\t\t\t\t\t\t\t<\/div>\n\t\t\t\t<\/div>\n\t\t\t\t<div class=\"elementor-element elementor-element-9a9ad39 elementor-widget elementor-widget-image\" data-id=\"9a9ad39\" data-element_type=\"widget\" data-widget_type=\"image.default\">\n\t\t\t\t<div class=\"elementor-widget-container\">\n\t\t\t\t\t\t\t\t\t\t\t\t\t\t\t\t<a href=\"https:\/\/www.rosa-vita.com\/en\/product-category\/proizvodi\/kozmetika\/\">\n\t\t\t\t\t\t\t<img decoding=\"async\" width=\"150\" height=\"150\" src=\"https:\/\/www.rosa-vita.com\/wp-content\/uploads\/2024\/12\/ROSA-cosmetics-logo-150x150.png\" class=\"attachment-thumbnail size-thumbnail wp-image-1892\" alt=\"\" srcset=\"https:\/\/www.rosa-vita.com\/wp-content\/uploads\/2024\/12\/ROSA-cosmetics-logo-150x150.png 150w, https:\/\/www.rosa-vita.com\/wp-content\/uploads\/2024\/12\/ROSA-cosmetics-logo-12x12.png 12w, https:\/\/www.rosa-vita.com\/wp-content\/uploads\/2024\/12\/ROSA-cosmetics-logo-100x100.png 100w\" sizes=\"(max-width: 150px) 100vw, 150px\" \/>\t\t\t\t\t\t\t\t<\/a>\n\t\t\t\t\t\t\t\t\t\t\t\t\t\t\t<\/div>\n\t\t\t\t<\/div>\n\t\t\t\t<div class=\"elementor-element elementor-element-a72cef7 elementor-widget elementor-widget-text-editor\" data-id=\"a72cef7\" data-element_type=\"widget\" data-widget_type=\"text-editor.default\">\n\t\t\t\t<div class=\"elementor-widget-container\">\n\t\t\t\t\t\t\t\t\t<p><a href=\"https:\/\/www.rosa-vita.com\/en\/product-category\/proizvodi\/dodaci\/medira\/\"><strong>MED(I)RA <\/strong><\/a>je jedinstveni biljni kompleks s medom i pove\u0107anim udjelom <strong>ru\u017emarinske kiseline (RA)<\/strong> \u2013 jednim od <strong>najsna\u017enijih prirodnih antioksidansa<\/strong>. U sebi sadr\u017ei ekstrakte biljaka poput ru\u017emarina, lavande, komora\u010da, mati\u010dnjaka, citronovca, mirte, \u0161ipka, zelene kave i borovice, poznatih po ljekovitim svojstvima.<\/p><p>Dobiven patentiranom metodom protustrujne hidrosolne ekstrakcije, MED(I)RA zadr\u017eava maksimalnu \u010disto\u0107u i snagu aktivnih tvari, bez kemijskih otapala. Ru\u017emarinska kiselina i ostali polifenoli \u0161tite stanice od oksidativnog stresa, smanjuju upale, usporavaju proces starenja i ja\u010daju imunitet.<\/p><p><strong>\u0160to MED(I)RA-u \u010dini posebnom:<\/strong><\/p><ul><li>Vi\u0161e od 7500 mg\/L ukupnih polifenola s dominantnim udjelom ru\u017emarinske kiseline<\/li><li>Sinergija meda i polifenola za ve\u0107u stabilnost, topljivost i bioraspolo\u017eivost<\/li><li>Visok antioksidativni potencijal, u\u010dinkovitija apsorpcija od tableta ili kapsula<\/li><li>Za\u0161tita od UV zra\u010denja i podr\u0161ka zdravlju ko\u017ee<\/li><li>Izra\u017eeno protuupalno djelovanje<\/li><li>Ugodan okus unato\u010d visokoj koncentraciji polifenola<\/li><li>Stabilna struktura otporna na visoke temperature \u2013 pogodna i za kulinarsku primjenu<\/li><\/ul><p>MED(I)RA dolazi u pet funkcionalnih varijanti: <strong>Protect, Energy, Chill, Balance<\/strong> i <strong>Digestion<\/strong> &#8211; svaka s pa\u017eljivo odabranim biljnim ekstraktima za ciljanu podr\u0161ku zdravlju i vitalnosti.<\/p><p><strong>FUNKCIONALNI NAPITCI (KONCENTRATI)<\/strong><\/p><p>ROSA VITA funkcionalni napitci sadr\u017ee visoku koncentraciju <strong>ru\u017emarinske kiseline<\/strong> i drugih polifenola iz mediteranskih ljekovitih biljaka, uz vitamine A, C i E te minerale poput bakra, selena i cinka. Ova sinergija sastojaka poma\u017ee neutralizirati slobodne radikale, podr\u017eava imunosni sustav, pobolj\u0161ava probavu te smanjuje upalne i degenerativne procese u organizmu.<\/p><p>Svi ekstrakti dobivaju se patentiranom metodom protustrujne hidrosolne ekstrakcije koja \u010duva punu bioaktivnost sastojaka. Polifenoli, uz antioksidativni u\u010dinak, povoljno djeluju na ravnote\u017eu hormona, funkciju jetre, zdravlje krvnih \u017eila i otpornost organizma na vanjske \u0161tetne utjecaje.<\/p><p>Funkcionalni napitci dostupni su u tri varijante:<\/p><ul><li><strong>Detox(i)ra<\/strong> \u2013 podr\u0161ka prirodnim detoksikacijskim procesima i radu jetre<\/li><\/ul><ul><li><strong>Relax(i)ra<\/strong> \u2013 opu\u0161tanje, smanjenje stresa i podr\u0161ka kvalitetnom snu<\/li><\/ul><ul><li><strong>Balans(i)ra<\/strong> \u2013 pomo\u0107 kod regulacije probave i op\u0107e tjelesne ravnote\u017ee<\/li><\/ul>\t\t\t\t\t\t\t\t<\/div>\n\t\t\t\t<\/div>\n\t\t\t\t<div class=\"elementor-element elementor-element-d3df3e7 elementor-widget elementor-widget-text-editor\" data-id=\"d3df3e7\" data-element_type=\"widget\" data-widget_type=\"text-editor.default\">\n\t\t\t\t<div class=\"elementor-widget-container\">\n\t\t\t\t\t\t\t\t\t<p class=\"MsoNormal\" style=\"text-align: justify;\"><a href=\"https:\/\/www.rosa-vita.com\/en\/product-category\/proizvodi\/kozmetika\/\"><b><span lang=\"HR\">ROSA COSMETICS\u00a0<\/span><\/b><\/a>je linija 100% prirodnih proizvoda za lice, razvijena na temelju znanstvenih spoznaja o djelovanju <strong>ru\u017emarinske kiseline<\/strong> \u2013 mo\u0107nog antioksidansa koji \u0161titi stanice od o\u0161te\u0107enja, usporava proces starenja i poti\u010de regeneraciju ko\u017ee.<\/p><p>Ru\u017emarinska kiselina u kombinaciji s \u010distim esencijalnim uljima aromati\u010dnih biljaka iz Istre pru\u017ea ko\u017ei sna\u017enu antioksidativnu i protuupalnu za\u0161titu, poti\u010de obnovu DNA i poma\u017ee u o\u010duvanju prirodne elasti\u010dnosti i vlage.<\/p><p><strong>Klju\u010dne prednosti za lice:<\/strong><\/p><ul><li>Smanjuje vidljivost bora, linija i hiperpigmentacijskih mrlja<\/li><li>Pru\u017ea za\u0161titu od negativnih u\u010dinaka UV zra\u010denja<\/li><li>Pobolj\u0161ava tonus i teksturu ko\u017ee<\/li><li>Umiruje osjetljivu ko\u017eu i smanjuje crvenilo<\/li><li>Ostavlja ko\u017eu glatkom, svje\u017eom, blistavom i vizualno mla\u0111om<\/li><\/ul><p class=\"MsoNormal\" style=\"text-align: justify;\">\u00a0<\/p>\t\t\t\t\t\t\t\t<\/div>\n\t\t\t\t<\/div>\n\t\t\t\t<\/div>\n\t\t\t\t<\/div>","protected":false},"excerpt":{"rendered":"<p>O proizvodima MED(I)RA je jedinstveni biljni kompleks s medom i pove\u0107anim udjelom ru\u017emarinske kiseline (RA) \u2013 jednim od najsna\u017enijih prirodnih&#8230;<\/p>","protected":false},"author":1,"featured_media":0,"parent":0,"menu_order":0,"comment_status":"closed","ping_status":"closed","template":"","meta":{"footnotes":""},"class_list":["post-1897","page","type-page","status-publish","hentry"],"post-meta":{"_edit_lock":["1754833691:6"],"_edit_last":["1"],"site-container":["default"],"site-header-transparent":["default"],"site-page-header":["default"],"site-sidebar":["default"],"_elementor_edit_mode":["builder"],"_elementor_template_type":["wp-page"],"_elementor_version":["3.30.4"],"_wp_page_template":["default"],"_elementor_page_settings":["a:4:{s:18:\"eael_ext_toc_title\";s:17:\"Table of Contents\";s:22:\"eael_ext_scroll_to_top\";s:3:\"yes\";s:29:\"eael_ext_scroll_to_top_global\";s:3:\"yes\";s:38:\"eael_ext_scroll_to_top_button_bg_color\";s:7:\"#C2996B\";}"],"_elementor_data":["[{\"id\":\"98eeaf4\",\"elType\":\"container\",\"settings\":[],\"elements\":[{\"id\":\"cc3e5a6\",\"elType\":\"widget\",\"settings\":{\"title\":\"O proizvodima\",\"align\":\"center\",\"text_shadow_text_shadow_type\":\"yes\",\"text_shadow_text_shadow\":{\"horizontal\":2,\"vertical\":2,\"blur\":2,\"color\":\"rgba(0,0,0,0.3)\"}},\"elements\":[],\"widgetType\":\"heading\"},{\"id\":\"7930c5a\",\"elType\":\"widget\",\"settings\":{\"width\":{\"unit\":\"%\",\"size\":70,\"sizes\":[]},\"align\":\"center\",\"text\":\"Divider\",\"color\":\"#C2996B\",\"weight\":{\"unit\":\"px\",\"size\":2.5,\"sizes\":[]},\"gap\":{\"unit\":\"px\",\"size\":5,\"sizes\":[]}},\"elements\":[],\"widgetType\":\"divider\"}],\"isInner\":false},{\"id\":\"6e874eb\",\"elType\":\"container\",\"settings\":{\"container_type\":\"grid\",\"presetTitle\":\"Grid\",\"presetIcon\":\"eicon-container-grid\",\"content_width\":\"full\",\"grid_columns_grid\":{\"unit\":\"fr\",\"size\":2,\"sizes\":[]},\"grid_rows_grid\":{\"unit\":\"fr\",\"size\":1,\"sizes\":[]}},\"elements\":[{\"id\":\"8fe6d59\",\"elType\":\"widget\",\"settings\":{\"image\":{\"url\":\"https:\\\/\\\/www.rosa-vita.com\\\/wp-content\\\/uploads\\\/2024\\\/12\\\/ROSA-supplements-logo.png\",\"id\":1893,\"size\":\"\",\"alt\":\"\",\"source\":\"library\"},\"image_size\":\"thumbnail\",\"link_to\":\"custom\",\"link\":{\"url\":\"https:\\\/\\\/www.rosa-vita.com\\\/product-category\\\/proizvodi\\\/dodaci\\\/\",\"is_external\":\"\",\"nofollow\":\"\",\"custom_attributes\":\"\"}},\"elements\":[],\"widgetType\":\"image\"},{\"id\":\"9a9ad39\",\"elType\":\"widget\",\"settings\":{\"image\":{\"url\":\"https:\\\/\\\/www.rosa-vita.com\\\/wp-content\\\/uploads\\\/2024\\\/12\\\/ROSA-cosmetics-logo.png\",\"id\":1892,\"size\":\"\",\"alt\":\"\",\"source\":\"library\"},\"image_size\":\"thumbnail\",\"link_to\":\"custom\",\"link\":{\"url\":\"https:\\\/\\\/www.rosa-vita.com\\\/product-category\\\/proizvodi\\\/kozmetika\\\/\",\"is_external\":\"\",\"nofollow\":\"\",\"custom_attributes\":\"\"}},\"elements\":[],\"widgetType\":\"image\"},{\"id\":\"a72cef7\",\"elType\":\"widget\",\"settings\":{\"editor\":\"<p><a href=\\\"https:\\\/\\\/www.rosa-vita.com\\\/product-category\\\/proizvodi\\\/dodaci\\\/medira\\\/\\\"><strong>MED(I)RA <\\\/strong><\\\/a>je jedinstveni biljni kompleks s medom i pove\\u0107anim udjelom <strong>ru\\u017emarinske kiseline (RA)<\\\/strong> \\u2013 jednim od <strong>najsna\\u017enijih prirodnih antioksidansa<\\\/strong>. U sebi sadr\\u017ei ekstrakte biljaka poput ru\\u017emarina, lavande, komora\\u010da, mati\\u010dnjaka, citronovca, mirte, \\u0161ipka, zelene kave i borovice, poznatih po ljekovitim svojstvima.<\\\/p><p>Dobiven patentiranom metodom protustrujne hidrosolne ekstrakcije, MED(I)RA zadr\\u017eava maksimalnu \\u010disto\\u0107u i snagu aktivnih tvari, bez kemijskih otapala. Ru\\u017emarinska kiselina i ostali polifenoli \\u0161tite stanice od oksidativnog stresa, smanjuju upale, usporavaju proces starenja i ja\\u010daju imunitet.<\\\/p><p><strong>\\u0160to MED(I)RA-u \\u010dini posebnom:<\\\/strong><\\\/p><ul><li>Vi\\u0161e od 7500 mg\\\/L ukupnih polifenola s dominantnim udjelom ru\\u017emarinske kiseline<\\\/li><li>Sinergija meda i polifenola za ve\\u0107u stabilnost, topljivost i bioraspolo\\u017eivost<\\\/li><li>Visok antioksidativni potencijal, u\\u010dinkovitija apsorpcija od tableta ili kapsula<\\\/li><li>Za\\u0161tita od UV zra\\u010denja i podr\\u0161ka zdravlju ko\\u017ee<\\\/li><li>Izra\\u017eeno protuupalno djelovanje<\\\/li><li>Ugodan okus unato\\u010d visokoj koncentraciji polifenola<\\\/li><li>Stabilna struktura otporna na visoke temperature \\u2013 pogodna i za kulinarsku primjenu<\\\/li><\\\/ul><p>MED(I)RA dolazi u pet funkcionalnih varijanti: <strong>Protect, Energy, Chill, Balance<\\\/strong> i <strong>Digestion<\\\/strong> - svaka s pa\\u017eljivo odabranim biljnim ekstraktima za ciljanu podr\\u0161ku zdravlju i vitalnosti.<\\\/p><p><strong>FUNKCIONALNI NAPITCI (KONCENTRATI)<\\\/strong><\\\/p><p>ROSA VITA funkcionalni napitci sadr\\u017ee visoku koncentraciju <strong>ru\\u017emarinske kiseline<\\\/strong> i drugih polifenola iz mediteranskih ljekovitih biljaka, uz vitamine A, C i E te minerale poput bakra, selena i cinka. Ova sinergija sastojaka poma\\u017ee neutralizirati slobodne radikale, podr\\u017eava imunosni sustav, pobolj\\u0161ava probavu te smanjuje upalne i degenerativne procese u organizmu.<\\\/p><p>Svi ekstrakti dobivaju se patentiranom metodom protustrujne hidrosolne ekstrakcije koja \\u010duva punu bioaktivnost sastojaka. Polifenoli, uz antioksidativni u\\u010dinak, povoljno djeluju na ravnote\\u017eu hormona, funkciju jetre, zdravlje krvnih \\u017eila i otpornost organizma na vanjske \\u0161tetne utjecaje.<\\\/p><p>Funkcionalni napitci dostupni su u tri varijante:<\\\/p><ul><li><strong>Detox(i)ra<\\\/strong> \\u2013 podr\\u0161ka prirodnim detoksikacijskim procesima i radu jetre<\\\/li><\\\/ul><ul><li><strong>Relax(i)ra<\\\/strong> \\u2013 opu\\u0161tanje, smanjenje stresa i podr\\u0161ka kvalitetnom snu<\\\/li><\\\/ul><ul><li><strong>Balans(i)ra<\\\/strong> \\u2013 pomo\\u0107 kod regulacije probave i op\\u0107e tjelesne ravnote\\u017ee<\\\/li><\\\/ul>\"},\"elements\":[],\"widgetType\":\"text-editor\"},{\"id\":\"d3df3e7\",\"elType\":\"widget\",\"settings\":{\"editor\":\"<p class=\\\"MsoNormal\\\" style=\\\"text-align: justify;\\\"><a href=\\\"https:\\\/\\\/www.rosa-vita.com\\\/product-category\\\/proizvodi\\\/kozmetika\\\/\\\"><b><span lang=\\\"HR\\\">ROSA COSMETICS\\u00a0<\\\/span><\\\/b><\\\/a>je linija 100% prirodnih proizvoda za lice, razvijena na temelju znanstvenih spoznaja o djelovanju <strong>ru\\u017emarinske kiseline<\\\/strong> \\u2013 mo\\u0107nog antioksidansa koji \\u0161titi stanice od o\\u0161te\\u0107enja, usporava proces starenja i poti\\u010de regeneraciju ko\\u017ee.<\\\/p><p>Ru\\u017emarinska kiselina u kombinaciji s \\u010distim esencijalnim uljima aromati\\u010dnih biljaka iz Istre pru\\u017ea ko\\u017ei sna\\u017enu antioksidativnu i protuupalnu za\\u0161titu, poti\\u010de obnovu DNA i poma\\u017ee u o\\u010duvanju prirodne elasti\\u010dnosti i vlage.<\\\/p><p><strong>Klju\\u010dne prednosti za lice:<\\\/strong><\\\/p><ul><li>Smanjuje vidljivost bora, linija i hiperpigmentacijskih mrlja<\\\/li><li>Pru\\u017ea za\\u0161titu od negativnih u\\u010dinaka UV zra\\u010denja<\\\/li><li>Pobolj\\u0161ava tonus i teksturu ko\\u017ee<\\\/li><li>Umiruje osjetljivu ko\\u017eu i smanjuje crvenilo<\\\/li><li>Ostavlja ko\\u017eu glatkom, svje\\u017eom, blistavom i vizualno mla\\u0111om<\\\/li><\\\/ul><p class=\\\"MsoNormal\\\" style=\\\"text-align: justify;\\\">\\u00a0<\\\/p>\"},\"elements\":[],\"widgetType\":\"text-editor\"}],\"isInner\":false}]"],"_eael_custom_js":[""],"_elementor_page_assets":["a:2:{s:6:\"styles\";a:3:{i:0;s:14:\"widget-heading\";i:1;s:14:\"widget-divider\";i:2;s:12:\"widget-image\";}s:7:\"scripts\";a:1:{i:0;s:18:\"elementor-frontend\";}}"],"_elementor_css":["a:6:{s:4:\"time\";i:1775708314;s:5:\"fonts\";a:0:{}s:5:\"icons\";a:0:{}s:20:\"dynamic_elements_ids\";a:0:{}s:6:\"status\";s:4:\"file\";i:0;s:0:\"\";}"],"_elementor_element_cache":["{\"timeout\":1776835660,\"value\":{\"content\":\"<div class=\\\"elementor-element elementor-element-98eeaf4 e-flex e-con-boxed e-con e-parent\\\" data-id=\\\"98eeaf4\\\" data-element_type=\\\"container\\\">\\n\\t\\t\\t\\t\\t<div class=\\\"e-con-inner\\\">\\n\\t\\t\\t\\t<div class=\\\"elementor-element elementor-element-cc3e5a6 elementor-widget elementor-widget-heading\\\" data-id=\\\"cc3e5a6\\\" data-element_type=\\\"widget\\\" data-widget_type=\\\"heading.default\\\">\\n\\t\\t\\t\\t<div class=\\\"elementor-widget-container\\\">\\n\\t\\t\\t\\t\\t<h2 class=\\\"elementor-heading-title elementor-size-default\\\">O proizvodima<\\\/h2>\\t\\t\\t\\t<\\\/div>\\n\\t\\t\\t\\t<\\\/div>\\n\\t\\t\\t\\t<div class=\\\"elementor-element elementor-element-7930c5a elementor-widget-divider--view-line elementor-widget elementor-widget-divider\\\" data-id=\\\"7930c5a\\\" data-element_type=\\\"widget\\\" data-widget_type=\\\"divider.default\\\">\\n\\t\\t\\t\\t<div class=\\\"elementor-widget-container\\\">\\n\\t\\t\\t\\t\\t\\t\\t<div class=\\\"elementor-divider\\\">\\n\\t\\t\\t<span class=\\\"elementor-divider-separator\\\">\\n\\t\\t\\t\\t\\t\\t<\\\/span>\\n\\t\\t<\\\/div>\\n\\t\\t\\t\\t\\t\\t<\\\/div>\\n\\t\\t\\t\\t<\\\/div>\\n\\t\\t\\t\\t\\t<\\\/div>\\n\\t\\t\\t\\t<\\\/div>\\n\\t\\t<div class=\\\"elementor-element elementor-element-6e874eb e-grid e-con-full e-con e-parent\\\" data-id=\\\"6e874eb\\\" data-element_type=\\\"container\\\">\\n\\t\\t\\t\\t<div class=\\\"elementor-element elementor-element-8fe6d59 elementor-widget elementor-widget-image\\\" data-id=\\\"8fe6d59\\\" data-element_type=\\\"widget\\\" data-widget_type=\\\"image.default\\\">\\n\\t\\t\\t\\t<div class=\\\"elementor-widget-container\\\">\\n\\t\\t\\t\\t\\t\\t\\t\\t\\t\\t\\t\\t\\t\\t\\t\\t<a href=\\\"https:\\\/\\\/www.rosa-vita.com\\\/product-category\\\/proizvodi\\\/dodaci\\\/\\\">\\n\\t\\t\\t\\t\\t\\t\\t<img width=\\\"150\\\" height=\\\"150\\\" src=\\\"https:\\\/\\\/www.rosa-vita.com\\\/wp-content\\\/uploads\\\/2024\\\/12\\\/ROSA-supplements-logo-150x150.png\\\" class=\\\"attachment-thumbnail size-thumbnail wp-image-1893\\\" alt=\\\"\\\" srcset=\\\"https:\\\/\\\/www.rosa-vita.com\\\/wp-content\\\/uploads\\\/2024\\\/12\\\/ROSA-supplements-logo-150x150.png 150w, https:\\\/\\\/www.rosa-vita.com\\\/wp-content\\\/uploads\\\/2024\\\/12\\\/ROSA-supplements-logo-12x12.png 12w, https:\\\/\\\/www.rosa-vita.com\\\/wp-content\\\/uploads\\\/2024\\\/12\\\/ROSA-supplements-logo-100x100.png 100w\\\" sizes=\\\"(max-width: 150px) 100vw, 150px\\\" \\\/>\\t\\t\\t\\t\\t\\t\\t\\t<\\\/a>\\n\\t\\t\\t\\t\\t\\t\\t\\t\\t\\t\\t\\t\\t\\t\\t<\\\/div>\\n\\t\\t\\t\\t<\\\/div>\\n\\t\\t\\t\\t<div class=\\\"elementor-element elementor-element-9a9ad39 elementor-widget elementor-widget-image\\\" data-id=\\\"9a9ad39\\\" data-element_type=\\\"widget\\\" data-widget_type=\\\"image.default\\\">\\n\\t\\t\\t\\t<div class=\\\"elementor-widget-container\\\">\\n\\t\\t\\t\\t\\t\\t\\t\\t\\t\\t\\t\\t\\t\\t\\t\\t<a href=\\\"https:\\\/\\\/www.rosa-vita.com\\\/product-category\\\/proizvodi\\\/kozmetika\\\/\\\">\\n\\t\\t\\t\\t\\t\\t\\t<img width=\\\"150\\\" height=\\\"150\\\" src=\\\"https:\\\/\\\/www.rosa-vita.com\\\/wp-content\\\/uploads\\\/2024\\\/12\\\/ROSA-cosmetics-logo-150x150.png\\\" class=\\\"attachment-thumbnail size-thumbnail wp-image-1892\\\" alt=\\\"\\\" srcset=\\\"https:\\\/\\\/www.rosa-vita.com\\\/wp-content\\\/uploads\\\/2024\\\/12\\\/ROSA-cosmetics-logo-150x150.png 150w, https:\\\/\\\/www.rosa-vita.com\\\/wp-content\\\/uploads\\\/2024\\\/12\\\/ROSA-cosmetics-logo-12x12.png 12w, https:\\\/\\\/www.rosa-vita.com\\\/wp-content\\\/uploads\\\/2024\\\/12\\\/ROSA-cosmetics-logo-100x100.png 100w\\\" sizes=\\\"(max-width: 150px) 100vw, 150px\\\" \\\/>\\t\\t\\t\\t\\t\\t\\t\\t<\\\/a>\\n\\t\\t\\t\\t\\t\\t\\t\\t\\t\\t\\t\\t\\t\\t\\t<\\\/div>\\n\\t\\t\\t\\t<\\\/div>\\n\\t\\t[elementor-element k=\\\"dadcf5640c9b8a74abcf6b202836d954\\\" data=\\\"eyJpZCI6ImE3MmNlZjciLCJlbFR5cGUiOiJ3aWRnZXQiLCJzZXR0aW5ncyI6eyJlZGl0b3IiOiI8cD48YSBocmVmPVwiaHR0cHM6XC9cL3d3dy5yb3NhLXZpdGEuY29tXC9wcm9kdWN0LWNhdGVnb3J5XC9wcm9penZvZGlcL2RvZGFjaVwvbWVkaXJhXC9cIj48c3Ryb25nPk1FRChJKVJBIDxcL3N0cm9uZz48XC9hPmplIGplZGluc3R2ZW5pIGJpbGpuaSBrb21wbGVrcyBzIG1lZG9tIGkgcG92ZVx1MDEwN2FuaW0gdWRqZWxvbSA8c3Ryb25nPnJ1XHUwMTdlbWFyaW5za2Uga2lzZWxpbmUgKFJBKTxcL3N0cm9uZz4gXHUyMDEzIGplZG5pbSBvZCA8c3Ryb25nPm5hanNuYVx1MDE3ZW5pamloIHByaXJvZG5paCBhbnRpb2tzaWRhbnNhPFwvc3Ryb25nPi4gVSBzZWJpIHNhZHJcdTAxN2VpIGVrc3RyYWt0ZSBiaWxqYWthIHBvcHV0IHJ1XHUwMTdlbWFyaW5hLCBsYXZhbmRlLCBrb21vcmFcdTAxMGRhLCBtYXRpXHUwMTBkbmpha2EsIGNpdHJvbm92Y2EsIG1pcnRlLCBcdTAxNjFpcGthLCB6ZWxlbmUga2F2ZSBpIGJvcm92aWNlLCBwb3puYXRpaCBwbyBsamVrb3ZpdGltIHN2b2pzdHZpbWEuPFwvcD48cD5Eb2JpdmVuIHBhdGVudGlyYW5vbSBtZXRvZG9tIHByb3R1c3RydWpuZSBoaWRyb3NvbG5lIGVrc3RyYWtjaWplLCBNRUQoSSlSQSB6YWRyXHUwMTdlYXZhIG1ha3NpbWFsbnUgXHUwMTBkaXN0b1x1MDEwN3UgaSBzbmFndSBha3Rpdm5paCB0dmFyaSwgYmV6IGtlbWlqc2tpaCBvdGFwYWxhLiBSdVx1MDE3ZW1hcmluc2thIGtpc2VsaW5hIGkgb3N0YWxpIHBvbGlmZW5vbGkgXHUwMTYxdGl0ZSBzdGFuaWNlIG9kIG9rc2lkYXRpdm5vZyBzdHJlc2EsIHNtYW5qdWp1IHVwYWxlLCB1c3BvcmF2YWp1IHByb2NlcyBzdGFyZW5qYSBpIGphXHUwMTBkYWp1IGltdW5pdGV0LjxcL3A+PHA+PHN0cm9uZz5cdTAxNjB0byBNRUQoSSlSQS11IFx1MDEwZGluaSBwb3NlYm5vbTo8XC9zdHJvbmc+PFwvcD48dWw+PGxpPlZpXHUwMTYxZSBvZCA3NTAwIG1nXC9MIHVrdXBuaWggcG9saWZlbm9sYSBzIGRvbWluYW50bmltIHVkamVsb20gcnVcdTAxN2VtYXJpbnNrZSBraXNlbGluZTxcL2xpPjxsaT5TaW5lcmdpamEgbWVkYSBpIHBvbGlmZW5vbGEgemEgdmVcdTAxMDd1IHN0YWJpbG5vc3QsIHRvcGxqaXZvc3QgaSBiaW9yYXNwb2xvXHUwMTdlaXZvc3Q8XC9saT48bGk+Vmlzb2sgYW50aW9rc2lkYXRpdm5pIHBvdGVuY2lqYWwsIHVcdTAxMGRpbmtvdml0aWphIGFwc29ycGNpamEgb2QgdGFibGV0YSBpbGkga2Fwc3VsYTxcL2xpPjxsaT5aYVx1MDE2MXRpdGEgb2QgVVYgenJhXHUwMTBkZW5qYSBpIHBvZHJcdTAxNjFrYSB6ZHJhdmxqdSBrb1x1MDE3ZWU8XC9saT48bGk+SXpyYVx1MDE3ZWVubyBwcm90dXVwYWxubyBkamVsb3ZhbmplPFwvbGk+PGxpPlVnb2RhbiBva3VzIHVuYXRvXHUwMTBkIHZpc29rb2oga29uY2VudHJhY2lqaSBwb2xpZmVub2xhPFwvbGk+PGxpPlN0YWJpbG5hIHN0cnVrdHVyYSBvdHBvcm5hIG5hIHZpc29rZSB0ZW1wZXJhdHVyZSBcdTIwMTMgcG9nb2RuYSBpIHphIGt1bGluYXJza3UgcHJpbWplbnU8XC9saT48XC91bD48cD5NRUQoSSlSQSBkb2xhemkgdSBwZXQgZnVua2Npb25hbG5paCB2YXJpamFudGk6IDxzdHJvbmc+UHJvdGVjdCwgRW5lcmd5LCBDaGlsbCwgQmFsYW5jZTxcL3N0cm9uZz4gaSA8c3Ryb25nPkRpZ2VzdGlvbjxcL3N0cm9uZz4gLSBzdmFrYSBzIHBhXHUwMTdlbGppdm8gb2RhYnJhbmltIGJpbGpuaW0gZWtzdHJha3RpbWEgemEgY2lsamFudSBwb2RyXHUwMTYxa3UgemRyYXZsanUgaSB2aXRhbG5vc3RpLjxcL3A+PHA+PHN0cm9uZz5GVU5LQ0lPTkFMTkkgTkFQSVRDSSAoS09OQ0VOVFJBVEkpPFwvc3Ryb25nPjxcL3A+PHA+Uk9TQSBWSVRBIGZ1bmtjaW9uYWxuaSBuYXBpdGNpIHNhZHJcdTAxN2VlIHZpc29rdSBrb25jZW50cmFjaWp1IDxzdHJvbmc+cnVcdTAxN2VtYXJpbnNrZSBraXNlbGluZTxcL3N0cm9uZz4gaSBkcnVnaWggcG9saWZlbm9sYSBpeiBtZWRpdGVyYW5za2loIGxqZWtvdml0aWggYmlsamFrYSwgdXogdml0YW1pbmUgQSwgQyBpIEUgdGUgbWluZXJhbGUgcG9wdXQgYmFrcmEsIHNlbGVuYSBpIGNpbmthLiBPdmEgc2luZXJnaWphIHNhc3RvamFrYSBwb21hXHUwMTdlZSBuZXV0cmFsaXppcmF0aSBzbG9ib2RuZSByYWRpa2FsZSwgcG9kclx1MDE3ZWF2YSBpbXVub3NuaSBzdXN0YXYsIHBvYm9salx1MDE2MWF2YSBwcm9iYXZ1IHRlIHNtYW5qdWplIHVwYWxuZSBpIGRlZ2VuZXJhdGl2bmUgcHJvY2VzZSB1IG9yZ2FuaXptdS48XC9wPjxwPlN2aSBla3N0cmFrdGkgZG9iaXZhanUgc2UgcGF0ZW50aXJhbm9tIG1ldG9kb20gcHJvdHVzdHJ1am5lIGhpZHJvc29sbmUgZWtzdHJha2NpamUga29qYSBcdTAxMGR1dmEgcHVudSBiaW9ha3Rpdm5vc3Qgc2FzdG9qYWthLiBQb2xpZmVub2xpLCB1eiBhbnRpb2tzaWRhdGl2bmkgdVx1MDEwZGluYWssIHBvdm9sam5vIGRqZWx1anUgbmEgcmF2bm90ZVx1MDE3ZXUgaG9ybW9uYSwgZnVua2NpanUgamV0cmUsIHpkcmF2bGplIGtydm5paCBcdTAxN2VpbGEgaSBvdHBvcm5vc3Qgb3JnYW5pem1hIG5hIHZhbmpza2UgXHUwMTYxdGV0bmUgdXRqZWNhamUuPFwvcD48cD5GdW5rY2lvbmFsbmkgbmFwaXRjaSBkb3N0dXBuaSBzdSB1IHRyaSB2YXJpamFudGU6PFwvcD48dWw+PGxpPjxzdHJvbmc+RGV0b3goaSlyYTxcL3N0cm9uZz4gXHUyMDEzIHBvZHJcdTAxNjFrYSBwcmlyb2RuaW0gZGV0b2tzaWthY2lqc2tpbSBwcm9jZXNpbWEgaSByYWR1IGpldHJlPFwvbGk+PFwvdWw+PHVsPjxsaT48c3Ryb25nPlJlbGF4KGkpcmE8XC9zdHJvbmc+IFx1MjAxMyBvcHVcdTAxNjF0YW5qZSwgc21hbmplbmplIHN0cmVzYSBpIHBvZHJcdTAxNjFrYSBrdmFsaXRldG5vbSBzbnU8XC9saT48XC91bD48dWw+PGxpPjxzdHJvbmc+QmFsYW5zKGkpcmE8XC9zdHJvbmc+IFx1MjAxMyBwb21vXHUwMTA3IGtvZCByZWd1bGFjaWplIHByb2JhdmUgaSBvcFx1MDEwN2UgdGplbGVzbmUgcmF2bm90ZVx1MDE3ZWU8XC9saT48XC91bD4ifSwiZWxlbWVudHMiOltdLCJ3aWRnZXRUeXBlIjoidGV4dC1lZGl0b3IifQ==\\\"][elementor-element k=\\\"dadcf5640c9b8a74abcf6b202836d954\\\" data=\\\"eyJpZCI6ImQzZGYzZTciLCJlbFR5cGUiOiJ3aWRnZXQiLCJzZXR0aW5ncyI6eyJlZGl0b3IiOiI8cCBjbGFzcz1cIk1zb05vcm1hbFwiIHN0eWxlPVwidGV4dC1hbGlnbjoganVzdGlmeTtcIj48YSBocmVmPVwiaHR0cHM6XC9cL3d3dy5yb3NhLXZpdGEuY29tXC9wcm9kdWN0LWNhdGVnb3J5XC9wcm9penZvZGlcL2tvem1ldGlrYVwvXCI+PGI+PHNwYW4gbGFuZz1cIkhSXCI+Uk9TQSBDT1NNRVRJQ1NcdTAwYTA8XC9zcGFuPjxcL2I+PFwvYT5qZSBsaW5pamEgMTAwJSBwcmlyb2RuaWggcHJvaXp2b2RhIHphIGxpY2UsIHJhenZpamVuYSBuYSB0ZW1lbGp1IHpuYW5zdHZlbmloIHNwb3puYWphIG8gZGplbG92YW5qdSA8c3Ryb25nPnJ1XHUwMTdlbWFyaW5za2Uga2lzZWxpbmU8XC9zdHJvbmc+IFx1MjAxMyBtb1x1MDEwN25vZyBhbnRpb2tzaWRhbnNhIGtvamkgXHUwMTYxdGl0aSBzdGFuaWNlIG9kIG9cdTAxNjF0ZVx1MDEwN2VuamEsIHVzcG9yYXZhIHByb2NlcyBzdGFyZW5qYSBpIHBvdGlcdTAxMGRlIHJlZ2VuZXJhY2lqdSBrb1x1MDE3ZWUuPFwvcD48cD5SdVx1MDE3ZW1hcmluc2thIGtpc2VsaW5hIHUga29tYmluYWNpamkgcyBcdTAxMGRpc3RpbSBlc2VuY2lqYWxuaW0gdWxqaW1hIGFyb21hdGlcdTAxMGRuaWggYmlsamFrYSBpeiBJc3RyZSBwcnVcdTAxN2VhIGtvXHUwMTdlaSBzbmFcdTAxN2VudSBhbnRpb2tzaWRhdGl2bnUgaSBwcm90dXVwYWxudSB6YVx1MDE2MXRpdHUsIHBvdGlcdTAxMGRlIG9ibm92dSBETkEgaSBwb21hXHUwMTdlZSB1IG9cdTAxMGR1dmFuanUgcHJpcm9kbmUgZWxhc3RpXHUwMTBkbm9zdGkgaSB2bGFnZS48XC9wPjxwPjxzdHJvbmc+S2xqdVx1MDEwZG5lIHByZWRub3N0aSB6YSBsaWNlOjxcL3N0cm9uZz48XC9wPjx1bD48bGk+U21hbmp1amUgdmlkbGppdm9zdCBib3JhLCBsaW5pamEgaSBoaXBlcnBpZ21lbnRhY2lqc2tpaCBtcmxqYTxcL2xpPjxsaT5QcnVcdTAxN2VhIHphXHUwMTYxdGl0dSBvZCBuZWdhdGl2bmloIHVcdTAxMGRpbmFrYSBVViB6cmFcdTAxMGRlbmphPFwvbGk+PGxpPlBvYm9salx1MDE2MWF2YSB0b251cyBpIHRla3N0dXJ1IGtvXHUwMTdlZTxcL2xpPjxsaT5VbWlydWplIG9zamV0bGppdnUga29cdTAxN2V1IGkgc21hbmp1amUgY3J2ZW5pbG88XC9saT48bGk+T3N0YXZsamEga29cdTAxN2V1IGdsYXRrb20sIHN2amVcdTAxN2VvbSwgYmxpc3Rhdm9tIGkgdml6dWFsbm8gbWxhXHUwMTExb208XC9saT48XC91bD48cCBjbGFzcz1cIk1zb05vcm1hbFwiIHN0eWxlPVwidGV4dC1hbGlnbjoganVzdGlmeTtcIj5cdTAwYTA8XC9wPiJ9LCJlbGVtZW50cyI6W10sIndpZGdldFR5cGUiOiJ0ZXh0LWVkaXRvciJ9\\\"]\\t\\t<\\\/div>\\n\\t\\t\",\"scripts\":[],\"styles\":[]}}"]},"_links":{"self":[{"href":"https:\/\/www.rosa-vita.com\/en\/wp-json\/wp\/v2\/pages\/1897","targetHints":{"allow":["GET"]}}],"collection":[{"href":"https:\/\/www.rosa-vita.com\/en\/wp-json\/wp\/v2\/pages"}],"about":[{"href":"https:\/\/www.rosa-vita.com\/en\/wp-json\/wp\/v2\/types\/page"}],"author":[{"embeddable":true,"href":"https:\/\/www.rosa-vita.com\/en\/wp-json\/wp\/v2\/users\/1"}],"replies":[{"embeddable":true,"href":"https:\/\/www.rosa-vita.com\/en\/wp-json\/wp\/v2\/comments?post=1897"}],"version-history":[{"count":64,"href":"https:\/\/www.rosa-vita.com\/en\/wp-json\/wp\/v2\/pages\/1897\/revisions"}],"predecessor-version":[{"id":2376,"href":"https:\/\/www.rosa-vita.com\/en\/wp-json\/wp\/v2\/pages\/1897\/revisions\/2376"}],"wp:attachment":[{"href":"https:\/\/www.rosa-vita.com\/en\/wp-json\/wp\/v2\/media?parent=1897"}],"curies":[{"name":"wp","href":"https:\/\/api.w.org\/{rel}","templated":true}]}}