{"id":1826,"date":"2024-12-12T11:19:13","date_gmt":"2024-12-12T09:19:13","guid":{"rendered":"https:\/\/www.rosa-vita.com\/?page_id=1826"},"modified":"2025-01-23T13:28:26","modified_gmt":"2025-01-23T12:28:26","slug":"brosure-i-katalozi","status":"publish","type":"page","link":"https:\/\/www.rosa-vita.com\/en\/brosure-i-katalozi\/","title":{"rendered":"Brochures and Catalogs"},"content":{"rendered":"<div data-elementor-type=\"wp-page\" data-elementor-id=\"1826\" class=\"elementor elementor-1826\">\n\t\t\t\t<div class=\"elementor-element elementor-element-2b9efc0 e-flex e-con-boxed e-con e-parent\" data-id=\"2b9efc0\" data-element_type=\"container\">\n\t\t\t\t\t<div class=\"e-con-inner\">\n\t\t\t\t<div class=\"elementor-element elementor-element-4efe5e5 elementor-widget elementor-widget-heading\" data-id=\"4efe5e5\" data-element_type=\"widget\" data-widget_type=\"heading.default\">\n\t\t\t\t<div class=\"elementor-widget-container\">\n\t\t\t\t\t<h2 class=\"elementor-heading-title elementor-size-default\">Brochures and Catalogs<\/h2>\t\t\t\t<\/div>\n\t\t\t\t<\/div>\n\t\t\t\t<div class=\"elementor-element elementor-element-b0d0eba elementor-widget-divider--view-line elementor-widget elementor-widget-divider\" data-id=\"b0d0eba\" data-element_type=\"widget\" data-widget_type=\"divider.default\">\n\t\t\t\t<div class=\"elementor-widget-container\">\n\t\t\t\t\t\t\t<div class=\"elementor-divider\">\n\t\t\t<span class=\"elementor-divider-separator\">\n\t\t\t\t\t\t<\/span>\n\t\t<\/div>\n\t\t\t\t\t\t<\/div>\n\t\t\t\t<\/div>\n\t\t\t\t\t<\/div>\n\t\t\t\t<\/div>\n\t\t<div class=\"elementor-element elementor-element-3ef8c6f e-flex e-con-boxed e-con e-parent\" data-id=\"3ef8c6f\" data-element_type=\"container\">\n\t\t\t\t\t<div class=\"e-con-inner\">\n\t\t\t\t<div class=\"elementor-element elementor-element-7e5c857 elementor-widget elementor-widget-text-editor\" data-id=\"7e5c857\" data-element_type=\"widget\" data-widget_type=\"text-editor.default\">\n\t\t\t\t<div class=\"elementor-widget-container\">\n\t\t\t\t\t\t\t\t\t<p>ROSA VITA leaflet can be downloaded <a href=\"https:\/\/www.rosa-vita.com\/wp-content\/uploads\/2024\/12\/Rosa-Vita-Letak-Medira.pdf\">HERE<\/a>.<\/p><p>MED(I)RA Imuno Shot 15 deklaracije mo\u017eete preuzeti <a href=\"https:\/\/www.rosa-vita.com\/wp-content\/uploads\/2025\/01\/DEKLARACIJA_ROSA-VITA_MIMS15_-2025.pdf\">HERE<\/a>.<\/p><p>MED(I)RA against fatigue and stress leaflet can be downloaded <a href=\"https:\/\/www.rosa-vita.com\/wp-content\/uploads\/2024\/12\/Rosa-Vita-Letak-Medira_2_prepress.pdf\">HERE<\/a>.<\/p>\t\t\t\t\t\t\t\t<\/div>\n\t\t\t\t<\/div>\n\t\t\t\t\t<\/div>\n\t\t\t\t<\/div>\n\t\t\t\t<\/div>","protected":false},"excerpt":{"rendered":"<p>Bro\u0161ure i katalozi ROSA VITA letak mo\u017eete preuzeti OVDJE. MED(I)RA Imuno Shot 15 deklaracije mo\u017eete preuzeti OVDJE. Letak MED(I)RA Protiv&#8230;<\/p>","protected":false},"author":1,"featured_media":0,"parent":0,"menu_order":0,"comment_status":"closed","ping_status":"closed","template":"","meta":{"footnotes":""},"class_list":["post-1826","page","type-page","status-publish","hentry"],"post-meta":{"_elementor_edit_mode":["builder"],"_elementor_template_type":["wp-page"],"_elementor_version":["3.27.0"],"_edit_lock":["1738750584:1"],"_wp_page_template":["default"],"_elementor_page_settings":["a:1:{s:18:\"eael_ext_toc_title\";s:17:\"Table of Contents\";}"],"_elementor_data":["[{\"id\":\"2b9efc0\",\"elType\":\"container\",\"settings\":[],\"elements\":[{\"id\":\"4efe5e5\",\"elType\":\"widget\",\"settings\":{\"title\":\"Bro\\u0161ure i katalozi\",\"align\":\"center\",\"text_shadow_text_shadow_type\":\"yes\",\"text_shadow_text_shadow\":{\"horizontal\":2,\"vertical\":2,\"blur\":2,\"color\":\"rgba(0,0,0,0.3)\"}},\"elements\":[],\"widgetType\":\"heading\"},{\"id\":\"b0d0eba\",\"elType\":\"widget\",\"settings\":{\"width\":{\"unit\":\"%\",\"size\":70,\"sizes\":[]},\"align\":\"center\",\"text\":\"Divider\",\"color\":\"#C2996B\",\"weight\":{\"unit\":\"px\",\"size\":2.5,\"sizes\":[]},\"gap\":{\"unit\":\"px\",\"size\":5,\"sizes\":[]}},\"elements\":[],\"widgetType\":\"divider\"}],\"isInner\":false},{\"id\":\"3ef8c6f\",\"elType\":\"container\",\"settings\":[],\"elements\":[{\"id\":\"7e5c857\",\"elType\":\"widget\",\"settings\":{\"editor\":\"<p>ROSA VITA letak mo\\u017eete preuzeti <a href=\\\"https:\\\/\\\/www.rosa-vita.com\\\/wp-content\\\/uploads\\\/2024\\\/12\\\/Rosa-Vita-Letak-Medira.pdf\\\">OVDJE<\\\/a>.<\\\/p><p>MED(I)RA Imuno Shot 15 deklaracije mo\\u017eete preuzeti <a href=\\\"https:\\\/\\\/www.rosa-vita.com\\\/wp-content\\\/uploads\\\/2025\\\/01\\\/DEKLARACIJA_ROSA-VITA_MIMS15_-2025.pdf\\\">OVDJE<\\\/a>.<\\\/p><p>Letak MED(I)RA Protiv umora i stresa mo\\u017eete preuzeti <a href=\\\"https:\\\/\\\/www.rosa-vita.com\\\/wp-content\\\/uploads\\\/2024\\\/12\\\/Rosa-Vita-Letak-Medira_2_prepress.pdf\\\">OVDJE<\\\/a>.<\\\/p>\"},\"elements\":[],\"widgetType\":\"text-editor\"}],\"isInner\":false}]"],"_eael_custom_js":[""],"_elementor_page_assets":["a:2:{s:6:\"styles\";a:2:{i:0;s:14:\"widget-heading\";i:1;s:14:\"widget-divider\";}s:7:\"scripts\";a:1:{i:0;s:18:\"elementor-frontend\";}}"],"_elementor_css":["a:6:{s:4:\"time\";i:1775658136;s:5:\"fonts\";a:0:{}s:5:\"icons\";a:0:{}s:20:\"dynamic_elements_ids\";a:0:{}s:6:\"status\";s:4:\"file\";i:0;s:0:\"\";}"],"_elementor_element_cache":["{\"timeout\":1776872922,\"value\":{\"content\":\"<div class=\\\"elementor-element elementor-element-2b9efc0 e-flex e-con-boxed e-con e-parent\\\" data-id=\\\"2b9efc0\\\" data-element_type=\\\"container\\\">\\n\\t\\t\\t\\t\\t<div class=\\\"e-con-inner\\\">\\n\\t\\t\\t\\t<div class=\\\"elementor-element elementor-element-4efe5e5 elementor-widget elementor-widget-heading\\\" data-id=\\\"4efe5e5\\\" data-element_type=\\\"widget\\\" data-widget_type=\\\"heading.default\\\">\\n\\t\\t\\t\\t<div class=\\\"elementor-widget-container\\\">\\n\\t\\t\\t\\t\\t<h2 class=\\\"elementor-heading-title elementor-size-default\\\">Bro\\u0161ure i katalozi<\\\/h2>\\t\\t\\t\\t<\\\/div>\\n\\t\\t\\t\\t<\\\/div>\\n\\t\\t\\t\\t<div class=\\\"elementor-element elementor-element-b0d0eba elementor-widget-divider--view-line elementor-widget elementor-widget-divider\\\" data-id=\\\"b0d0eba\\\" data-element_type=\\\"widget\\\" data-widget_type=\\\"divider.default\\\">\\n\\t\\t\\t\\t<div class=\\\"elementor-widget-container\\\">\\n\\t\\t\\t\\t\\t\\t\\t<div class=\\\"elementor-divider\\\">\\n\\t\\t\\t<span class=\\\"elementor-divider-separator\\\">\\n\\t\\t\\t\\t\\t\\t<\\\/span>\\n\\t\\t<\\\/div>\\n\\t\\t\\t\\t\\t\\t<\\\/div>\\n\\t\\t\\t\\t<\\\/div>\\n\\t\\t\\t\\t\\t<\\\/div>\\n\\t\\t\\t\\t<\\\/div>\\n\\t\\t<div class=\\\"elementor-element elementor-element-3ef8c6f e-flex e-con-boxed e-con e-parent\\\" data-id=\\\"3ef8c6f\\\" data-element_type=\\\"container\\\">\\n\\t\\t\\t\\t\\t<div class=\\\"e-con-inner\\\">\\n\\t\\t[elementor-element k=\\\"dadcf5640c9b8a74abcf6b202836d954\\\" data=\\\"eyJpZCI6IjdlNWM4NTciLCJlbFR5cGUiOiJ3aWRnZXQiLCJzZXR0aW5ncyI6eyJlZGl0b3IiOiI8cD5ST1NBIFZJVEEgbGV0YWsgbW9cdTAxN2VldGUgcHJldXpldGkgPGEgaHJlZj1cImh0dHBzOlwvXC93d3cucm9zYS12aXRhLmNvbVwvd3AtY29udGVudFwvdXBsb2Fkc1wvMjAyNFwvMTJcL1Jvc2EtVml0YS1MZXRhay1NZWRpcmEucGRmXCI+T1ZESkU8XC9hPi48XC9wPjxwPk1FRChJKVJBIEltdW5vIFNob3QgMTUgZGVrbGFyYWNpamUgbW9cdTAxN2VldGUgcHJldXpldGkgPGEgaHJlZj1cImh0dHBzOlwvXC93d3cucm9zYS12aXRhLmNvbVwvd3AtY29udGVudFwvdXBsb2Fkc1wvMjAyNVwvMDFcL0RFS0xBUkFDSUpBX1JPU0EtVklUQV9NSU1TMTVfLTIwMjUucGRmXCI+T1ZESkU8XC9hPi48XC9wPjxwPkxldGFrIE1FRChJKVJBIFByb3RpdiB1bW9yYSBpIHN0cmVzYSBtb1x1MDE3ZWV0ZSBwcmV1emV0aSA8YSBocmVmPVwiaHR0cHM6XC9cL3d3dy5yb3NhLXZpdGEuY29tXC93cC1jb250ZW50XC91cGxvYWRzXC8yMDI0XC8xMlwvUm9zYS1WaXRhLUxldGFrLU1lZGlyYV8yX3ByZXByZXNzLnBkZlwiPk9WREpFPFwvYT4uPFwvcD4ifSwiZWxlbWVudHMiOltdLCJ3aWRnZXRUeXBlIjoidGV4dC1lZGl0b3IifQ==\\\"]\\t\\t\\t<\\\/div>\\n\\t\\t\\t\\t<\\\/div>\\n\\t\\t\",\"scripts\":[],\"styles\":[]}}"]},"_links":{"self":[{"href":"https:\/\/www.rosa-vita.com\/en\/wp-json\/wp\/v2\/pages\/1826","targetHints":{"allow":["GET"]}}],"collection":[{"href":"https:\/\/www.rosa-vita.com\/en\/wp-json\/wp\/v2\/pages"}],"about":[{"href":"https:\/\/www.rosa-vita.com\/en\/wp-json\/wp\/v2\/types\/page"}],"author":[{"embeddable":true,"href":"https:\/\/www.rosa-vita.com\/en\/wp-json\/wp\/v2\/users\/1"}],"replies":[{"embeddable":true,"href":"https:\/\/www.rosa-vita.com\/en\/wp-json\/wp\/v2\/comments?post=1826"}],"version-history":[{"count":22,"href":"https:\/\/www.rosa-vita.com\/en\/wp-json\/wp\/v2\/pages\/1826\/revisions"}],"predecessor-version":[{"id":2244,"href":"https:\/\/www.rosa-vita.com\/en\/wp-json\/wp\/v2\/pages\/1826\/revisions\/2244"}],"wp:attachment":[{"href":"https:\/\/www.rosa-vita.com\/en\/wp-json\/wp\/v2\/media?parent=1826"}],"curies":[{"name":"wp","href":"https:\/\/api.w.org\/{rel}","templated":true}]}}