{"id":1824,"date":"2024-12-12T11:18:47","date_gmt":"2024-12-12T09:18:47","guid":{"rendered":"https:\/\/www.rosa-vita.com\/?page_id=1824"},"modified":"2024-12-23T10:47:36","modified_gmt":"2024-12-23T09:47:36","slug":"clanci","status":"publish","type":"page","link":"https:\/\/www.rosa-vita.com\/en\/clanci\/","title":{"rendered":"Research and papers"},"content":{"rendered":"<div data-elementor-type=\"wp-page\" data-elementor-id=\"1824\" class=\"elementor elementor-1824\">\n\t\t\t\t<div class=\"elementor-element elementor-element-e5cd12a e-flex e-con-boxed e-con e-parent\" data-id=\"e5cd12a\" data-element_type=\"container\">\n\t\t\t\t\t<div class=\"e-con-inner\">\n\t\t\t\t<div class=\"elementor-element elementor-element-7dccfee elementor-widget elementor-widget-heading\" data-id=\"7dccfee\" data-element_type=\"widget\" data-widget_type=\"heading.default\">\n\t\t\t\t<div class=\"elementor-widget-container\">\n\t\t\t\t\t<h2 class=\"elementor-heading-title elementor-size-default\">Research and papers<\/h2>\t\t\t\t<\/div>\n\t\t\t\t<\/div>\n\t\t\t\t<div class=\"elementor-element elementor-element-0e3ff92 elementor-widget-divider--view-line elementor-widget elementor-widget-divider\" data-id=\"0e3ff92\" data-element_type=\"widget\" data-widget_type=\"divider.default\">\n\t\t\t\t<div class=\"elementor-widget-container\">\n\t\t\t\t\t\t\t<div class=\"elementor-divider\">\n\t\t\t<span class=\"elementor-divider-separator\">\n\t\t\t\t\t\t<\/span>\n\t\t<\/div>\n\t\t\t\t\t\t<\/div>\n\t\t\t\t<\/div>\n\t\t\t\t\t<\/div>\n\t\t\t\t<\/div>\n\t\t<div class=\"elementor-element elementor-element-3a97a70 e-flex e-con-boxed e-con e-parent\" data-id=\"3a97a70\" data-element_type=\"container\">\n\t\t\t\t\t<div class=\"e-con-inner\">\n\t\t\t\t<div class=\"elementor-element elementor-element-0e464f4 elementor-widget elementor-widget-text-editor\" data-id=\"0e464f4\" data-element_type=\"widget\" data-widget_type=\"text-editor.default\">\n\t\t\t\t<div class=\"elementor-widget-container\">\n\t\t\t\t\t\t\t\t\t<p>Article form Food and Nutrition journal can be donloaded <a href=\"https:\/\/www.rosa-vita.com\/wp-content\/uploads\/2024\/12\/Hrana-i-ishrana-Medira.pdf\">HERE<\/a>.<\/p><p>In vitro antioxidant activity evaluation of rosmarinic acid\nand honey based supplement specialist paper can be downloaded<em> In Vitro ispitivanje antioksidativne aktivnosti preparata ruzmarinske kiseline i meda\u00a0<\/em>mo\u017eete preuzeti <a href=\"https:\/\/www.rosa-vita.com\/wp-content\/uploads\/2024\/12\/specijalisticki-rad-medira-konacna-verzija.pdf\">HERE<\/a>.<\/p>\t\t\t\t\t\t\t\t<\/div>\n\t\t\t\t<\/div>\n\t\t\t\t\t<\/div>\n\t\t\t\t<\/div>\n\t\t\t\t<\/div>","protected":false},"excerpt":{"rendered":"<p>Istra\u017eivanja i radovi \u010clanak iz \u010dasopisa Hrana i ishrana mo\u017eete preuzeti OVDJE. Specijalisti\u010dki rad In Vitro ispitivanje antioksidativne aktivnosti preparata&#8230;<\/p>","protected":false},"author":1,"featured_media":0,"parent":0,"menu_order":0,"comment_status":"closed","ping_status":"closed","template":"","meta":{"footnotes":""},"class_list":["post-1824","page","type-page","status-publish","hentry"],"post-meta":{"_elementor_edit_mode":["builder"],"_elementor_template_type":["wp-page"],"_elementor_version":["3.26.0"],"_edit_lock":["1738750600:1"],"_wp_page_template":["default"],"_elementor_page_settings":["a:1:{s:18:\"eael_ext_toc_title\";s:17:\"Table of Contents\";}"],"_elementor_data":["[{\"id\":\"e5cd12a\",\"elType\":\"container\",\"settings\":[],\"elements\":[{\"id\":\"7dccfee\",\"elType\":\"widget\",\"settings\":{\"title\":\"Istra\\u017eivanja i radovi\",\"align\":\"center\",\"text_shadow_text_shadow_type\":\"yes\",\"text_shadow_text_shadow\":{\"horizontal\":2,\"vertical\":2,\"blur\":2,\"color\":\"rgba(0,0,0,0.3)\"}},\"elements\":[],\"widgetType\":\"heading\"},{\"id\":\"0e3ff92\",\"elType\":\"widget\",\"settings\":{\"width\":{\"unit\":\"%\",\"size\":70,\"sizes\":[]},\"align\":\"center\",\"text\":\"Divider\",\"color\":\"#C2996B\",\"weight\":{\"unit\":\"px\",\"size\":2.5,\"sizes\":[]},\"gap\":{\"unit\":\"px\",\"size\":5,\"sizes\":[]}},\"elements\":[],\"widgetType\":\"divider\"}],\"isInner\":false},{\"id\":\"3a97a70\",\"elType\":\"container\",\"settings\":[],\"elements\":[{\"id\":\"0e464f4\",\"elType\":\"widget\",\"settings\":{\"editor\":\"<p>\\u010clanak iz \\u010dasopisa Hrana i ishrana mo\\u017eete preuzeti <a href=\\\"https:\\\/\\\/www.rosa-vita.com\\\/wp-content\\\/uploads\\\/2024\\\/12\\\/Hrana-i-ishrana-Medira.pdf\\\">OVDJE<\\\/a>.<\\\/p><p>Specijalisti\\u010dki rad<em> In Vitro ispitivanje antioksidativne aktivnosti preparata ruzmarinske kiseline i meda\\u00a0<\\\/em>mo\\u017eete preuzeti <a href=\\\"https:\\\/\\\/www.rosa-vita.com\\\/wp-content\\\/uploads\\\/2024\\\/12\\\/specijalisticki-rad-medira-konacna-verzija.pdf\\\">OVDJE<\\\/a>.<\\\/p>\"},\"elements\":[],\"widgetType\":\"text-editor\"}],\"isInner\":false}]"],"_eael_custom_js":[""],"_elementor_page_assets":["a:2:{s:6:\"styles\";a:2:{i:0;s:14:\"widget-heading\";i:1;s:14:\"widget-divider\";}s:7:\"scripts\";a:1:{i:0;s:18:\"elementor-frontend\";}}"],"_elementor_css":["a:6:{s:4:\"time\";i:1775652156;s:5:\"fonts\";a:0:{}s:5:\"icons\";a:0:{}s:20:\"dynamic_elements_ids\";a:0:{}s:6:\"status\";s:4:\"file\";i:0;s:0:\"\";}"],"_elementor_element_cache":["{\"timeout\":1776788721,\"value\":{\"content\":\"<div class=\\\"elementor-element elementor-element-e5cd12a e-flex e-con-boxed e-con e-parent\\\" data-id=\\\"e5cd12a\\\" data-element_type=\\\"container\\\">\\n\\t\\t\\t\\t\\t<div class=\\\"e-con-inner\\\">\\n\\t\\t\\t\\t<div class=\\\"elementor-element elementor-element-7dccfee elementor-widget elementor-widget-heading\\\" data-id=\\\"7dccfee\\\" data-element_type=\\\"widget\\\" data-widget_type=\\\"heading.default\\\">\\n\\t\\t\\t\\t<div class=\\\"elementor-widget-container\\\">\\n\\t\\t\\t\\t\\t<h2 class=\\\"elementor-heading-title elementor-size-default\\\">Istra\\u017eivanja i radovi<\\\/h2>\\t\\t\\t\\t<\\\/div>\\n\\t\\t\\t\\t<\\\/div>\\n\\t\\t\\t\\t<div class=\\\"elementor-element elementor-element-0e3ff92 elementor-widget-divider--view-line elementor-widget elementor-widget-divider\\\" data-id=\\\"0e3ff92\\\" data-element_type=\\\"widget\\\" data-widget_type=\\\"divider.default\\\">\\n\\t\\t\\t\\t<div class=\\\"elementor-widget-container\\\">\\n\\t\\t\\t\\t\\t\\t\\t<div class=\\\"elementor-divider\\\">\\n\\t\\t\\t<span class=\\\"elementor-divider-separator\\\">\\n\\t\\t\\t\\t\\t\\t<\\\/span>\\n\\t\\t<\\\/div>\\n\\t\\t\\t\\t\\t\\t<\\\/div>\\n\\t\\t\\t\\t<\\\/div>\\n\\t\\t\\t\\t\\t<\\\/div>\\n\\t\\t\\t\\t<\\\/div>\\n\\t\\t<div class=\\\"elementor-element elementor-element-3a97a70 e-flex e-con-boxed e-con e-parent\\\" data-id=\\\"3a97a70\\\" data-element_type=\\\"container\\\">\\n\\t\\t\\t\\t\\t<div class=\\\"e-con-inner\\\">\\n\\t\\t[elementor-element k=\\\"dadcf5640c9b8a74abcf6b202836d954\\\" data=\\\"eyJpZCI6IjBlNDY0ZjQiLCJlbFR5cGUiOiJ3aWRnZXQiLCJzZXR0aW5ncyI6eyJlZGl0b3IiOiI8cD5cdTAxMGNsYW5hayBpeiBcdTAxMGRhc29waXNhIEhyYW5hIGkgaXNocmFuYSBtb1x1MDE3ZWV0ZSBwcmV1emV0aSA8YSBocmVmPVwiaHR0cHM6XC9cL3d3dy5yb3NhLXZpdGEuY29tXC93cC1jb250ZW50XC91cGxvYWRzXC8yMDI0XC8xMlwvSHJhbmEtaS1pc2hyYW5hLU1lZGlyYS5wZGZcIj5PVkRKRTxcL2E+LjxcL3A+PHA+U3BlY2lqYWxpc3RpXHUwMTBka2kgcmFkPGVtPiBJbiBWaXRybyBpc3BpdGl2YW5qZSBhbnRpb2tzaWRhdGl2bmUgYWt0aXZub3N0aSBwcmVwYXJhdGEgcnV6bWFyaW5za2Uga2lzZWxpbmUgaSBtZWRhXHUwMGEwPFwvZW0+bW9cdTAxN2VldGUgcHJldXpldGkgPGEgaHJlZj1cImh0dHBzOlwvXC93d3cucm9zYS12aXRhLmNvbVwvd3AtY29udGVudFwvdXBsb2Fkc1wvMjAyNFwvMTJcL3NwZWNpamFsaXN0aWNraS1yYWQtbWVkaXJhLWtvbmFjbmEtdmVyemlqYS5wZGZcIj5PVkRKRTxcL2E+LjxcL3A+In0sImVsZW1lbnRzIjpbXSwid2lkZ2V0VHlwZSI6InRleHQtZWRpdG9yIn0=\\\"]\\t\\t\\t<\\\/div>\\n\\t\\t\\t\\t<\\\/div>\\n\\t\\t\",\"scripts\":[],\"styles\":[]}}"]},"_links":{"self":[{"href":"https:\/\/www.rosa-vita.com\/en\/wp-json\/wp\/v2\/pages\/1824","targetHints":{"allow":["GET"]}}],"collection":[{"href":"https:\/\/www.rosa-vita.com\/en\/wp-json\/wp\/v2\/pages"}],"about":[{"href":"https:\/\/www.rosa-vita.com\/en\/wp-json\/wp\/v2\/types\/page"}],"author":[{"embeddable":true,"href":"https:\/\/www.rosa-vita.com\/en\/wp-json\/wp\/v2\/users\/1"}],"replies":[{"embeddable":true,"href":"https:\/\/www.rosa-vita.com\/en\/wp-json\/wp\/v2\/comments?post=1824"}],"version-history":[{"count":19,"href":"https:\/\/www.rosa-vita.com\/en\/wp-json\/wp\/v2\/pages\/1824\/revisions"}],"predecessor-version":[{"id":2063,"href":"https:\/\/www.rosa-vita.com\/en\/wp-json\/wp\/v2\/pages\/1824\/revisions\/2063"}],"wp:attachment":[{"href":"https:\/\/www.rosa-vita.com\/en\/wp-json\/wp\/v2\/media?parent=1824"}],"curies":[{"name":"wp","href":"https:\/\/api.w.org\/{rel}","templated":true}]}}