{"id":1473,"date":"2024-12-03T13:30:10","date_gmt":"2024-12-03T11:30:10","guid":{"rendered":"https:\/\/www.rosa-vita.com\/?page_id=1473"},"modified":"2025-08-10T13:26:46","modified_gmt":"2025-08-10T12:26:46","slug":"o-nama","status":"publish","type":"page","link":"https:\/\/www.rosa-vita.com\/en\/o-nama\/","title":{"rendered":"About Us"},"content":{"rendered":"<div data-elementor-type=\"wp-page\" data-elementor-id=\"1473\" class=\"elementor elementor-1473\">\n\t\t\t\t<div class=\"elementor-element elementor-element-2fa401c e-flex e-con-boxed e-con e-parent\" data-id=\"2fa401c\" data-element_type=\"container\">\n\t\t\t\t\t<div class=\"e-con-inner\">\n\t\t<div class=\"elementor-element elementor-element-9916d2c e-grid e-con-full e-con e-child\" data-id=\"9916d2c\" data-element_type=\"container\">\n\t\t\t\t<div class=\"elementor-element elementor-element-bfa34f5 elementor-widget elementor-widget-heading\" data-id=\"bfa34f5\" data-element_type=\"widget\" data-widget_type=\"heading.default\">\n\t\t\t\t<div class=\"elementor-widget-container\">\n\t\t\t\t\t<h2 class=\"elementor-heading-title elementor-size-default\">\n\nO Nama...<\/h2>\t\t\t\t<\/div>\n\t\t\t\t<\/div>\n\t\t\t\t<div class=\"elementor-element elementor-element-d83b2dd elementor-widget elementor-widget-image\" data-id=\"d83b2dd\" data-element_type=\"widget\" data-widget_type=\"image.default\">\n\t\t\t\t<div class=\"elementor-widget-container\">\n\t\t\t\t\t\t\t\t\t\t\t\t\t\t\t<img decoding=\"async\" src=\"https:\/\/www.rosa-vita.com\/wp-content\/uploads\/elementor\/thumbs\/DJI_0250-1-scaled-ra1vwaxju4hzkwf0et0usyfp7lsuusgn2wpibtl2i8.jpg\" title=\"DCIM105MEDIADJI_0250.JPG\" alt=\"DCIM105MEDIADJI_0250.JPG\" loading=\"lazy\" \/>\t\t\t\t\t\t\t\t\t\t\t\t\t\t\t<\/div>\n\t\t\t\t<\/div>\n\t\t\t\t<\/div>\n\t\t\t\t<div class=\"elementor-element elementor-element-145e31c elementor-widget elementor-widget-text-editor\" data-id=\"145e31c\" data-element_type=\"widget\" data-widget_type=\"text-editor.default\">\n\t\t\t\t<div class=\"elementor-widget-container\">\n\t\t\t\t\t\t\t\t\t<p><strong>ROSA VITA<\/strong> je brend tvrtke <a href=\"http:\/\/www.svijet-biljaka.hr\" target=\"_blank\" rel=\"noopener\">Svijet biljaka<\/a>, sa srcem i korijenima u Vodnjanu \u2014 gradi\u0107u poznatom po svojim aromati\u010dnim poljima i dugoj tradiciji kori\u0161tenja ljekovitog bilja.<\/p><p>Na\u0161a pri\u010da nadovezuje se na bogatu ba\u0161tinu ovog kraja i rad Bartolomea Biasoletta \u2013 glasovitog botani\u010dara koji je svoje znanje i strast gradio me\u0111u raznolikim aromati\u010dnim kulturama. Danas tu tradiciju nastavljamo suvremenim pristupom, povezuju\u0107i znanost i prirodu s istim po\u0161tovanjem koje su gajili i oni prije nas.<\/p><p>Iz tog bogatstva prirode izdvajamo jedan poseban dar &#8211; <strong>ru\u017emarinsku kiselinu<\/strong>.<br \/>Ona je srce na\u0161ih proizvoda: <strong>mo\u0107an prirodni antioksidans<\/strong> koji \u0161titi stanice, usporava znakove starenja, ja\u010da imunitet i vra\u0107a vitalnost tijelu i umu. Dobivamo je patentiranom metodom protustrujne hidrosolne ekstrakcije, kojom iz biljaka izvla\u010dimo maksimalnu snagu i \u010disto\u0107u aktivnih tvari &#8211; bez kemijskih otapala i s potpunim o\u010duvanjem njihove prirodne vrijednosti.<\/p><p>ROSA VITA proizvodi &#8211; od dodataka prehrani i funkcionalnih napitaka do prirodne anti-age kozmetike &#8211; nastaju s jednim ciljem: <strong>da vam pomognu osje\u0107ati se sna\u017enije, izgledati ljep\u0161e i \u017eivjeti skladnije<\/strong>.<\/p><p>Vi\u0161e o ru\u017emarinskoj kiselini mo\u017eete pro\u010ditati <a href=\"https:\/\/www.rosa-vita.com\/en\/o-ruzmarinskoj-kiselini-ra\/\">HERE<\/a>.<\/p>\t\t\t\t\t\t\t\t<\/div>\n\t\t\t\t<\/div>\n\t\t\t\t\t<\/div>\n\t\t\t\t<\/div>\n\t\t\t\t<\/div>","protected":false},"excerpt":{"rendered":"<p>O Nama&#8230; ROSA VITA je brend tvrtke Svijet biljaka, sa srcem i korijenima u Vodnjanu \u2014 gradi\u0107u poznatom po svojim&#8230;<\/p>","protected":false},"author":1,"featured_media":1242,"parent":0,"menu_order":0,"comment_status":"closed","ping_status":"closed","template":"","meta":{"footnotes":""},"class_list":["post-1473","page","type-page","status-publish","has-post-thumbnail","hentry"],"post-meta":{"_edit_lock":["1754833691:6"],"_eb_attr":[""],"footnotes":[""],"_edit_last":["1"],"site-container":["default"],"site-header-transparent":["default"],"site-page-header":["default"],"site-sidebar":["default"],"_elementor_edit_mode":["builder"],"_elementor_template_type":["wp-page"],"_elementor_version":["3.30.4"],"_elementor_pro_version":["3.25.4"],"_wp_page_template":["default"],"_elementor_page_settings":["a:3:{s:18:\"eael_ext_toc_title\";s:17:\"Table of Contents\";s:21:\"background_background\";s:7:\"classic\";s:16:\"background_image\";a:5:{s:3:\"url\";s:69:\"https:\/\/www.rosa-vita.com\/wp-content\/uploads\/2024\/12\/Background-2.jpg\";s:2:\"id\";i:1787;s:4:\"size\";s:0:\"\";s:3:\"alt\";s:0:\"\";s:6:\"source\";s:7:\"library\";}}"],"_elementor_data":["[{\"id\":\"2fa401c\",\"elType\":\"container\",\"settings\":[],\"elements\":[{\"id\":\"9916d2c\",\"elType\":\"container\",\"settings\":{\"container_type\":\"grid\",\"presetTitle\":\"Grid\",\"presetIcon\":\"eicon-container-grid\",\"content_width\":\"full\",\"min_height\":{\"unit\":\"px\",\"size\":0,\"sizes\":[]},\"grid_columns_grid\":{\"unit\":\"fr\",\"size\":2,\"sizes\":[]},\"grid_rows_grid\":{\"unit\":\"fr\",\"size\":1,\"sizes\":[]}},\"elements\":[{\"id\":\"bfa34f5\",\"elType\":\"widget\",\"settings\":{\"title\":\"\\n\\nO Nama...\",\"align\":\"center\",\"text_shadow_text_shadow_type\":\"yes\",\"text_shadow_text_shadow\":{\"horizontal\":2,\"vertical\":2,\"blur\":2,\"color\":\"rgba(0,0,0,0.3)\"},\"_flex_align_self\":\"center\"},\"elements\":[],\"widgetType\":\"heading\"},{\"id\":\"d83b2dd\",\"elType\":\"widget\",\"settings\":{\"image\":{\"url\":\"https:\\\/\\\/www.rosa-vita.com\\\/wp-content\\\/uploads\\\/2025\\\/08\\\/DJI_0250-1-scaled.jpg\",\"id\":2360,\"size\":\"\",\"alt\":\"\",\"source\":\"library\"},\"align\":\"center\",\"height\":{\"unit\":\"px\",\"size\":150,\"sizes\":[]},\"object-fit\":\"cover\",\"image_size\":\"custom\",\"image_custom_dimension\":{\"width\":\"10000\",\"height\":\"1048\"}},\"elements\":[],\"widgetType\":\"image\"}],\"isInner\":true},{\"id\":\"145e31c\",\"elType\":\"widget\",\"settings\":{\"editor\":\"<p><strong>ROSA VITA<\\\/strong> je brend tvrtke <a href=\\\"http:\\\/\\\/www.svijet-biljaka.hr\\\" target=\\\"_blank\\\" rel=\\\"noopener\\\">Svijet biljaka<\\\/a>, sa srcem i korijenima u Vodnjanu \\u2014 gradi\\u0107u poznatom po svojim aromati\\u010dnim poljima i dugoj tradiciji kori\\u0161tenja ljekovitog bilja.<\\\/p><p>Na\\u0161a pri\\u010da nadovezuje se na bogatu ba\\u0161tinu ovog kraja i rad Bartolomea Biasoletta \\u2013 glasovitog botani\\u010dara koji je svoje znanje i strast gradio me\\u0111u raznolikim aromati\\u010dnim kulturama. Danas tu tradiciju nastavljamo suvremenim pristupom, povezuju\\u0107i znanost i prirodu s istim po\\u0161tovanjem koje su gajili i oni prije nas.<\\\/p><p>Iz tog bogatstva prirode izdvajamo jedan poseban dar - <strong>ru\\u017emarinsku kiselinu<\\\/strong>.<br \\\/>Ona je srce na\\u0161ih proizvoda: <strong>mo\\u0107an prirodni antioksidans<\\\/strong> koji \\u0161titi stanice, usporava znakove starenja, ja\\u010da imunitet i vra\\u0107a vitalnost tijelu i umu. Dobivamo je patentiranom metodom protustrujne hidrosolne ekstrakcije, kojom iz biljaka izvla\\u010dimo maksimalnu snagu i \\u010disto\\u0107u aktivnih tvari - bez kemijskih otapala i s potpunim o\\u010duvanjem njihove prirodne vrijednosti.<\\\/p><p>ROSA VITA proizvodi - od dodataka prehrani i funkcionalnih napitaka do prirodne anti-age kozmetike - nastaju s jednim ciljem: <strong>da vam pomognu osje\\u0107ati se sna\\u017enije, izgledati ljep\\u0161e i \\u017eivjeti skladnije<\\\/strong>.<\\\/p><p>Vi\\u0161e o ru\\u017emarinskoj kiselini mo\\u017eete pro\\u010ditati <a href=\\\"https:\\\/\\\/www.rosa-vita.com\\\/o-ruzmarinskoj-kiselini-ra\\\/\\\">OVDJE<\\\/a>.<\\\/p>\"},\"elements\":[],\"widgetType\":\"text-editor\"}],\"isInner\":false}]"],"_eb_reusable_block_ids":["a:0:{}"],"_eael_custom_js":[""],"_thumbnail_id":["1242"],"_elementor_page_assets":["a:2:{s:6:\"styles\";a:2:{i:0;s:14:\"widget-heading\";i:1;s:12:\"widget-image\";}s:7:\"scripts\";a:1:{i:0;s:18:\"elementor-frontend\";}}"],"_elementor_css":["a:6:{s:4:\"time\";i:1775723474;s:5:\"fonts\";a:0:{}s:5:\"icons\";a:0:{}s:20:\"dynamic_elements_ids\";a:0:{}s:6:\"status\";s:4:\"file\";i:0;s:0:\"\";}"],"_elementor_element_cache":["{\"timeout\":1776255190,\"value\":{\"content\":\"<div class=\\\"elementor-element elementor-element-2fa401c e-flex e-con-boxed e-con e-parent\\\" data-id=\\\"2fa401c\\\" data-element_type=\\\"container\\\">\\n\\t\\t\\t\\t\\t<div class=\\\"e-con-inner\\\">\\n\\t\\t<div class=\\\"elementor-element elementor-element-9916d2c e-grid e-con-full e-con e-child\\\" data-id=\\\"9916d2c\\\" data-element_type=\\\"container\\\">\\n\\t\\t\\t\\t<div class=\\\"elementor-element elementor-element-bfa34f5 elementor-widget elementor-widget-heading\\\" data-id=\\\"bfa34f5\\\" data-element_type=\\\"widget\\\" data-widget_type=\\\"heading.default\\\">\\n\\t\\t\\t\\t<div class=\\\"elementor-widget-container\\\">\\n\\t\\t\\t\\t\\t<h2 class=\\\"elementor-heading-title elementor-size-default\\\">\\n\\nO Nama...<\\\/h2>\\t\\t\\t\\t<\\\/div>\\n\\t\\t\\t\\t<\\\/div>\\n\\t\\t\\t\\t<div class=\\\"elementor-element elementor-element-d83b2dd elementor-widget elementor-widget-image\\\" data-id=\\\"d83b2dd\\\" data-element_type=\\\"widget\\\" data-widget_type=\\\"image.default\\\">\\n\\t\\t\\t\\t<div class=\\\"elementor-widget-container\\\">\\n\\t\\t\\t\\t\\t\\t\\t\\t\\t\\t\\t\\t\\t\\t\\t<img src=\\\"https:\\\/\\\/www.rosa-vita.com\\\/wp-content\\\/uploads\\\/elementor\\\/thumbs\\\/DJI_0250-1-scaled-ra1vwaxju4hzkwf0et0usyfp7lsuusgn2wpibtl2i8.jpg\\\" title=\\\"DCIM105MEDIADJI_0250.JPG\\\" alt=\\\"DCIM105MEDIADJI_0250.JPG\\\" loading=\\\"lazy\\\" \\\/>\\t\\t\\t\\t\\t\\t\\t\\t\\t\\t\\t\\t\\t\\t\\t<\\\/div>\\n\\t\\t\\t\\t<\\\/div>\\n\\t\\t\\t\\t<\\\/div>\\n\\t\\t[elementor-element k=\\\"dadcf5640c9b8a74abcf6b202836d954\\\" data=\\\"eyJpZCI6IjE0NWUzMWMiLCJlbFR5cGUiOiJ3aWRnZXQiLCJzZXR0aW5ncyI6eyJlZGl0b3IiOiI8cD48c3Ryb25nPlJPU0EgVklUQTxcL3N0cm9uZz4gamUgYnJlbmQgdHZydGtlIDxhIGhyZWY9XCJodHRwOlwvXC93d3cuc3ZpamV0LWJpbGpha2EuaHJcIiB0YXJnZXQ9XCJfYmxhbmtcIiByZWw9XCJub29wZW5lclwiPlN2aWpldCBiaWxqYWthPFwvYT4sIHNhIHNyY2VtIGkga29yaWplbmltYSB1IFZvZG5qYW51IFx1MjAxNCBncmFkaVx1MDEwN3UgcG96bmF0b20gcG8gc3ZvamltIGFyb21hdGlcdTAxMGRuaW0gcG9samltYSBpIGR1Z29qIHRyYWRpY2lqaSBrb3JpXHUwMTYxdGVuamEgbGpla292aXRvZyBiaWxqYS48XC9wPjxwPk5hXHUwMTYxYSBwcmlcdTAxMGRhIG5hZG92ZXp1amUgc2UgbmEgYm9nYXR1IGJhXHUwMTYxdGludSBvdm9nIGtyYWphIGkgcmFkIEJhcnRvbG9tZWEgQmlhc29sZXR0YSBcdTIwMTMgZ2xhc292aXRvZyBib3RhbmlcdTAxMGRhcmEga29qaSBqZSBzdm9qZSB6bmFuamUgaSBzdHJhc3QgZ3JhZGlvIG1lXHUwMTExdSByYXpub2xpa2ltIGFyb21hdGlcdTAxMGRuaW0ga3VsdHVyYW1hLiBEYW5hcyB0dSB0cmFkaWNpanUgbmFzdGF2bGphbW8gc3V2cmVtZW5pbSBwcmlzdHVwb20sIHBvdmV6dWp1XHUwMTA3aSB6bmFub3N0IGkgcHJpcm9kdSBzIGlzdGltIHBvXHUwMTYxdG92YW5qZW0ga29qZSBzdSBnYWppbGkgaSBvbmkgcHJpamUgbmFzLjxcL3A+PHA+SXogdG9nIGJvZ2F0c3R2YSBwcmlyb2RlIGl6ZHZhamFtbyBqZWRhbiBwb3NlYmFuIGRhciAtIDxzdHJvbmc+cnVcdTAxN2VtYXJpbnNrdSBraXNlbGludTxcL3N0cm9uZz4uPGJyIFwvPk9uYSBqZSBzcmNlIG5hXHUwMTYxaWggcHJvaXp2b2RhOiA8c3Ryb25nPm1vXHUwMTA3YW4gcHJpcm9kbmkgYW50aW9rc2lkYW5zPFwvc3Ryb25nPiBrb2ppIFx1MDE2MXRpdGkgc3RhbmljZSwgdXNwb3JhdmEgem5ha292ZSBzdGFyZW5qYSwgamFcdTAxMGRhIGltdW5pdGV0IGkgdnJhXHUwMTA3YSB2aXRhbG5vc3QgdGlqZWx1IGkgdW11LiBEb2JpdmFtbyBqZSBwYXRlbnRpcmFub20gbWV0b2RvbSBwcm90dXN0cnVqbmUgaGlkcm9zb2xuZSBla3N0cmFrY2lqZSwga29qb20gaXogYmlsamFrYSBpenZsYVx1MDEwZGltbyBtYWtzaW1hbG51IHNuYWd1IGkgXHUwMTBkaXN0b1x1MDEwN3UgYWt0aXZuaWggdHZhcmkgLSBiZXoga2VtaWpza2loIG90YXBhbGEgaSBzIHBvdHB1bmltIG9cdTAxMGR1dmFuamVtIG5qaWhvdmUgcHJpcm9kbmUgdnJpamVkbm9zdGkuPFwvcD48cD5ST1NBIFZJVEEgcHJvaXp2b2RpIC0gb2QgZG9kYXRha2EgcHJlaHJhbmkgaSBmdW5rY2lvbmFsbmloIG5hcGl0YWthIGRvIHByaXJvZG5lIGFudGktYWdlIGtvem1ldGlrZSAtIG5hc3RhanUgcyBqZWRuaW0gY2lsamVtOiA8c3Ryb25nPmRhIHZhbSBwb21vZ251IG9zamVcdTAxMDdhdGkgc2Ugc25hXHUwMTdlbmlqZSwgaXpnbGVkYXRpIGxqZXBcdTAxNjFlIGkgXHUwMTdlaXZqZXRpIHNrbGFkbmlqZTxcL3N0cm9uZz4uPFwvcD48cD5WaVx1MDE2MWUgbyBydVx1MDE3ZW1hcmluc2tvaiBraXNlbGluaSBtb1x1MDE3ZWV0ZSBwcm9cdTAxMGRpdGF0aSA8YSBocmVmPVwiaHR0cHM6XC9cL3d3dy5yb3NhLXZpdGEuY29tXC9vLXJ1em1hcmluc2tvai1raXNlbGluaS1yYVwvXCI+T1ZESkU8XC9hPi48XC9wPiJ9LCJlbGVtZW50cyI6W10sIndpZGdldFR5cGUiOiJ0ZXh0LWVkaXRvciJ9\\\"]\\t\\t\\t<\\\/div>\\n\\t\\t\\t\\t<\\\/div>\\n\\t\\t\",\"scripts\":[],\"styles\":[]}}"]},"_links":{"self":[{"href":"https:\/\/www.rosa-vita.com\/en\/wp-json\/wp\/v2\/pages\/1473","targetHints":{"allow":["GET"]}}],"collection":[{"href":"https:\/\/www.rosa-vita.com\/en\/wp-json\/wp\/v2\/pages"}],"about":[{"href":"https:\/\/www.rosa-vita.com\/en\/wp-json\/wp\/v2\/types\/page"}],"author":[{"embeddable":true,"href":"https:\/\/www.rosa-vita.com\/en\/wp-json\/wp\/v2\/users\/1"}],"replies":[{"embeddable":true,"href":"https:\/\/www.rosa-vita.com\/en\/wp-json\/wp\/v2\/comments?post=1473"}],"version-history":[{"count":43,"href":"https:\/\/www.rosa-vita.com\/en\/wp-json\/wp\/v2\/pages\/1473\/revisions"}],"predecessor-version":[{"id":2363,"href":"https:\/\/www.rosa-vita.com\/en\/wp-json\/wp\/v2\/pages\/1473\/revisions\/2363"}],"wp:featuredmedia":[{"embeddable":true,"href":"https:\/\/www.rosa-vita.com\/en\/wp-json\/wp\/v2\/media\/1242"}],"wp:attachment":[{"href":"https:\/\/www.rosa-vita.com\/en\/wp-json\/wp\/v2\/media?parent=1473"}],"curies":[{"name":"wp","href":"https:\/\/api.w.org\/{rel}","templated":true}]}}